{"id":34784,"date":"2022-09-24T15:37:46","date_gmt":"2022-09-24T13:37:46","guid":{"rendered":"https:\/\/staging6.peach-pump.com\/products\/besavne-tamnoplave-sportske-tajice-visokog-struka\/"},"modified":"2025-11-10T20:24:45","modified_gmt":"2025-11-10T18:24:45","slug":"besavne-tamnoplave-tajice-visoki-struk","status":"publish","type":"product","link":"https:\/\/staging6.peach-pump.com\/hr\/products\/besavne-tamnoplave-tajice-visoki-struk\/","title":{"rendered":"Be\u0161avne tamnoplave sportske tajice visokog struka"},"content":{"rendered":"<p>Be\u0161avne sportske tajice u tamnoplavoj boji s omiljenim Peach Pump efektom, savr\u0161eno oblikuju tijelo i stvaraju osje\u0107aj lako\u0107e i udobnosti. Tajice su izra\u0111ene od uske be\u0161avne tkanine, imaju visok struk i rebrasti pojas koji ste\u017ee struk i oblikuje ga. Model je pogodan za \u0161etnju ili teretanu, s njim \u0107ete se istaknuti i impresionirati svakoga.  Ovaj model mo\u017eete kombinirati sa sportskim grudnjakom u istom dezenu ili pogledajte na\u0161e ostale boje u rubrici &#8211; Sportska odjela. Tajice su izra\u0111ene od u\u017eeg materijala, na\u0161 model nosi veli\u010dinu M.  <\/p>\n<ul>\n<li>Visok struk<\/li>\n<li>Tkanina bez \u0161avova<\/li>\n<li>Podi\u017eu, oblikuju, prikrivaju problemati\u010dna podru\u010dja<\/li>\n<li>Rips pojas koji omotava ki\u010dmu.<\/li>\n<li>Peachy efekt<\/li>\n<li>Bez \u0161avova sprijeda<\/li>\n<li>Toplinski zape\u010da\u0107eni logo Peach Pump na stra\u017enjoj strani tajice<\/li>\n<li>Tehnologija za odvo\u0111enje znoja<\/li>\n<\/ul>\n<p> Sastav: 80% poliester 20% elastan. Tajice se mogu prati na temperaturi do 30 stupnjeva, nemojte koristiti izbjeljiva\u010d \u200b\u200bniti kemijsko \u010di\u0161\u0107enje. Manekenka na slici je visoka 178 cm, te\u0161ka 54 kg i nosi veli\u010dinu M. Tajice su od uskog materijala. Koristite tablice za odabir to\u010dne veli\u010dine.<\/p>\n","protected":false},"excerpt":{"rendered":"<p>Be\u0161avne sportske tajice u tamnoplavoj boji s omiljenim Peach Pump efektom, savr\u0161eno oblikuju tijelo i stvaraju osje\u0107aj lako\u0107e i udobnosti. Tajice su izra\u0111ene od uske be\u0161avne tkanine, imaju visok struk i rebrasti pojas koji ste\u017ee struk i oblikuje ga. Model je pogodan za \u0161etnju ili teretanu, s njim \u0107ete se istaknuti i impresionirati svakoga. Ovaj [&hellip;]<\/p>\n","protected":false},"featured_media":20464,"comment_status":"open","ping_status":"closed","template":"","meta":[],"product_brand":[],"product_cat":[136,293],"product_tag":[],"class_list":{"0":"post-34784","1":"product","2":"type-product","3":"status-publish","4":"has-post-thumbnail","6":"product_cat-zenske-sportske-tajice","7":"product_cat-zenske-tajice-duge","8":"pa_cviat-plava","9":"pa_razmer-l-hr","10":"pa_razmer-m-hr","11":"pa_razmer-s-hr-2","12":"inventories-world","13":"inventories-uk","15":"first","16":"instock","17":"taxable","18":"shipping-taxable","19":"purchasable","20":"product-type-variable"},"_links":{"self":[{"href":"https:\/\/staging6.peach-pump.com\/en\/wp-json\/wp\/v2\/product\/34784","targetHints":{"allow":["GET"]}}],"collection":[{"href":"https:\/\/staging6.peach-pump.com\/en\/wp-json\/wp\/v2\/product"}],"about":[{"href":"https:\/\/staging6.peach-pump.com\/en\/wp-json\/wp\/v2\/types\/product"}],"replies":[{"embeddable":true,"href":"https:\/\/staging6.peach-pump.com\/en\/wp-json\/wp\/v2\/comments?post=34784"}],"version-history":[{"count":0,"href":"https:\/\/staging6.peach-pump.com\/en\/wp-json\/wp\/v2\/product\/34784\/revisions"}],"wp:featuredmedia":[{"embeddable":true,"href":"https:\/\/staging6.peach-pump.com\/en\/wp-json\/wp\/v2\/media\/20464"}],"wp:attachment":[{"href":"https:\/\/staging6.peach-pump.com\/en\/wp-json\/wp\/v2\/media?parent=34784"}],"wp:term":[{"taxonomy":"product_brand","embeddable":true,"href":"https:\/\/staging6.peach-pump.com\/en\/wp-json\/wp\/v2\/product_brand?post=34784"},{"taxonomy":"product_cat","embeddable":true,"href":"https:\/\/staging6.peach-pump.com\/en\/wp-json\/wp\/v2\/product_cat?post=34784"},{"taxonomy":"product_tag","embeddable":true,"href":"https:\/\/staging6.peach-pump.com\/en\/wp-json\/wp\/v2\/product_tag?post=34784"}],"curies":[{"name":"wp","href":"https:\/\/api.w.org\/{rel}","templated":true}]}}