{"id":34797,"date":"2022-09-19T17:03:13","date_gmt":"2022-09-19T15:03:13","guid":{"rendered":"https:\/\/staging6.peach-pump.com\/products\/besavni-dvodijelni-sportski-komplet-u-crnoj-boji\/"},"modified":"2025-05-19T12:11:45","modified_gmt":"2025-05-19T10:11:45","slug":"besavni-sportski-komplet-crne-boje","status":"publish","type":"product","link":"https:\/\/staging6.peach-pump.com\/hr\/products\/besavni-sportski-komplet-crne-boje\/","title":{"rendered":"Be\u0161avni dvodijelni sportski komplet u crnoj boji"},"content":{"rendered":"<p>\u017denski be\u0161avni dvodijelni sportski komplet u crnoj boji s formiraju\u0107im i lifting efektom. Tajice su izra\u0111ene od udobne, be\u0161avne tkanine s visokim strukom i \u0161irokim rips pojasom koji nje\u017eno ste\u017ee i lijepo oblikuje struk. Sportski grudnjak ima podstavu,duboko izrezan stra\u017enji dio i \u010detverorazinsko kop\u010danje koje regulira opseg prsa. Ovaj set savr\u0161eno pristaje uz tijelo i oblikuje figuru, udoban je za dame koje se aktivno bave sportom. O sportskom grudnjaku: <\/p>\n<ul>\n<li>Ugra\u0111ena podstava<\/li>\n<li>Push-up efekt<\/li>\n<li>Duboki rez na le\u0111ima<\/li>\n<li>Velika elasti\u010dnost<\/li>\n<li>\u010cetverorazinsko kop\u010danje<\/li>\n<li>Toplinski zape\u010da\u0107eni logo Peach Pump na bo\u010dnoj strani grudnjaka<\/li>\n<li>Tehnologija za odvo\u0111enje znoja<\/li>\n<\/ul>\n<p> O tajicama: <\/p>\n<ul>\n<li>Visok struk<\/li>\n<li>Tkanina bez \u0161avova<\/li>\n<li>Podi\u017eu, oblikuju, prikrivaju problemati\u010dna podru\u010dja<\/li>\n<li>Rips pojas koji omotava ki\u010dmu.<\/li>\n<li>Peachy efekt<\/li>\n<li>Bez \u0161avova sprijeda<\/li>\n<li>Toplinski zape\u010da\u0107eni logo Peach Pump na stra\u017enjoj strani tajice<\/li>\n<li>Tehnologija za odvo\u0111enje znoja<\/li>\n<\/ul>\n<p> Sastav: 80% poliester 20% elastan. Komplet se mo\u017ee prati na temperaturi do 30 stupnjeva, molimo ne mojte koristiti izbjeljiva\u010d \u200b\u200bniti kemijsko \u010di\u0161\u0107enje. Manekenka na fotografiji visoka je 178 cm, te\u0161ka 54 kg i pozira s grudima veli\u010dine S\/M i tajicama veli\u010dine M. Koristite tablice za odabir to\u010dne veli\u010dine.<\/p>\n","protected":false},"excerpt":{"rendered":"<p>\u017denski be\u0161avni dvodijelni sportski komplet u crnoj boji s formiraju\u0107im i lifting efektom. Tajice su izra\u0111ene od udobne, be\u0161avne tkanine s visokim strukom i \u0161irokim rips pojasom koji nje\u017eno ste\u017ee i lijepo oblikuje struk. Sportski grudnjak ima podstavu,duboko izrezan stra\u017enji dio i \u010detverorazinsko kop\u010danje koje regulira opseg prsa. Ovaj set savr\u0161eno pristaje uz tijelo i [&hellip;]<\/p>\n","protected":false},"featured_media":20271,"comment_status":"open","ping_status":"closed","template":"","meta":[],"product_brand":[],"product_cat":[342,344],"product_tag":[],"class_list":{"0":"post-34797","1":"product","2":"type-product","3":"status-publish","4":"has-post-thumbnail","6":"product_cat-zenska-sportska-kombinacije","7":"product_cat-sportski-kompleti-tajica","8":"pa_cviat-crno","9":"pa_razmer-l-hr","10":"pa_razmer-m-hr","11":"pa_razmer-s-hr-2","12":"inventories-world","13":"inventories-uk","15":"first","16":"instock","17":"virtual","18":"taxable","19":"purchasable","20":"product-type-yith_bundle"},"_links":{"self":[{"href":"https:\/\/staging6.peach-pump.com\/en\/wp-json\/wp\/v2\/product\/34797","targetHints":{"allow":["GET"]}}],"collection":[{"href":"https:\/\/staging6.peach-pump.com\/en\/wp-json\/wp\/v2\/product"}],"about":[{"href":"https:\/\/staging6.peach-pump.com\/en\/wp-json\/wp\/v2\/types\/product"}],"replies":[{"embeddable":true,"href":"https:\/\/staging6.peach-pump.com\/en\/wp-json\/wp\/v2\/comments?post=34797"}],"version-history":[{"count":0,"href":"https:\/\/staging6.peach-pump.com\/en\/wp-json\/wp\/v2\/product\/34797\/revisions"}],"wp:featuredmedia":[{"embeddable":true,"href":"https:\/\/staging6.peach-pump.com\/en\/wp-json\/wp\/v2\/media\/20271"}],"wp:attachment":[{"href":"https:\/\/staging6.peach-pump.com\/en\/wp-json\/wp\/v2\/media?parent=34797"}],"wp:term":[{"taxonomy":"product_brand","embeddable":true,"href":"https:\/\/staging6.peach-pump.com\/en\/wp-json\/wp\/v2\/product_brand?post=34797"},{"taxonomy":"product_cat","embeddable":true,"href":"https:\/\/staging6.peach-pump.com\/en\/wp-json\/wp\/v2\/product_cat?post=34797"},{"taxonomy":"product_tag","embeddable":true,"href":"https:\/\/staging6.peach-pump.com\/en\/wp-json\/wp\/v2\/product_tag?post=34797"}],"curies":[{"name":"wp","href":"https:\/\/api.w.org\/{rel}","templated":true}]}}