{"id":34822,"date":"2022-09-03T17:22:12","date_gmt":"2022-09-03T15:22:12","guid":{"rendered":"https:\/\/staging6.peach-pump.com\/products\/crni-sportski-grudnjak-s-podstavom-i-mrezicom-spektakularnog-seksi-dizajna\/"},"modified":"2025-11-05T17:22:47","modified_gmt":"2025-11-05T15:22:47","slug":"crni-sportski-grudnjak-podstave-mrezasti","status":"publish","type":"product","link":"https:\/\/staging6.peach-pump.com\/hr\/products\/crni-sportski-grudnjak-podstave-mrezasti\/","title":{"rendered":"Poprsje s podstavom i mre\u017eicom, spektakularnog seksi dizajna u crnoj boji"},"content":{"rendered":"<p>\u017denska sportski grudnjak zanimljivog dizajna i podstavom. Model ima V izrez i finu mre\u017eicu koja dr\u017ei grudi i stvara vrlo lijepu seksi siluetu. Sportski grudnjak ima zanimljiva le\u0111a i \u0161iroku gumicu za udobnost i potpunu slobodu kretanja. Dostupan je i u bijeloj boji. <\/p>\n<ul>\n<li>Ugra\u0111ena podstava<\/li>\n<li>V-izrez s mre\u017eicom<\/li>\n<li>Kri\u017eni elementi na le\u0111ima<\/li>\n<li>Velika elasti\u010dnost<\/li>\n<li>Toplinski zavaren logo Peach Pump na lijevoj strani pazuha<\/li>\n<li>Tehnologija za odvo\u0111enje znoja<\/li>\n<\/ul>\n<p>  Sastav: 80% poliester 20% elastan. Bustier se mo\u017ee prati na temperaturi ne vi\u0161oj od 30 stupnjeva, nemojte koristiti izbjeljiva\u010d ili kemijsko \u010di\u0161\u0107enje. Manekenka na fotografiji je visoka 178 cm, te\u0161ka 54 kg i nosi veli\u010dinu M.<br \/>Koristite tablice za odabir to\u010dne veli\u010dine. &nbsp;<\/p>\n","protected":false},"excerpt":{"rendered":"<p>\u017denska sportski grudnjak zanimljivog dizajna i podstavom. Model ima V izrez i finu mre\u017eicu koja dr\u017ei grudi i stvara vrlo lijepu seksi siluetu. Sportski grudnjak ima zanimljiva le\u0111a i \u0161iroku gumicu za udobnost i potpunu slobodu kretanja. Dostupan je i u bijeloj boji. Ugra\u0111ena podstava V-izrez s mre\u017eicom Kri\u017eni elementi na le\u0111ima Velika elasti\u010dnost Toplinski [&hellip;]<\/p>\n","protected":false},"featured_media":19601,"comment_status":"open","ping_status":"closed","template":"","meta":[],"product_brand":[],"product_cat":[341],"product_tag":[],"class_list":{"0":"post-34822","1":"product","2":"type-product","3":"status-publish","4":"has-post-thumbnail","6":"product_cat-sportski-grudnjaci","7":"pa_cviat-crno","8":"pa_razmer-l-hr","9":"pa_razmer-m-hr","10":"pa_razmer-s-hr-2","11":"inventories-world","12":"inventories-uk","14":"first","15":"instock","16":"sale","17":"taxable","18":"shipping-taxable","19":"purchasable","20":"product-type-variable"},"_links":{"self":[{"href":"https:\/\/staging6.peach-pump.com\/hr\/wp-json\/wp\/v2\/product\/34822","targetHints":{"allow":["GET"]}}],"collection":[{"href":"https:\/\/staging6.peach-pump.com\/hr\/wp-json\/wp\/v2\/product"}],"about":[{"href":"https:\/\/staging6.peach-pump.com\/hr\/wp-json\/wp\/v2\/types\/product"}],"replies":[{"embeddable":true,"href":"https:\/\/staging6.peach-pump.com\/hr\/wp-json\/wp\/v2\/comments?post=34822"}],"version-history":[{"count":0,"href":"https:\/\/staging6.peach-pump.com\/hr\/wp-json\/wp\/v2\/product\/34822\/revisions"}],"wp:featuredmedia":[{"embeddable":true,"href":"https:\/\/staging6.peach-pump.com\/hr\/wp-json\/wp\/v2\/media\/19601"}],"wp:attachment":[{"href":"https:\/\/staging6.peach-pump.com\/hr\/wp-json\/wp\/v2\/media?parent=34822"}],"wp:term":[{"taxonomy":"product_brand","embeddable":true,"href":"https:\/\/staging6.peach-pump.com\/hr\/wp-json\/wp\/v2\/product_brand?post=34822"},{"taxonomy":"product_cat","embeddable":true,"href":"https:\/\/staging6.peach-pump.com\/hr\/wp-json\/wp\/v2\/product_cat?post=34822"},{"taxonomy":"product_tag","embeddable":true,"href":"https:\/\/staging6.peach-pump.com\/hr\/wp-json\/wp\/v2\/product_tag?post=34822"}],"curies":[{"name":"wp","href":"https:\/\/api.w.org\/{rel}","templated":true}]}}