{"id":34838,"date":"2022-08-19T10:49:04","date_gmt":"2022-08-19T08:49:04","guid":{"rendered":"https:\/\/staging6.peach-pump.com\/products\/kamuflazne-sportske-tajice-s-dzepovima-i-crnim-nogavicama\/"},"modified":"2025-11-02T19:17:50","modified_gmt":"2025-11-02T17:17:50","slug":"kamuflazne-tajice-s-dzepovima-i-crnog-elementa","status":"publish","type":"product","link":"https:\/\/staging6.peach-pump.com\/hr\/products\/kamuflazne-tajice-s-dzepovima-i-crnog-elementa\/","title":{"rendered":"Kamufla\u017ene sportske tajice s d\u017eepovima i crnim nogavicama"},"content":{"rendered":"<p>Tajice s d\u017eepovima u kamufla\u017enom dezenu i crnim elementima od mekane, formiraju\u0107e tkanine. Tajice imaju visok struk, spektakularan dizajn koji savr\u0161eno pristaje uz tijelo, d\u017eepovi imaju polo\u017eaj koji ne\u0107e poremetiti Va\u0161u udobnost tijekom vje\u017ebanja, model je s Peachy efektom. Mo\u017eete ih kombinirati uz jaknu ili sportskog grudnjaka u istom dezenu.<\/p>\n<ul>\n<li>Visok struk<\/li>\n<li>Peachy efekt<\/li>\n<li>D\u017eepovi su straga, NISU imitacija<\/li>\n<li>Toplinski zape\u010da\u0107eni logo Peach Pump na stra\u017enjoj strani tajice<\/li>\n<li>Materijal za odvo\u0111enje znoja<\/li>\n<\/ul>\n<p>Sastav: 80% poliester 20% elastan<\/p>\n<p>Tajice se mogu prati na temperaturi do 30 stupnjeva, nemojte koristiti izbjeljiva\u010d \u200b\u200bniti kemijsko \u010di\u0161\u0107enje.<\/p>\n<p>Manekenka na fotografiji je visoka 178 cm, te\u0161ka 54 kg i nosi veli\u010dinu M.<\/p>\n<p>Koristite tablice za odabir to\u010dne veli\u010dine.<\/p>\n","protected":false},"excerpt":{"rendered":"<p>Tajice s d\u017eepovima u kamufla\u017enom dezenu i crnim elementima od mekane, formiraju\u0107e tkanine. Tajice imaju visok struk, spektakularan dizajn koji savr\u0161eno pristaje uz tijelo, d\u017eepovi imaju polo\u017eaj koji ne\u0107e poremetiti Va\u0161u udobnost tijekom vje\u017ebanja, model je s Peachy efektom. Mo\u017eete ih kombinirati uz jaknu ili sportskog grudnjaka u istom dezenu. Visok struk Peachy efekt D\u017eepovi [&hellip;]<\/p>\n","protected":false},"featured_media":106559,"comment_status":"open","ping_status":"closed","template":"","meta":[],"product_brand":[],"product_cat":[136,293,195],"product_tag":[],"class_list":{"0":"post-34838","1":"product","2":"type-product","3":"status-publish","4":"has-post-thumbnail","6":"product_cat-zenske-sportske-tajice","7":"product_cat-zenske-tajice-duge","8":"product_cat-tajice-s-dzepovima","9":"pa_cviat-kamuflazna-crna","10":"pa_razmer-l-hr","11":"pa_razmer-m-hr","12":"pa_razmer-s-hr-2","13":"inventories-world","14":"inventories-uk","16":"first","17":"instock","18":"taxable","19":"shipping-taxable","20":"purchasable","21":"product-type-variable"},"_links":{"self":[{"href":"https:\/\/staging6.peach-pump.com\/hr\/wp-json\/wp\/v2\/product\/34838","targetHints":{"allow":["GET"]}}],"collection":[{"href":"https:\/\/staging6.peach-pump.com\/hr\/wp-json\/wp\/v2\/product"}],"about":[{"href":"https:\/\/staging6.peach-pump.com\/hr\/wp-json\/wp\/v2\/types\/product"}],"replies":[{"embeddable":true,"href":"https:\/\/staging6.peach-pump.com\/hr\/wp-json\/wp\/v2\/comments?post=34838"}],"version-history":[{"count":0,"href":"https:\/\/staging6.peach-pump.com\/hr\/wp-json\/wp\/v2\/product\/34838\/revisions"}],"wp:featuredmedia":[{"embeddable":true,"href":"https:\/\/staging6.peach-pump.com\/hr\/wp-json\/wp\/v2\/media\/106559"}],"wp:attachment":[{"href":"https:\/\/staging6.peach-pump.com\/hr\/wp-json\/wp\/v2\/media?parent=34838"}],"wp:term":[{"taxonomy":"product_brand","embeddable":true,"href":"https:\/\/staging6.peach-pump.com\/hr\/wp-json\/wp\/v2\/product_brand?post=34838"},{"taxonomy":"product_cat","embeddable":true,"href":"https:\/\/staging6.peach-pump.com\/hr\/wp-json\/wp\/v2\/product_cat?post=34838"},{"taxonomy":"product_tag","embeddable":true,"href":"https:\/\/staging6.peach-pump.com\/hr\/wp-json\/wp\/v2\/product_tag?post=34838"}],"curies":[{"name":"wp","href":"https:\/\/api.w.org\/{rel}","templated":true}]}}