{"id":34912,"date":"2022-07-04T17:55:01","date_gmt":"2022-07-04T15:55:01","guid":{"rendered":"https:\/\/staging6.peach-pump.com\/products\/zenske-crne-tajice-s-korzetom-visokog-struka\/"},"modified":"2025-11-10T18:31:59","modified_gmt":"2025-11-10T16:31:59","slug":"crne-tajice-s-korzetom-visokog-struka","status":"publish","type":"product","link":"https:\/\/staging6.peach-pump.com\/hr\/products\/crne-tajice-s-korzetom-visokog-struka\/","title":{"rendered":"\u017denske crne tajice s korzetom visokog struka"},"content":{"rendered":"<p>\u017denske crne tajice s ugra\u0111enim korzetom, kop\u010danjem u 3 razine. Tajice su dizajnirane za smanjenje opsega struka i ima blagi efekt saune, idealan za \u017eene nakon poroda koje se \u017eele brzo vratiti u savr\u0161enu formu. Pogodan je za sna\u017ene vje\u017ebe i cross fit vje\u017ebe ili aerobik poput tr\u010danja i joge. Korzet je tvrd, elasti\u010dan, tajice su od laganog materijala koji se brzo su\u0161i.<\/p>\n<ul>\n<li>Visok struk<\/li>\n<li>Korzet koji omotava ki\u010dmu<\/li>\n<li>Podesivo kop\u010danje u struku<\/li>\n<li>Materijal koji se brzo su\u0161i<\/li>\n<li>Toplinski zape\u010da\u0107eni logo Peach Pump na stra\u017enjoj strani tajice<\/li>\n<\/ul>\n<p>Sastav: 80% poliester 20% elastan<\/p>\n<p>Tajice se mogu prati na temperaturi do 30 stupnjeva, nemojte koristiti izbjeljiva\u010d \u200b\u200bniti kemijsko \u010di\u0161\u0107enje.<\/p>\n<p>Manekenka na fotografiji visoka je 178 cm, te\u0161ka 54 kg i nosi veli\u010dinu M.<\/p>\n<p>Koristite tablice za odabir to\u010dne veli\u010dine.<\/p>\n","protected":false},"excerpt":{"rendered":"<p>\u017denske crne tajice s ugra\u0111enim korzetom, kop\u010danjem u 3 razine. Tajice su dizajnirane za smanjenje opsega struka i ima blagi efekt saune, idealan za \u017eene nakon poroda koje se \u017eele brzo vratiti u savr\u0161enu formu. Pogodan je za sna\u017ene vje\u017ebe i cross fit vje\u017ebe ili aerobik poput tr\u010danja i joge. Korzet je tvrd, elasti\u010dan, tajice [&hellip;]<\/p>\n","protected":false},"featured_media":15406,"comment_status":"open","ping_status":"closed","template":"","meta":[],"product_brand":[],"product_cat":[136,293],"product_tag":[],"class_list":{"0":"post-34912","1":"product","2":"type-product","3":"status-publish","4":"has-post-thumbnail","6":"product_cat-zenske-sportske-tajice","7":"product_cat-zenske-tajice-duge","8":"pa_cviat-crno","9":"pa_razmer-l-hr","10":"pa_razmer-m-hr","11":"pa_razmer-s-hr-2","12":"inventories-world","13":"inventories-uk","15":"first","16":"instock","17":"taxable","18":"shipping-taxable","19":"purchasable","20":"product-type-variable"},"_links":{"self":[{"href":"https:\/\/staging6.peach-pump.com\/en\/wp-json\/wp\/v2\/product\/34912","targetHints":{"allow":["GET"]}}],"collection":[{"href":"https:\/\/staging6.peach-pump.com\/en\/wp-json\/wp\/v2\/product"}],"about":[{"href":"https:\/\/staging6.peach-pump.com\/en\/wp-json\/wp\/v2\/types\/product"}],"replies":[{"embeddable":true,"href":"https:\/\/staging6.peach-pump.com\/en\/wp-json\/wp\/v2\/comments?post=34912"}],"version-history":[{"count":0,"href":"https:\/\/staging6.peach-pump.com\/en\/wp-json\/wp\/v2\/product\/34912\/revisions"}],"wp:featuredmedia":[{"embeddable":true,"href":"https:\/\/staging6.peach-pump.com\/en\/wp-json\/wp\/v2\/media\/15406"}],"wp:attachment":[{"href":"https:\/\/staging6.peach-pump.com\/en\/wp-json\/wp\/v2\/media?parent=34912"}],"wp:term":[{"taxonomy":"product_brand","embeddable":true,"href":"https:\/\/staging6.peach-pump.com\/en\/wp-json\/wp\/v2\/product_brand?post=34912"},{"taxonomy":"product_cat","embeddable":true,"href":"https:\/\/staging6.peach-pump.com\/en\/wp-json\/wp\/v2\/product_cat?post=34912"},{"taxonomy":"product_tag","embeddable":true,"href":"https:\/\/staging6.peach-pump.com\/en\/wp-json\/wp\/v2\/product_tag?post=34912"}],"curies":[{"name":"wp","href":"https:\/\/api.w.org\/{rel}","templated":true}]}}