{"id":34955,"date":"2022-06-19T11:04:18","date_gmt":"2022-06-19T09:04:18","guid":{"rendered":"https:\/\/staging6.peach-pump.com\/products\/bijeli-portski-grudnjak-s-mrezicom-i-podstavom-seksi-dizajna\/"},"modified":"2025-10-17T19:53:52","modified_gmt":"2025-10-17T17:53:52","slug":"bijeli-grudnjak-s-mrezicom-seksi-dizajna","status":"publish","type":"product","link":"https:\/\/staging6.peach-pump.com\/hr\/products\/bijeli-grudnjak-s-mrezicom-seksi-dizajna\/","title":{"rendered":"Bijeli sportski grudnjak s mre\u017eicom i podstavom seksi dizajna"},"content":{"rendered":"<p>Sportski bijeli portski grudnjak s mre\u017eicom, zanimljivog dizajna i podstavom. Model ima V izrez i finu mre\u017eicu koja dr\u017ei grudi i stvara vrlo lijepu seksi siluetu. Sportski grudnjak ima zanimljiva le\u0111a i \u0161iroku gumicu za udobnost i potpunu slobodu kretanja. Dostupan je i u crnoj boji.<\/p>\n<ul>\n<li>Ugra\u0111ena podstava<\/li>\n<li>V-izrez s mre\u017eicom<\/li>\n<li>Kri\u017eni elementi na le\u0111ima<\/li>\n<li>Velika elasti\u010dnost<\/li>\n<li>Toplinski zape\u010da\u0107eni logo Peach Pump na lijevom dijelu ispod ruke<\/li>\n<li>Tehnologija za odvo\u0111enje znoja<\/li>\n<li>Seksi dizajn<\/li>\n<\/ul>\n<p>Sastav: 80% poliester 20% elastan<\/p>\n<p>Grudnjak se mo\u017ee prati na temperaturi do 30 stupnjeva, molimo nemojte koristiti izbjeljiva\u010d niti kemijsko \u010di\u0161\u0107enje.<\/p>\n<p>Manekenka na fotografiji visoka je 178 cm, te\u0161ka 54 kg i nosi veli\u010dinu M.<\/p>\n<p>Koristite tablice za odabir to\u010dne veli\u010dine.<\/p>\n","protected":false},"excerpt":{"rendered":"<p>Sportski bijeli portski grudnjak s mre\u017eicom, zanimljivog dizajna i podstavom. Model ima V izrez i finu mre\u017eicu koja dr\u017ei grudi i stvara vrlo lijepu seksi siluetu. Sportski grudnjak ima zanimljiva le\u0111a i \u0161iroku gumicu za udobnost i potpunu slobodu kretanja. Dostupan je i u crnoj boji. Ugra\u0111ena podstava V-izrez s mre\u017eicom Kri\u017eni elementi na le\u0111ima [&hellip;]<\/p>\n","protected":false},"featured_media":17734,"comment_status":"open","ping_status":"closed","template":"","meta":[],"product_brand":[],"product_cat":[341],"product_tag":[],"class_list":{"0":"post-34955","1":"product","2":"type-product","3":"status-publish","4":"has-post-thumbnail","6":"product_cat-sportski-grudnjaci","7":"pa_cviat-bijel","8":"pa_razmer-l-hr","9":"pa_razmer-m-hr","10":"pa_razmer-s-hr-2","11":"inventories-world","12":"inventories-uk","14":"first","15":"instock","16":"sale","17":"taxable","18":"shipping-taxable","19":"purchasable","20":"product-type-variable"},"_links":{"self":[{"href":"https:\/\/staging6.peach-pump.com\/hr\/wp-json\/wp\/v2\/product\/34955","targetHints":{"allow":["GET"]}}],"collection":[{"href":"https:\/\/staging6.peach-pump.com\/hr\/wp-json\/wp\/v2\/product"}],"about":[{"href":"https:\/\/staging6.peach-pump.com\/hr\/wp-json\/wp\/v2\/types\/product"}],"replies":[{"embeddable":true,"href":"https:\/\/staging6.peach-pump.com\/hr\/wp-json\/wp\/v2\/comments?post=34955"}],"version-history":[{"count":0,"href":"https:\/\/staging6.peach-pump.com\/hr\/wp-json\/wp\/v2\/product\/34955\/revisions"}],"wp:featuredmedia":[{"embeddable":true,"href":"https:\/\/staging6.peach-pump.com\/hr\/wp-json\/wp\/v2\/media\/17734"}],"wp:attachment":[{"href":"https:\/\/staging6.peach-pump.com\/hr\/wp-json\/wp\/v2\/media?parent=34955"}],"wp:term":[{"taxonomy":"product_brand","embeddable":true,"href":"https:\/\/staging6.peach-pump.com\/hr\/wp-json\/wp\/v2\/product_brand?post=34955"},{"taxonomy":"product_cat","embeddable":true,"href":"https:\/\/staging6.peach-pump.com\/hr\/wp-json\/wp\/v2\/product_cat?post=34955"},{"taxonomy":"product_tag","embeddable":true,"href":"https:\/\/staging6.peach-pump.com\/hr\/wp-json\/wp\/v2\/product_tag?post=34955"}],"curies":[{"name":"wp","href":"https:\/\/api.w.org\/{rel}","templated":true}]}}