{"id":40642,"date":"2023-05-14T12:28:02","date_gmt":"2023-05-14T10:28:02","guid":{"rendered":"https:\/\/staging6.peach-pump.com\/products\/bijela-sportska-bluza-s-patentnim-zatvaracem\/"},"modified":"2025-11-05T09:52:06","modified_gmt":"2025-11-05T07:52:06","slug":"bijela-sportska-bluza-s-patentnim-zatvaracem","status":"publish","type":"product","link":"https:\/\/staging6.peach-pump.com\/hr\/products\/bijela-sportska-bluza-s-patentnim-zatvaracem\/","title":{"rendered":"Bijela sportska bluza s patentnim zatvara\u010dem"},"content":{"rendered":"<p>Bijela sportska bluza s patentnim zatvara\u010dem od meke rips tkanine s otvorom za pal\u010deve. Bluza ima dvostruki patentni zatvara\u010d, mo\u017ee se koristiti i kao gornja odje\u0107a. Pogodana je za fitnes vje\u017ebe, jogu, tenis i \u0161etnje. Tkanina od koje je izra\u0111en je prozra\u010dna i ne ostavlja tragove znojenja, uz ovaj model \u0107ete se osje\u0107ati udobno i samouvjereno.  <\/p>\n<ul>\n<li>Rips materijal<\/li>\n<li>Dvostruki patentni zatvara\u010d<\/li>\n<li>Velika elasti\u010dnost<\/li>\n<li>Toplinski zape\u010da\u0107eno Peach Pump na prednjem dijelu bluze<\/li>\n<li>Tehnologija za odvo\u0111enje znoja<\/li>\n<\/ul>\n<p>  Sastav: 80% poliester 20% elastan Bluza se pere na temperaturi do 30 stupnjeva, nemojte koristiti izbjeljiva\u010d niti kemijsko \u010di\u0161\u0107enje. Model na fotografiji visok je 178 cm, te\u017eak 54 kg i nosi veli\u010dinu S. Za odabir odgovaraju\u0107e veli\u010dine koristite tablicu veli\u010dina. S grudi 80-90cm M grudi 90-100cm L grudi 100-110cm<\/p>\n","protected":false},"excerpt":{"rendered":"<p>Bijela sportska bluza s patentnim zatvara\u010dem od meke rips tkanine s otvorom za pal\u010deve. Bluza ima dvostruki patentni zatvara\u010d, mo\u017ee se koristiti i kao gornja odje\u0107a. Pogodana je za fitnes vje\u017ebe, jogu, tenis i \u0161etnje. Tkanina od koje je izra\u0111en je prozra\u010dna i ne ostavlja tragove znojenja, uz ovaj model \u0107ete se osje\u0107ati udobno i [&hellip;]<\/p>\n","protected":false},"featured_media":111177,"comment_status":"open","ping_status":"closed","template":"","meta":[],"product_brand":[],"product_cat":[340],"product_tag":[],"class_list":{"0":"post-40642","1":"product","2":"type-product","3":"status-publish","4":"has-post-thumbnail","6":"product_cat-zenske-bluze-sportske","7":"pa_cviat-bijel","8":"pa_razmer-l-hr","9":"pa_razmer-m-hr","10":"pa_razmer-s-hr-2","11":"inventories-world","12":"inventories-uk","14":"first","15":"instock","16":"taxable","17":"shipping-taxable","18":"purchasable","19":"product-type-variable"},"_links":{"self":[{"href":"https:\/\/staging6.peach-pump.com\/en\/wp-json\/wp\/v2\/product\/40642","targetHints":{"allow":["GET"]}}],"collection":[{"href":"https:\/\/staging6.peach-pump.com\/en\/wp-json\/wp\/v2\/product"}],"about":[{"href":"https:\/\/staging6.peach-pump.com\/en\/wp-json\/wp\/v2\/types\/product"}],"replies":[{"embeddable":true,"href":"https:\/\/staging6.peach-pump.com\/en\/wp-json\/wp\/v2\/comments?post=40642"}],"version-history":[{"count":0,"href":"https:\/\/staging6.peach-pump.com\/en\/wp-json\/wp\/v2\/product\/40642\/revisions"}],"wp:featuredmedia":[{"embeddable":true,"href":"https:\/\/staging6.peach-pump.com\/en\/wp-json\/wp\/v2\/media\/111177"}],"wp:attachment":[{"href":"https:\/\/staging6.peach-pump.com\/en\/wp-json\/wp\/v2\/media?parent=40642"}],"wp:term":[{"taxonomy":"product_brand","embeddable":true,"href":"https:\/\/staging6.peach-pump.com\/en\/wp-json\/wp\/v2\/product_brand?post=40642"},{"taxonomy":"product_cat","embeddable":true,"href":"https:\/\/staging6.peach-pump.com\/en\/wp-json\/wp\/v2\/product_cat?post=40642"},{"taxonomy":"product_tag","embeddable":true,"href":"https:\/\/staging6.peach-pump.com\/en\/wp-json\/wp\/v2\/product_tag?post=40642"}],"curies":[{"name":"wp","href":"https:\/\/api.w.org\/{rel}","templated":true}]}}