{"id":40728,"date":"2023-05-20T19:47:41","date_gmt":"2023-05-20T17:47:41","guid":{"rendered":"https:\/\/staging6.peach-pump.com\/products\/dvodijelni-komplet-u-bez-boji-za-setnju-i-sport\/"},"modified":"2024-08-28T12:55:02","modified_gmt":"2024-08-28T10:55:02","slug":"dvodijelni-komplet-bez","status":"publish","type":"product","link":"https:\/\/staging6.peach-pump.com\/hr\/products\/dvodijelni-komplet-bez\/","title":{"rendered":"Dvodijelni komplet u be\u017e boji za \u0161etnju i sport"},"content":{"rendered":"<p>Be\u017e dvodijelni komplet s charleston tajicama bez \u0161ava sprijeda, oblikuje tijelo i siluetu, produ\u017euju\u0107i noge i uvla\u010de\u0107i struk. Vrlo moderan i spektakularan za sezonu. Kombinira se sa sportskim grudnjakom u istom dezenu. Nudimo Vam izbor izme\u0111u dvije opcije s jednom naramenicom ili podesivim vezicama na le\u0111ima. Koji god od ova dva modela odaberete, ne\u0107ete pro\u0107i nezapa\u017eeno. Materijal sportskog kompleta izra\u0111en je od finog ripsa, vrlo elasti\u010dan i disajni, ne dopu\u0161ta znojenje. Uz ovaj model imat \u0107ete potpunu slobodu kretanja.<\/p>\n<p>Sportski grudnjak:<\/p>\n<ul>\n<li>Rips tkanina<\/li>\n<li>Toplinski zape\u010da\u0107eni logo &#8216;Peach Pump&#8217; na prednjoj lijevoj strani grudnjaka<\/li>\n<li>Velika elasti\u010dnost<\/li>\n<li>Be\u0161avna rips tkanina<\/li>\n<li>Podstava koja se mo\u017ee ukloniti<\/li>\n<li>Podesive stra\u017enje vezice<\/li>\n<\/ul>\n<p>Tajice:<\/p>\n<ul>\n<li>\u0160iroka nogavica tipa Charleston s prorezima pri kraju<\/li>\n<li>Bez \u0161avova sprijeda<\/li>\n<li>Oblikuje i prikriva problemati\u010dna podru\u010dja<\/li>\n<li>Elasti\u010dna tkanina<\/li>\n<li>Bez Peachy efekat<\/li>\n<li>Toplinski zape\u010da\u0107eni logo Peach Pump na stra\u017enjoj strani tajice<\/li>\n<li>Tkanina koja odvodi vlagu s tijela<\/li>\n<li>Zanimljiv dizajn<\/li>\n<li>Visok struk<\/li>\n<\/ul>\n<p>Sastav: 80% poliester 20% elastan<\/p>\n<p>Manekenka na fotografiji visoka je 178 cm, ima 54 kg i nosi veli\u010dinu M za sportskog grudnjaka i tajice<\/p>\n<p>Tajice u sportski grudnjak se mogu prati na temperaturi do 30 stupnjeva, nemojte koristiti izbjeljiva\u010d ili kemijsko \u010di\u0161\u0107enje.<\/p>\n","protected":false},"excerpt":{"rendered":"<p>Be\u017e dvodijelni komplet s charleston tajicama bez \u0161ava sprijeda, oblikuje tijelo i siluetu, produ\u017euju\u0107i noge i uvla\u010de\u0107i struk. Vrlo moderan i spektakularan za sezonu. Kombinira se sa sportskim grudnjakom u istom dezenu. Nudimo Vam izbor izme\u0111u dvije opcije s jednom naramenicom ili podesivim vezicama na le\u0111ima. Koji god od ova dva modela odaberete, ne\u0107ete pro\u0107i [&hellip;]<\/p>\n","protected":false},"featured_media":39340,"comment_status":"open","ping_status":"closed","template":"","meta":[],"product_brand":[],"product_cat":[342,344],"product_tag":[],"class_list":{"0":"post-40728","1":"product","2":"type-product","3":"status-publish","4":"has-post-thumbnail","6":"product_cat-zenska-sportska-kombinacije","7":"product_cat-sportski-kompleti-tajica","8":"pa_cviat-bez","9":"pa_razmer-m-hr","10":"pa_razmer-s-hr-2","11":"inventories-world","12":"inventories-uk","14":"first","15":"instock","16":"virtual","17":"taxable","18":"purchasable","19":"product-type-yith_bundle"},"_links":{"self":[{"href":"https:\/\/staging6.peach-pump.com\/en\/wp-json\/wp\/v2\/product\/40728","targetHints":{"allow":["GET"]}}],"collection":[{"href":"https:\/\/staging6.peach-pump.com\/en\/wp-json\/wp\/v2\/product"}],"about":[{"href":"https:\/\/staging6.peach-pump.com\/en\/wp-json\/wp\/v2\/types\/product"}],"replies":[{"embeddable":true,"href":"https:\/\/staging6.peach-pump.com\/en\/wp-json\/wp\/v2\/comments?post=40728"}],"version-history":[{"count":0,"href":"https:\/\/staging6.peach-pump.com\/en\/wp-json\/wp\/v2\/product\/40728\/revisions"}],"wp:featuredmedia":[{"embeddable":true,"href":"https:\/\/staging6.peach-pump.com\/en\/wp-json\/wp\/v2\/media\/39340"}],"wp:attachment":[{"href":"https:\/\/staging6.peach-pump.com\/en\/wp-json\/wp\/v2\/media?parent=40728"}],"wp:term":[{"taxonomy":"product_brand","embeddable":true,"href":"https:\/\/staging6.peach-pump.com\/en\/wp-json\/wp\/v2\/product_brand?post=40728"},{"taxonomy":"product_cat","embeddable":true,"href":"https:\/\/staging6.peach-pump.com\/en\/wp-json\/wp\/v2\/product_cat?post=40728"},{"taxonomy":"product_tag","embeddable":true,"href":"https:\/\/staging6.peach-pump.com\/en\/wp-json\/wp\/v2\/product_tag?post=40728"}],"curies":[{"name":"wp","href":"https:\/\/api.w.org\/{rel}","templated":true}]}}