{"id":40734,"date":"2023-05-20T20:01:26","date_gmt":"2023-05-20T18:01:26","guid":{"rendered":"https:\/\/staging6.peach-pump.com\/products\/spektakularne-tajice-tipa-charleston-u-crnoj-boji\/"},"modified":"2025-11-04T18:38:12","modified_gmt":"2025-11-04T16:38:12","slug":"spektakularne-tajice-tipa-charleston-u-crnoj-boji","status":"publish","type":"product","link":"https:\/\/staging6.peach-pump.com\/hr\/products\/spektakularne-tajice-tipa-charleston-u-crnoj-boji\/","title":{"rendered":"Spektakularne tajice tipa charleston u crnoj boji"},"content":{"rendered":"<p>Najnoviji hit, crne Charleston tajice bez \u0161avova sprijeda, oblikuju tijelo i siluetu, izdu\u017euju\u0107i noge i ste\u017eu\u0107i struk. Vrlo moderan i spektakularan za sezonu. Kombinira se sa sportskim grudnjakom u istom dezenu. Tkanina sportskih tajica je od finog ripsa, vrlo elasti\u010dana i disajna, ne dopu\u0161ta znojenje. Uz ovaj model imat \u0107ete potpunu slobodu kretanja.  <\/p>\n<ul>\n<li>\u0160iroka nogavica tipa Charleston s prorezima pri kraju<\/li>\n<li>Bez \u0161avova sprijeda<\/li>\n<li>Oblikuje i prikriva problemati\u010dna podru\u010dja<\/li>\n<li>Elasti\u010dna tkanina<\/li>\n<li>Bez Peachy efekat<\/li>\n<li>Toplinski zape\u010da\u0107eni logo Peach Pump na stra\u017enjoj strani tajice<\/li>\n<li>Tkanina koja odvodi vlagu s tijela<\/li>\n<li>Zanimljiv dizajn<\/li>\n<li>Visok struk<\/li>\n<\/ul>\n<p> Sastav: 80% poliester 20% elastan. Manekenka na fotografiji je visoka 178 cm, te\u0161ka 54 kg i nosi veli\u010dinu M. Tajice se peru na temperaturi do 30 stupnjeva, nemojte ih izbjeljivati \u200b\u200bniti \u010distiti na kemijsko pranje.<\/p>\n","protected":false},"excerpt":{"rendered":"<p>Najnoviji hit, crne Charleston tajice bez \u0161avova sprijeda, oblikuju tijelo i siluetu, izdu\u017euju\u0107i noge i ste\u017eu\u0107i struk. Vrlo moderan i spektakularan za sezonu. Kombinira se sa sportskim grudnjakom u istom dezenu. Tkanina sportskih tajica je od finog ripsa, vrlo elasti\u010dana i disajna, ne dopu\u0161ta znojenje. Uz ovaj model imat \u0107ete potpunu slobodu kretanja. \u0160iroka nogavica [&hellip;]<\/p>\n","protected":false},"featured_media":39408,"comment_status":"open","ping_status":"closed","template":"","meta":[],"product_brand":[],"product_cat":[136,293],"product_tag":[],"class_list":{"0":"post-40734","1":"product","2":"type-product","3":"status-publish","4":"has-post-thumbnail","6":"product_cat-zenske-sportske-tajice","7":"product_cat-zenske-tajice-duge","8":"pa_cviat-crno","9":"pa_razmer-l-hr","10":"pa_razmer-m-hr","11":"pa_razmer-s-hr-2","12":"inventories-world","13":"inventories-uk","15":"first","16":"instock","17":"taxable","18":"shipping-taxable","19":"purchasable","20":"product-type-variable"},"_links":{"self":[{"href":"https:\/\/staging6.peach-pump.com\/en\/wp-json\/wp\/v2\/product\/40734","targetHints":{"allow":["GET"]}}],"collection":[{"href":"https:\/\/staging6.peach-pump.com\/en\/wp-json\/wp\/v2\/product"}],"about":[{"href":"https:\/\/staging6.peach-pump.com\/en\/wp-json\/wp\/v2\/types\/product"}],"replies":[{"embeddable":true,"href":"https:\/\/staging6.peach-pump.com\/en\/wp-json\/wp\/v2\/comments?post=40734"}],"version-history":[{"count":0,"href":"https:\/\/staging6.peach-pump.com\/en\/wp-json\/wp\/v2\/product\/40734\/revisions"}],"wp:featuredmedia":[{"embeddable":true,"href":"https:\/\/staging6.peach-pump.com\/en\/wp-json\/wp\/v2\/media\/39408"}],"wp:attachment":[{"href":"https:\/\/staging6.peach-pump.com\/en\/wp-json\/wp\/v2\/media?parent=40734"}],"wp:term":[{"taxonomy":"product_brand","embeddable":true,"href":"https:\/\/staging6.peach-pump.com\/en\/wp-json\/wp\/v2\/product_brand?post=40734"},{"taxonomy":"product_cat","embeddable":true,"href":"https:\/\/staging6.peach-pump.com\/en\/wp-json\/wp\/v2\/product_cat?post=40734"},{"taxonomy":"product_tag","embeddable":true,"href":"https:\/\/staging6.peach-pump.com\/en\/wp-json\/wp\/v2\/product_tag?post=40734"}],"curies":[{"name":"wp","href":"https:\/\/api.w.org\/{rel}","templated":true}]}}