{"id":42176,"date":"2023-06-03T19:37:45","date_gmt":"2023-06-03T17:37:45","guid":{"rendered":"https:\/\/staging6.peach-pump.com\/products\/baby-ruzicasti-sesir-s-vizirom-peach-pump\/"},"modified":"2025-08-25T11:12:24","modified_gmt":"2025-08-25T09:12:24","slug":"baby-ruzicasti-sesir-s-vizirom-peach-pump","status":"publish","type":"product","link":"https:\/\/staging6.peach-pump.com\/hr\/products\/baby-ruzicasti-sesir-s-vizirom-peach-pump\/","title":{"rendered":"Baby ru\u017ei\u010dasti \u0161e\u0161ir s vizirom Peach Pump"},"content":{"rendered":"<p>Uparite svoje omiljene tajice i sportske grudnjake s baby ru\u017ei\u010dastim \u0161e\u0161irom s vizirom Peach Pump. U vru\u0107im ljetnim mjesecima bit \u0107e savr\u0161en dodatak va\u0161em izgledu, a ujedno \u0107e za\u0161tititi lice od jakog sunca. \u0160e\u0161ir ima spektakularan izvezeni trodimenzionalni dizajn s bijelim logom s ru\u017ei\u010dastim rubom i motivacijskim natpisom: &#8220;I am doing this for me&#8221;. \u0160e\u0161ir se pode\u0161ava metalnom kop\u010dom, a vizir je zakrivljen. Budite moderni i druga\u010diji s ovim savr\u0161enim zavr\u0161etkom svoje sportske odje\u0107e.<\/p>\n","protected":false},"excerpt":{"rendered":"<p>Uparite svoje omiljene tajice i sportske grudnjake s baby ru\u017ei\u010dastim \u0161e\u0161irom s vizirom Peach Pump. U vru\u0107im ljetnim mjesecima bit \u0107e savr\u0161en dodatak va\u0161em izgledu, a ujedno \u0107e za\u0161tititi lice od jakog sunca. \u0160e\u0161ir ima spektakularan izvezeni trodimenzionalni dizajn s bijelim logom s ru\u017ei\u010dastim rubom i motivacijskim natpisom: &#8220;I am doing this for me&#8221;. \u0160e\u0161ir [&hellip;]<\/p>\n","protected":false},"featured_media":41112,"comment_status":"open","ping_status":"closed","template":"","meta":[],"product_brand":[],"product_cat":[787],"product_tag":[],"class_list":{"0":"post-42176","1":"product","2":"type-product","3":"status-publish","4":"has-post-thumbnail","6":"product_cat-pribor","7":"pa_cviat-svijetloruzicasta","8":"pa_razmer-jedna-velicina","9":"inventories-world","10":"inventories-uk","12":"first","13":"instock","14":"taxable","15":"shipping-taxable","16":"purchasable","17":"product-type-variable","18":"has-default-attributes"},"_links":{"self":[{"href":"https:\/\/staging6.peach-pump.com\/en\/wp-json\/wp\/v2\/product\/42176","targetHints":{"allow":["GET"]}}],"collection":[{"href":"https:\/\/staging6.peach-pump.com\/en\/wp-json\/wp\/v2\/product"}],"about":[{"href":"https:\/\/staging6.peach-pump.com\/en\/wp-json\/wp\/v2\/types\/product"}],"replies":[{"embeddable":true,"href":"https:\/\/staging6.peach-pump.com\/en\/wp-json\/wp\/v2\/comments?post=42176"}],"version-history":[{"count":0,"href":"https:\/\/staging6.peach-pump.com\/en\/wp-json\/wp\/v2\/product\/42176\/revisions"}],"wp:featuredmedia":[{"embeddable":true,"href":"https:\/\/staging6.peach-pump.com\/en\/wp-json\/wp\/v2\/media\/41112"}],"wp:attachment":[{"href":"https:\/\/staging6.peach-pump.com\/en\/wp-json\/wp\/v2\/media?parent=42176"}],"wp:term":[{"taxonomy":"product_brand","embeddable":true,"href":"https:\/\/staging6.peach-pump.com\/en\/wp-json\/wp\/v2\/product_brand?post=42176"},{"taxonomy":"product_cat","embeddable":true,"href":"https:\/\/staging6.peach-pump.com\/en\/wp-json\/wp\/v2\/product_cat?post=42176"},{"taxonomy":"product_tag","embeddable":true,"href":"https:\/\/staging6.peach-pump.com\/en\/wp-json\/wp\/v2\/product_tag?post=42176"}],"curies":[{"name":"wp","href":"https:\/\/api.w.org\/{rel}","templated":true}]}}