{"id":48699,"date":"2023-08-04T11:10:09","date_gmt":"2023-08-04T09:10:09","guid":{"rendered":"https:\/\/staging6.peach-pump.com\/products\/crni-sesir-s-vizirom-i-bijelim-logom-peach-pump\/"},"modified":"2025-10-25T14:44:26","modified_gmt":"2025-10-25T12:44:26","slug":"crni-sesir-s-vizirom-bijeli-logo-peach-pump","status":"publish","type":"product","link":"https:\/\/staging6.peach-pump.com\/hr\/products\/crni-sesir-s-vizirom-bijeli-logo-peach-pump\/","title":{"rendered":"Crni \u0161e\u0161ir s vizirom i bijelim logom Peach Pump"},"content":{"rendered":"<p>Uparite svoje omiljene tajice i sportske grudnjake s crnim \u0161e\u0161irom s vizirom i logom Peach Pump. U vru\u0107im ljetnim mjesecima bit \u0107e savr\u0161en dodatak va\u0161em izgledu, a ujedno \u0107e za\u0161tititi lice od jakog sunca. \u0160e\u0161ir ima spektakularan izvezeni trodimenzionalni dizajn s bijelim logom s crnim rubom i motivacijskim natpisom: \u201cBlack is my happy colour\u201d. \u0160e\u0161ir se pode\u0161ava metalnom kop\u010dom, a vizir je zakrivljen. Budite moderni i druga\u010diji s ovim savr\u0161enim zavr\u0161etkom svoje sportske odje\u0107e.<\/p>\n","protected":false},"excerpt":{"rendered":"<p>Uparite svoje omiljene tajice i sportske grudnjake s crnim \u0161e\u0161irom s vizirom i logom Peach Pump. U vru\u0107im ljetnim mjesecima bit \u0107e savr\u0161en dodatak va\u0161em izgledu, a ujedno \u0107e za\u0161tititi lice od jakog sunca. \u0160e\u0161ir ima spektakularan izvezeni trodimenzionalni dizajn s bijelim logom s crnim rubom i motivacijskim natpisom: \u201cBlack is my happy colour\u201d. \u0160e\u0161ir [&hellip;]<\/p>\n","protected":false},"featured_media":47795,"comment_status":"open","ping_status":"closed","template":"","meta":[],"product_brand":[],"product_cat":[787],"product_tag":[],"class_list":{"0":"post-48699","1":"product","2":"type-product","3":"status-publish","4":"has-post-thumbnail","6":"product_cat-pribor","7":"pa_cviat-crno-bijelo","8":"pa_razmer-jedna-velicina","9":"inventories-world","10":"inventories-uk","12":"first","13":"instock","14":"taxable","15":"shipping-taxable","16":"purchasable","17":"product-type-variable"},"_links":{"self":[{"href":"https:\/\/staging6.peach-pump.com\/hr\/wp-json\/wp\/v2\/product\/48699","targetHints":{"allow":["GET"]}}],"collection":[{"href":"https:\/\/staging6.peach-pump.com\/hr\/wp-json\/wp\/v2\/product"}],"about":[{"href":"https:\/\/staging6.peach-pump.com\/hr\/wp-json\/wp\/v2\/types\/product"}],"replies":[{"embeddable":true,"href":"https:\/\/staging6.peach-pump.com\/hr\/wp-json\/wp\/v2\/comments?post=48699"}],"version-history":[{"count":0,"href":"https:\/\/staging6.peach-pump.com\/hr\/wp-json\/wp\/v2\/product\/48699\/revisions"}],"wp:featuredmedia":[{"embeddable":true,"href":"https:\/\/staging6.peach-pump.com\/hr\/wp-json\/wp\/v2\/media\/47795"}],"wp:attachment":[{"href":"https:\/\/staging6.peach-pump.com\/hr\/wp-json\/wp\/v2\/media?parent=48699"}],"wp:term":[{"taxonomy":"product_brand","embeddable":true,"href":"https:\/\/staging6.peach-pump.com\/hr\/wp-json\/wp\/v2\/product_brand?post=48699"},{"taxonomy":"product_cat","embeddable":true,"href":"https:\/\/staging6.peach-pump.com\/hr\/wp-json\/wp\/v2\/product_cat?post=48699"},{"taxonomy":"product_tag","embeddable":true,"href":"https:\/\/staging6.peach-pump.com\/hr\/wp-json\/wp\/v2\/product_tag?post=48699"}],"curies":[{"name":"wp","href":"https:\/\/api.w.org\/{rel}","templated":true}]}}