{"id":48701,"date":"2023-08-04T10:32:35","date_gmt":"2023-08-04T08:32:35","guid":{"rendered":"https:\/\/staging6.peach-pump.com\/products\/bijeli-sesir-s-vizirom-i-ruzicastim-logom-peach-pump\/"},"modified":"2025-11-04T09:37:33","modified_gmt":"2025-11-04T07:37:33","slug":"bijeli-sesir-s-vizirom-ruzicasta-logo-pump","status":"publish","type":"product","link":"https:\/\/staging6.peach-pump.com\/hr\/products\/bijeli-sesir-s-vizirom-ruzicasta-logo-pump\/","title":{"rendered":"Bijeli \u0161e\u0161ir s vizirom i ru\u017ei\u010dastim logom Peach Pump"},"content":{"rendered":"<p>Uparite svoje omiljene tajice i sportske grudnjake s bijelim \u0161e\u0161irom s vizirom i ru\u017ei\u010dastim logom Peach Pump. U vru\u0107im ljetnim mjesecima bit \u0107e savr\u0161en dodatak va\u0161em izgledu, a ujedno \u0107e za\u0161tititi lice od jakog sunca. \u0160e\u0161ir ima spektakularan vezeni trodimenzionalni dizajn s ru\u017ei\u010dastim logotipom s bijelim rubom i motivacijskim natpisom: &#8220;Boss Lady&#8221;. \u0160e\u0161ir se pode\u0161ava metalnom kop\u010dom, a vizir je zakrivljen. Budite moderni i druga\u010diji s ovim savr\u0161enim zavr\u0161etkom svoje sportske odje\u0107e.<\/p>\n","protected":false},"excerpt":{"rendered":"<p>Uparite svoje omiljene tajice i sportske grudnjake s bijelim \u0161e\u0161irom s vizirom i ru\u017ei\u010dastim logom Peach Pump. U vru\u0107im ljetnim mjesecima bit \u0107e savr\u0161en dodatak va\u0161em izgledu, a ujedno \u0107e za\u0161tititi lice od jakog sunca. \u0160e\u0161ir ima spektakularan vezeni trodimenzionalni dizajn s ru\u017ei\u010dastim logotipom s bijelim rubom i motivacijskim natpisom: &#8220;Boss Lady&#8221;. \u0160e\u0161ir se pode\u0161ava [&hellip;]<\/p>\n","protected":false},"featured_media":47763,"comment_status":"open","ping_status":"closed","template":"","meta":[],"product_brand":[],"product_cat":[787],"product_tag":[],"class_list":{"0":"post-48701","1":"product","2":"type-product","3":"status-publish","4":"has-post-thumbnail","6":"product_cat-pribor","7":"pa_cviat-bijela-ruzicasta","8":"pa_razmer-jedna-velicina","9":"inventories-world","10":"inventories-uk","12":"first","13":"instock","14":"taxable","15":"shipping-taxable","16":"purchasable","17":"product-type-variable"},"_links":{"self":[{"href":"https:\/\/staging6.peach-pump.com\/en\/wp-json\/wp\/v2\/product\/48701","targetHints":{"allow":["GET"]}}],"collection":[{"href":"https:\/\/staging6.peach-pump.com\/en\/wp-json\/wp\/v2\/product"}],"about":[{"href":"https:\/\/staging6.peach-pump.com\/en\/wp-json\/wp\/v2\/types\/product"}],"replies":[{"embeddable":true,"href":"https:\/\/staging6.peach-pump.com\/en\/wp-json\/wp\/v2\/comments?post=48701"}],"version-history":[{"count":0,"href":"https:\/\/staging6.peach-pump.com\/en\/wp-json\/wp\/v2\/product\/48701\/revisions"}],"wp:featuredmedia":[{"embeddable":true,"href":"https:\/\/staging6.peach-pump.com\/en\/wp-json\/wp\/v2\/media\/47763"}],"wp:attachment":[{"href":"https:\/\/staging6.peach-pump.com\/en\/wp-json\/wp\/v2\/media?parent=48701"}],"wp:term":[{"taxonomy":"product_brand","embeddable":true,"href":"https:\/\/staging6.peach-pump.com\/en\/wp-json\/wp\/v2\/product_brand?post=48701"},{"taxonomy":"product_cat","embeddable":true,"href":"https:\/\/staging6.peach-pump.com\/en\/wp-json\/wp\/v2\/product_cat?post=48701"},{"taxonomy":"product_tag","embeddable":true,"href":"https:\/\/staging6.peach-pump.com\/en\/wp-json\/wp\/v2\/product_tag?post=48701"}],"curies":[{"name":"wp","href":"https:\/\/api.w.org\/{rel}","templated":true}]}}