{"id":57888,"date":"2023-10-28T12:51:09","date_gmt":"2023-10-28T10:51:09","guid":{"rendered":"https:\/\/staging6.peach-pump.com\/products\/crne-zenske-tajice-s-dzepovima-i-kopcom\/"},"modified":"2025-11-09T22:47:10","modified_gmt":"2025-11-09T20:47:10","slug":"crne-zenske-tajice-s-dzepovima-i-kopcom","status":"publish","type":"product","link":"https:\/\/staging6.peach-pump.com\/hr\/products\/crne-zenske-tajice-s-dzepovima-i-kopcom\/","title":{"rendered":"Crne \u017eenske tajice s d\u017eepovima i kop\u010dom"},"content":{"rendered":"<p>Crne \u017eenske tajice s d\u017eepovima i kop\u010dom od meke, elasti\u010dne tkanine koja savr\u0161eno oblikuje tijelo. Ovaj model ima d\u017eepove na stra\u017enjoj i bo\u010dnoj strani tajica s pri\u010dvr\u0161\u0107ivanje gumba. Bo\u010dni d\u017eep ima spektakularan element pri\u010dvr\u0161\u0107ivanja kop\u010de, \u0161to model \u010dini izuzetno zanimljivim i prikladnim za sportske dvorane i \u0161etnje u slobodnom vrijemenu. Ove tajice savr\u0161eno se kombiniraju sa sportskim grudnjacima, bluzama i jaknama iz bogate Peach Pump kolekcije.<\/p>\n<ul>\n<li> Visok struk<\/li>\n<li> Peachy efekt<\/li>\n<li> Toplinski zape\u010da\u0107eni logo Peach Pump na stra\u017enjoj strani tajice<\/li>\n<li> Tehnologija za odvo\u0111enje vlage iz tijela<\/li>\n<li>D\u017eepovi na stra\u017enjem dijelu tajica<\/li>\n<li>Bo\u010dni d\u017eep<\/li>\n<li>Bo\u010dna kop\u010da<\/li>\n<\/ul>\n<p>Sastav: 80% poliester 20% elastan<\/p>\n<p>Tajice se mogu prati na temperaturi do 30 stupnjeva, nemojte koristiti izbjeljiva\u010d \u200b\u200bniti kemijsko \u010di\u0161\u0107enje.<\/p>\n<p>Manekenka na fotografiji je visoka 178 cm, te\u0161ka 54 kg i nosi veli\u010dinu M.<\/p>\n<p>Koristite tablice za odabir to\u010dne veli\u010dine.<\/p>\n","protected":false},"excerpt":{"rendered":"<p>Crne \u017eenske tajice s d\u017eepovima i kop\u010dom od meke, elasti\u010dne tkanine koja savr\u0161eno oblikuje tijelo. Ovaj model ima d\u017eepove na stra\u017enjoj i bo\u010dnoj strani tajica s pri\u010dvr\u0161\u0107ivanje gumba. Bo\u010dni d\u017eep ima spektakularan element pri\u010dvr\u0161\u0107ivanja kop\u010de, \u0161to model \u010dini izuzetno zanimljivim i prikladnim za sportske dvorane i \u0161etnje u slobodnom vrijemenu. Ove tajice savr\u0161eno se kombiniraju [&hellip;]<\/p>\n","protected":false},"featured_media":106484,"comment_status":"open","ping_status":"closed","template":"","meta":[],"product_brand":[],"product_cat":[136,195,293],"product_tag":[],"class_list":{"0":"post-57888","1":"product","2":"type-product","3":"status-publish","4":"has-post-thumbnail","6":"product_cat-zenske-sportske-tajice","7":"product_cat-tajice-s-dzepovima","8":"product_cat-zenske-tajice-duge","9":"pa_cviat-crno","10":"pa_razmer-l-hr","11":"pa_razmer-m-hr","12":"pa_razmer-s-hr-2","13":"inventories-world","14":"inventories-uk","16":"first","17":"instock","18":"taxable","19":"shipping-taxable","20":"purchasable","21":"product-type-variable"},"_links":{"self":[{"href":"https:\/\/staging6.peach-pump.com\/hr\/wp-json\/wp\/v2\/product\/57888","targetHints":{"allow":["GET"]}}],"collection":[{"href":"https:\/\/staging6.peach-pump.com\/hr\/wp-json\/wp\/v2\/product"}],"about":[{"href":"https:\/\/staging6.peach-pump.com\/hr\/wp-json\/wp\/v2\/types\/product"}],"replies":[{"embeddable":true,"href":"https:\/\/staging6.peach-pump.com\/hr\/wp-json\/wp\/v2\/comments?post=57888"}],"version-history":[{"count":0,"href":"https:\/\/staging6.peach-pump.com\/hr\/wp-json\/wp\/v2\/product\/57888\/revisions"}],"wp:featuredmedia":[{"embeddable":true,"href":"https:\/\/staging6.peach-pump.com\/hr\/wp-json\/wp\/v2\/media\/106484"}],"wp:attachment":[{"href":"https:\/\/staging6.peach-pump.com\/hr\/wp-json\/wp\/v2\/media?parent=57888"}],"wp:term":[{"taxonomy":"product_brand","embeddable":true,"href":"https:\/\/staging6.peach-pump.com\/hr\/wp-json\/wp\/v2\/product_brand?post=57888"},{"taxonomy":"product_cat","embeddable":true,"href":"https:\/\/staging6.peach-pump.com\/hr\/wp-json\/wp\/v2\/product_cat?post=57888"},{"taxonomy":"product_tag","embeddable":true,"href":"https:\/\/staging6.peach-pump.com\/hr\/wp-json\/wp\/v2\/product_tag?post=57888"}],"curies":[{"name":"wp","href":"https:\/\/api.w.org\/{rel}","templated":true}]}}