{"id":59454,"date":"2023-11-21T13:01:42","date_gmt":"2023-11-21T11:01:42","guid":{"rendered":"https:\/\/staging6.peach-pump.com\/products\/crne-besavne-tajice-s-efektom-oblikovanja\/"},"modified":"2025-11-19T19:33:41","modified_gmt":"2025-11-19T17:33:41","slug":"crne-besavne-tajice-s-efektom-oblikovanja","status":"publish","type":"product","link":"https:\/\/staging6.peach-pump.com\/hr\/products\/crne-besavne-tajice-s-efektom-oblikovanja\/","title":{"rendered":"Crne be\u0161avne tajice s efektom oblikovanja"},"content":{"rendered":"<p>Crne be\u0161avne tajice s efektom oblikovanja, visoke klase izrade i kvalitete. Model je izra\u0111en od inovativne be\u0161avne tkanine sa \u0161irokim pojasom koji obujmljuje i stabilizira struk tijekom vje\u017ebanja. Pogodan je za fitness vje\u017ebe, tr\u010danje, jogu i jo\u0161 mnogo toga. Ako tra\u017eite tajice za oblikovanje s kojima se mo\u017eete osje\u0107ati komforno i ugodno, ovo je model. Ima na\u0161 omiljeni Peach efekt, utkani Peach Pump natpis, disajnu tkaninu i savr\u0161eno oblikuje tijelo. Mo\u017ee se kombinirati uz sportskog grudnjaka ili bluzu, pogledajte modele na na\u0161oj stranici.<\/p>\n<ul>\n<li>Visok struk<\/li>\n<li>Tkanina bez \u0161avova<\/li>\n<li>Podi\u017eu, oblikuju, prikrivaju problemati\u010dna podru\u010dja<\/li>\n<li>Rips pojas koji omotava ki\u010dmu.<\/li>\n<li>Peachy efekt<\/li>\n<li>Bez \u0161avova sprijeda<\/li>\n<li>Toplinski zape\u010da\u0107eni logo Peach Pump na stra\u017enjoj strani tajice<\/li>\n<li>Upleteno &#8220;Peach Pump&#8221; na remenu<\/li>\n<li>Tkanina koja odvodi vlagu s tijela<\/li>\n<\/ul>\n<p>Sastav: 80% poliester 20% elastan<\/p>\n<p>Proizvod se mo\u017ee prati na temperaturi do 30 stupnjeva, molimo nemojte koristiti izbjeljiva\u010d niti kemijsko \u010di\u0161\u0107enje.<\/p>\n<p>Manekenka na fotografiji je visoka 178 cm, te\u0161ka 54 kg i nosi veli\u010dinu M.<\/p>\n<p>Koristite tablice za odabir to\u010dne veli\u010dine.<\/p>\n","protected":false},"excerpt":{"rendered":"<p>Crne be\u0161avne tajice s efektom oblikovanja, visoke klase izrade i kvalitete. Model je izra\u0111en od inovativne be\u0161avne tkanine sa \u0161irokim pojasom koji obujmljuje i stabilizira struk tijekom vje\u017ebanja. Pogodan je za fitness vje\u017ebe, tr\u010danje, jogu i jo\u0161 mnogo toga. Ako tra\u017eite tajice za oblikovanje s kojima se mo\u017eete osje\u0107ati komforno i ugodno, ovo je model. [&hellip;]<\/p>\n","protected":false},"featured_media":59211,"comment_status":"open","ping_status":"closed","template":"","meta":[],"product_brand":[],"product_cat":[136,293],"product_tag":[],"class_list":{"0":"post-59454","1":"product","2":"type-product","3":"status-publish","4":"has-post-thumbnail","6":"product_cat-zenske-sportske-tajice","7":"product_cat-zenske-tajice-duge","8":"pa_cviat-crno","9":"pa_razmer-l-hr","10":"pa_razmer-m-hr","11":"pa_razmer-s-hr-2","12":"pa_razmer-xl-hr","13":"inventories-world","14":"inventories-uk","16":"first","17":"instock","18":"taxable","19":"shipping-taxable","20":"purchasable","21":"product-type-variable"},"_links":{"self":[{"href":"https:\/\/staging6.peach-pump.com\/en\/wp-json\/wp\/v2\/product\/59454","targetHints":{"allow":["GET"]}}],"collection":[{"href":"https:\/\/staging6.peach-pump.com\/en\/wp-json\/wp\/v2\/product"}],"about":[{"href":"https:\/\/staging6.peach-pump.com\/en\/wp-json\/wp\/v2\/types\/product"}],"replies":[{"embeddable":true,"href":"https:\/\/staging6.peach-pump.com\/en\/wp-json\/wp\/v2\/comments?post=59454"}],"version-history":[{"count":0,"href":"https:\/\/staging6.peach-pump.com\/en\/wp-json\/wp\/v2\/product\/59454\/revisions"}],"wp:featuredmedia":[{"embeddable":true,"href":"https:\/\/staging6.peach-pump.com\/en\/wp-json\/wp\/v2\/media\/59211"}],"wp:attachment":[{"href":"https:\/\/staging6.peach-pump.com\/en\/wp-json\/wp\/v2\/media?parent=59454"}],"wp:term":[{"taxonomy":"product_brand","embeddable":true,"href":"https:\/\/staging6.peach-pump.com\/en\/wp-json\/wp\/v2\/product_brand?post=59454"},{"taxonomy":"product_cat","embeddable":true,"href":"https:\/\/staging6.peach-pump.com\/en\/wp-json\/wp\/v2\/product_cat?post=59454"},{"taxonomy":"product_tag","embeddable":true,"href":"https:\/\/staging6.peach-pump.com\/en\/wp-json\/wp\/v2\/product_tag?post=59454"}],"curies":[{"name":"wp","href":"https:\/\/api.w.org\/{rel}","templated":true}]}}