{"id":63710,"date":"2023-12-13T18:11:44","date_gmt":"2023-12-13T16:11:44","guid":{"rendered":"https:\/\/staging6.peach-pump.com\/products\/siva-zimska-kapa-beanie-2\/"},"modified":"2025-06-21T16:09:36","modified_gmt":"2025-06-21T14:09:36","slug":"ljubicasta-zimska-kapa-beanie","status":"publish","type":"product","link":"https:\/\/staging6.peach-pump.com\/hr\/products\/ljubicasta-zimska-kapa-beanie\/","title":{"rendered":"Ljubi\u010dasta zimska kapa, kroj tipa &#8220;Beanie&#8221;"},"content":{"rendered":"<p>Ljubi\u010dasta zimska kapa, kroj tipa &#8220;Beanie&#8221;, iz kolekcije &#8220;Peach Pump&#8221; s okrenutim obodom za dodatnu izolaciju od hladno\u0107e i ko\u017enim logom na prednjoj strani. Elasti\u010dni dizajn vrlo mekan i ugodan na dodir materijal. Kapa je dostupna u razli\u010ditim bojama. Ovaj model \u0107e biti savr\u0161en zavr\u0161etak Va\u0161eg odijela u hladnim danima.<\/p>\n<p>&nbsp;<\/p>\n","protected":false},"excerpt":{"rendered":"<p>Ljubi\u010dasta zimska kapa, kroj tipa &#8220;Beanie&#8221;, iz kolekcije &#8220;Peach Pump&#8221; s okrenutim obodom za dodatnu izolaciju od hladno\u0107e i ko\u017enim logom na prednjoj strani. Elasti\u010dni dizajn vrlo mekan i ugodan na dodir materijal. Kapa je dostupna u razli\u010ditim bojama. Ovaj model \u0107e biti savr\u0161en zavr\u0161etak Va\u0161eg odijela u hladnim danima. &nbsp;<\/p>\n","protected":false},"featured_media":62617,"comment_status":"open","ping_status":"closed","template":"","meta":[],"product_brand":[],"product_cat":[787],"product_tag":[],"class_list":{"0":"post-63710","1":"product","2":"type-product","3":"status-publish","4":"has-post-thumbnail","6":"product_cat-pribor","7":"pa_razmer-jedna-velicina","8":"inventories-world","9":"inventories-uk","11":"first","12":"instock","13":"taxable","14":"shipping-taxable","15":"purchasable","16":"product-type-variable"},"_links":{"self":[{"href":"https:\/\/staging6.peach-pump.com\/en\/wp-json\/wp\/v2\/product\/63710","targetHints":{"allow":["GET"]}}],"collection":[{"href":"https:\/\/staging6.peach-pump.com\/en\/wp-json\/wp\/v2\/product"}],"about":[{"href":"https:\/\/staging6.peach-pump.com\/en\/wp-json\/wp\/v2\/types\/product"}],"replies":[{"embeddable":true,"href":"https:\/\/staging6.peach-pump.com\/en\/wp-json\/wp\/v2\/comments?post=63710"}],"version-history":[{"count":0,"href":"https:\/\/staging6.peach-pump.com\/en\/wp-json\/wp\/v2\/product\/63710\/revisions"}],"wp:featuredmedia":[{"embeddable":true,"href":"https:\/\/staging6.peach-pump.com\/en\/wp-json\/wp\/v2\/media\/62617"}],"wp:attachment":[{"href":"https:\/\/staging6.peach-pump.com\/en\/wp-json\/wp\/v2\/media?parent=63710"}],"wp:term":[{"taxonomy":"product_brand","embeddable":true,"href":"https:\/\/staging6.peach-pump.com\/en\/wp-json\/wp\/v2\/product_brand?post=63710"},{"taxonomy":"product_cat","embeddable":true,"href":"https:\/\/staging6.peach-pump.com\/en\/wp-json\/wp\/v2\/product_cat?post=63710"},{"taxonomy":"product_tag","embeddable":true,"href":"https:\/\/staging6.peach-pump.com\/en\/wp-json\/wp\/v2\/product_tag?post=63710"}],"curies":[{"name":"wp","href":"https:\/\/api.w.org\/{rel}","templated":true}]}}