{"id":63714,"date":"2023-12-13T18:07:27","date_gmt":"2023-12-13T16:07:27","guid":{"rendered":"https:\/\/staging6.peach-pump.com\/products\/plava-zimska-kapa-beanie\/"},"modified":"2025-06-21T16:09:17","modified_gmt":"2025-06-21T14:09:17","slug":"plava-zimska-kapa-beanie","status":"publish","type":"product","link":"https:\/\/staging6.peach-pump.com\/hr\/products\/plava-zimska-kapa-beanie\/","title":{"rendered":"Plava zimska kapa, kroj tipa &#8220;Beanie&#8221;"},"content":{"rendered":"<p>Plava zimska beanie kapa iz kolekcije &#8220;Peach Pump&#8221; s podignutim obodom za dodatnu izolaciju od hladno\u0107e i ko\u017enim logom na prednjoj strani. Elasti\u010dni dizajn vrlo mekan i ugodan na dodir materijal. Kapa je dostupna u razli\u010ditim bojama. Ovaj model \u0107e biti savr\u0161en zavr\u0161etak Va\u0161eg odijela u hladnim danima.<\/p>\n","protected":false},"excerpt":{"rendered":"<p>Plava zimska beanie kapa iz kolekcije &#8220;Peach Pump&#8221; s podignutim obodom za dodatnu izolaciju od hladno\u0107e i ko\u017enim logom na prednjoj strani. Elasti\u010dni dizajn vrlo mekan i ugodan na dodir materijal. Kapa je dostupna u razli\u010ditim bojama. Ovaj model \u0107e biti savr\u0161en zavr\u0161etak Va\u0161eg odijela u hladnim danima.<\/p>\n","protected":false},"featured_media":62592,"comment_status":"open","ping_status":"closed","template":"","meta":[],"product_brand":[],"product_cat":[787],"product_tag":[],"class_list":{"0":"post-63714","1":"product","2":"type-product","3":"status-publish","4":"has-post-thumbnail","6":"product_cat-pribor","7":"pa_cviat-plava","8":"pa_razmer-jedna-velicina","9":"inventories-world","10":"inventories-uk","12":"first","13":"instock","14":"taxable","15":"shipping-taxable","16":"purchasable","17":"product-type-variable"},"_links":{"self":[{"href":"https:\/\/staging6.peach-pump.com\/en\/wp-json\/wp\/v2\/product\/63714","targetHints":{"allow":["GET"]}}],"collection":[{"href":"https:\/\/staging6.peach-pump.com\/en\/wp-json\/wp\/v2\/product"}],"about":[{"href":"https:\/\/staging6.peach-pump.com\/en\/wp-json\/wp\/v2\/types\/product"}],"replies":[{"embeddable":true,"href":"https:\/\/staging6.peach-pump.com\/en\/wp-json\/wp\/v2\/comments?post=63714"}],"version-history":[{"count":0,"href":"https:\/\/staging6.peach-pump.com\/en\/wp-json\/wp\/v2\/product\/63714\/revisions"}],"wp:featuredmedia":[{"embeddable":true,"href":"https:\/\/staging6.peach-pump.com\/en\/wp-json\/wp\/v2\/media\/62592"}],"wp:attachment":[{"href":"https:\/\/staging6.peach-pump.com\/en\/wp-json\/wp\/v2\/media?parent=63714"}],"wp:term":[{"taxonomy":"product_brand","embeddable":true,"href":"https:\/\/staging6.peach-pump.com\/en\/wp-json\/wp\/v2\/product_brand?post=63714"},{"taxonomy":"product_cat","embeddable":true,"href":"https:\/\/staging6.peach-pump.com\/en\/wp-json\/wp\/v2\/product_cat?post=63714"},{"taxonomy":"product_tag","embeddable":true,"href":"https:\/\/staging6.peach-pump.com\/en\/wp-json\/wp\/v2\/product_tag?post=63714"}],"curies":[{"name":"wp","href":"https:\/\/api.w.org\/{rel}","templated":true}]}}