{"id":63718,"date":"2023-12-13T18:01:11","date_gmt":"2023-12-13T16:01:11","guid":{"rendered":"https:\/\/staging6.peach-pump.com\/products\/crna-zimska-kapa-beanie\/"},"modified":"2025-11-07T12:31:05","modified_gmt":"2025-11-07T10:31:05","slug":"crna-zimska-kapa-beanie","status":"publish","type":"product","link":"https:\/\/staging6.peach-pump.com\/hr\/products\/crna-zimska-kapa-beanie\/","title":{"rendered":"Crna zimska kapa, kroj tipa &#8220;Beanie&#8221;"},"content":{"rendered":"<p>\u017denska crna zimska kapa iz kolekcije &#8220;Peach Pump&#8221; sa okrenutim obodom za ve\u0107u izolaciju od hladno\u0107e i ko\u017enim logom na prednjoj strani. Elasti\u010dni dizajn vrlo mekan i ugodan na dodir materijal. Kapa je dostupna u razli\u010ditim bojama. Ovaj model \u0107e biti savr\u0161en zavr\u0161etak Va\u0161eg odijela u hladnim danima.<\/p>\n<p>&nbsp;<\/p>\n","protected":false},"excerpt":{"rendered":"<p>\u017denska crna zimska kapa iz kolekcije &#8220;Peach Pump&#8221; sa okrenutim obodom za ve\u0107u izolaciju od hladno\u0107e i ko\u017enim logom na prednjoj strani. Elasti\u010dni dizajn vrlo mekan i ugodan na dodir materijal. Kapa je dostupna u razli\u010ditim bojama. Ovaj model \u0107e biti savr\u0161en zavr\u0161etak Va\u0161eg odijela u hladnim danima. &nbsp;<\/p>\n","protected":false},"featured_media":62567,"comment_status":"open","ping_status":"closed","template":"","meta":[],"product_brand":[],"product_cat":[787],"product_tag":[],"class_list":{"0":"post-63718","1":"product","2":"type-product","3":"status-publish","4":"has-post-thumbnail","6":"product_cat-pribor","7":"pa_cviat-crno","8":"pa_razmer-jedna-velicina","9":"inventories-world","10":"inventories-uk","12":"first","13":"instock","14":"taxable","15":"shipping-taxable","16":"purchasable","17":"product-type-variable"},"_links":{"self":[{"href":"https:\/\/staging6.peach-pump.com\/en\/wp-json\/wp\/v2\/product\/63718","targetHints":{"allow":["GET"]}}],"collection":[{"href":"https:\/\/staging6.peach-pump.com\/en\/wp-json\/wp\/v2\/product"}],"about":[{"href":"https:\/\/staging6.peach-pump.com\/en\/wp-json\/wp\/v2\/types\/product"}],"replies":[{"embeddable":true,"href":"https:\/\/staging6.peach-pump.com\/en\/wp-json\/wp\/v2\/comments?post=63718"}],"version-history":[{"count":0,"href":"https:\/\/staging6.peach-pump.com\/en\/wp-json\/wp\/v2\/product\/63718\/revisions"}],"wp:featuredmedia":[{"embeddable":true,"href":"https:\/\/staging6.peach-pump.com\/en\/wp-json\/wp\/v2\/media\/62567"}],"wp:attachment":[{"href":"https:\/\/staging6.peach-pump.com\/en\/wp-json\/wp\/v2\/media?parent=63718"}],"wp:term":[{"taxonomy":"product_brand","embeddable":true,"href":"https:\/\/staging6.peach-pump.com\/en\/wp-json\/wp\/v2\/product_brand?post=63718"},{"taxonomy":"product_cat","embeddable":true,"href":"https:\/\/staging6.peach-pump.com\/en\/wp-json\/wp\/v2\/product_cat?post=63718"},{"taxonomy":"product_tag","embeddable":true,"href":"https:\/\/staging6.peach-pump.com\/en\/wp-json\/wp\/v2\/product_tag?post=63718"}],"curies":[{"name":"wp","href":"https:\/\/api.w.org\/{rel}","templated":true}]}}