{"id":66739,"date":"2024-01-12T18:06:55","date_gmt":"2024-01-12T16:06:55","guid":{"rendered":"https:\/\/staging6.peach-pump.com\/products\/ruzicasta-zimska-jakna\/"},"modified":"2025-10-23T13:02:15","modified_gmt":"2025-10-23T11:02:15","slug":"ruzicasta-zimska-jakna","status":"publish","type":"product","link":"https:\/\/staging6.peach-pump.com\/hr\/products\/ruzicasta-zimska-jakna\/","title":{"rendered":"Ru\u017ei\u010dasta zimska jakna od Peach Pump"},"content":{"rendered":"<p class=\"p1\"><span class=\"s1\">Topla, nje\u017eno ru\u017ei\u010dasta zimska jakna s punjenjem od 100% pamuka. Model je kra\u0107eg modernog kroja, ima podesivi porub s elasti\u010dnim vezicama, dva bo\u010dna kosa d\u017eepa s patentnim zatvara\u010dem. Spektakularni 3D izvezen &#8220;Peach Pump&#8221; sprijeda i izvezeni logo &#8220;Peach Pump&#8221; na ramenu. Jakna je pro\u0161ivenog dizajna s visokim ovratnikom, nje\u017eno ru\u017ei\u010dastom podstavom i rukavima s elasti\u010dnim man\u0161etama. Uz ovaj model bit \u0107e Vam toplo, a istovremeno \u0107ete se osje\u0107ati lijepi, samouvjereni i seksi. Raznolikost modernih boja za sezonu, jedan model, koji je kreiran s ljubavlju za Vas. <\/span><\/p>\n<ul class=\"ul1\">\n<li><span class=\"s1\">Ru\u017ei\u010dasta zimska jakna<\/span><\/li>\n<li class=\"li1\"><span class=\"s1\">Visoki ovratnik<\/span><\/li>\n<li class=\"li1\"><span class=\"s1\">Bo\u010dni d\u017eepovi s patentnim zatvara\u010dem<\/span><\/li>\n<li class=\"li1\"><span class=\"s1\">3D izvezeni logo &#8220;Peach Pump&#8221; na prednjoj strani i ramenu<\/span><\/li>\n<li class=\"li1\"><span class=\"s1\">Mekana podstava<\/span><\/li>\n<li class=\"li1\"><span class=\"s1\">Pro\u0161iveni dizajn<\/span><\/li>\n<li>Elasti\u010dne man\u017eete na rukavima<\/li>\n<li class=\"li1\"><span class=\"s1\">Podesivi porub s elasti\u010dnim vezicama<\/span><\/li>\n<li>Punjenje jakne 100% pamuk<\/li>\n<\/ul>\n<p class=\"p1\"><span class=\"s1\">Sastav vanjskog dijela: 100% poliester, punjenje 100% pamuk<\/span><\/p>\n<p class=\"p1\"><span class=\"s1\">Manekenka na fotografiji je visoka 180 cm i te\u0161ka 58 kg. i pozira s veli\u010dinom M. <\/span><\/p>\n<p>Molimo slijedite upute na etiketi za pravilno odr\u017eavanje artikla.<\/p>\n","protected":false},"excerpt":{"rendered":"<p>Topla, nje\u017eno ru\u017ei\u010dasta zimska jakna s punjenjem od 100% pamuka. Model je kra\u0107eg modernog kroja, ima podesivi porub s elasti\u010dnim vezicama, dva bo\u010dna kosa d\u017eepa s patentnim zatvara\u010dem. Spektakularni 3D izvezen &#8220;Peach Pump&#8221; sprijeda i izvezeni logo &#8220;Peach Pump&#8221; na ramenu. Jakna je pro\u0161ivenog dizajna s visokim ovratnikom, nje\u017eno ru\u017ei\u010dastom podstavom i rukavima s elasti\u010dnim [&hellip;]<\/p>\n","protected":false},"featured_media":66230,"comment_status":"open","ping_status":"closed","template":"","meta":[],"product_brand":[],"product_cat":[919],"product_tag":[],"class_list":{"0":"post-66739","1":"product","2":"type-product","3":"status-publish","4":"has-post-thumbnail","6":"product_cat-zenske-jakne","7":"pa_cviat-ruzicasta","8":"pa_razmer-l-hr","9":"pa_razmer-m-hr","10":"pa_razmer-s-hr-2","11":"inventories-world","12":"inventories-uk","14":"first","15":"instock","16":"taxable","17":"shipping-taxable","18":"purchasable","19":"product-type-variable"},"_links":{"self":[{"href":"https:\/\/staging6.peach-pump.com\/en\/wp-json\/wp\/v2\/product\/66739","targetHints":{"allow":["GET"]}}],"collection":[{"href":"https:\/\/staging6.peach-pump.com\/en\/wp-json\/wp\/v2\/product"}],"about":[{"href":"https:\/\/staging6.peach-pump.com\/en\/wp-json\/wp\/v2\/types\/product"}],"replies":[{"embeddable":true,"href":"https:\/\/staging6.peach-pump.com\/en\/wp-json\/wp\/v2\/comments?post=66739"}],"version-history":[{"count":0,"href":"https:\/\/staging6.peach-pump.com\/en\/wp-json\/wp\/v2\/product\/66739\/revisions"}],"wp:featuredmedia":[{"embeddable":true,"href":"https:\/\/staging6.peach-pump.com\/en\/wp-json\/wp\/v2\/media\/66230"}],"wp:attachment":[{"href":"https:\/\/staging6.peach-pump.com\/en\/wp-json\/wp\/v2\/media?parent=66739"}],"wp:term":[{"taxonomy":"product_brand","embeddable":true,"href":"https:\/\/staging6.peach-pump.com\/en\/wp-json\/wp\/v2\/product_brand?post=66739"},{"taxonomy":"product_cat","embeddable":true,"href":"https:\/\/staging6.peach-pump.com\/en\/wp-json\/wp\/v2\/product_cat?post=66739"},{"taxonomy":"product_tag","embeddable":true,"href":"https:\/\/staging6.peach-pump.com\/en\/wp-json\/wp\/v2\/product_tag?post=66739"}],"curies":[{"name":"wp","href":"https:\/\/api.w.org\/{rel}","templated":true}]}}