{"id":66755,"date":"2024-01-19T18:58:19","date_gmt":"2024-01-19T16:58:19","guid":{"rendered":"https:\/\/staging6.peach-pump.com\/products\/tamnoplavi-kombinezon-uz-tijelo\/"},"modified":"2025-11-09T16:41:48","modified_gmt":"2025-11-09T14:41:48","slug":"tamnoplavi-kombinezon-uz-tijelo","status":"publish","type":"product","link":"https:\/\/staging6.peach-pump.com\/hr\/products\/tamnoplavi-kombinezon-uz-tijelo\/","title":{"rendered":"Tamnoplavi pro\u0161iveni kombinezon \u201cCatsuits\u201d uz tijelo"},"content":{"rendered":"<p>Tamnoplavi kombinezon s mekanom pro\u0161ivenom podstavom, disajnom tkaninom, savr\u0161en za vje\u017ebanje ili \u0161etnju po hladnijem vremenu. Model ima patentni zatvara\u010d sprijeda, unutarnji natpis Peach Pump i gumeni logo &#8220;Peach Pump&#8221; na ramenu. Kombinezon savr\u0161eno pristaje uz tijelo i oblikuje ga poput pje\u0161\u010danog sata, prikrivaju\u0107i nesavr\u0161enosti. Model nema \u0161avove sprijeda. Pogodan i za vi\u0161e dame.<\/p>\n<p>Modni nalaz koji \u0107e biti novi omiljeni dodatak Va\u0161oj garderobi. Budite lijepe, \u017eenstvene i nezaboravne uz Peach Pump.<\/p>\n<ul>\n<li>Pro\u0161ivena meka podstava<\/li>\n<li>Disajni materijal<\/li>\n<li>Skrivena oznaka \u201cPeach Pump\u201d<\/li>\n<li>Logo &#8220;Peach Pump&#8221; na ramenu<\/li>\n<li>Model koji oblikuje figuru<\/li>\n<li>Elasti\u010dni materijal savr\u0161eno pristaje<\/li>\n<li>Bez \u0161avova sprijeda<\/li>\n<li>Pogodan i za vi\u0161e dame<\/li>\n<\/ul>\n<p>Sastav: 80% poliester 20% elastan<\/p>\n<p>Kombinezon se mo\u017ee prati na temperaturi do 30 stupnjeva, nemojte ga izbjeljivati \u200b\u200bniti \u010distiti na kemijsko pranje<\/p>\n<p>Manekenka na fotografijama visoka je 167 cm, te\u0161ka 50 kg i pozira u veli\u010dini S<\/p>\n<p>&nbsp;<\/p>\n","protected":false},"excerpt":{"rendered":"<p>Tamnoplavi kombinezon s mekanom pro\u0161ivenom podstavom, disajnom tkaninom, savr\u0161en za vje\u017ebanje ili \u0161etnju po hladnijem vremenu. Model ima patentni zatvara\u010d sprijeda, unutarnji natpis Peach Pump i gumeni logo &#8220;Peach Pump&#8221; na ramenu. Kombinezon savr\u0161eno pristaje uz tijelo i oblikuje ga poput pje\u0161\u010danog sata, prikrivaju\u0107i nesavr\u0161enosti. Model nema \u0161avove sprijeda. Pogodan i za vi\u0161e dame. Modni [&hellip;]<\/p>\n","protected":false},"featured_media":66327,"comment_status":"open","ping_status":"closed","template":"","meta":[],"product_brand":[],"product_cat":[1126,344],"product_tag":[],"class_list":{"0":"post-66755","1":"product","2":"type-product","3":"status-publish","4":"has-post-thumbnail","6":"product_cat-sportski-kombinezoni","7":"product_cat-sportski-kompleti-tajica","8":"pa_cviat-plava","9":"pa_razmer-l-hr","10":"pa_razmer-m-hr","11":"pa_razmer-s-hr-2","12":"inventories-world","13":"inventories-uk","15":"first","16":"instock","17":"taxable","18":"shipping-taxable","19":"purchasable","20":"product-type-variable"},"_links":{"self":[{"href":"https:\/\/staging6.peach-pump.com\/hr\/wp-json\/wp\/v2\/product\/66755","targetHints":{"allow":["GET"]}}],"collection":[{"href":"https:\/\/staging6.peach-pump.com\/hr\/wp-json\/wp\/v2\/product"}],"about":[{"href":"https:\/\/staging6.peach-pump.com\/hr\/wp-json\/wp\/v2\/types\/product"}],"replies":[{"embeddable":true,"href":"https:\/\/staging6.peach-pump.com\/hr\/wp-json\/wp\/v2\/comments?post=66755"}],"version-history":[{"count":0,"href":"https:\/\/staging6.peach-pump.com\/hr\/wp-json\/wp\/v2\/product\/66755\/revisions"}],"wp:featuredmedia":[{"embeddable":true,"href":"https:\/\/staging6.peach-pump.com\/hr\/wp-json\/wp\/v2\/media\/66327"}],"wp:attachment":[{"href":"https:\/\/staging6.peach-pump.com\/hr\/wp-json\/wp\/v2\/media?parent=66755"}],"wp:term":[{"taxonomy":"product_brand","embeddable":true,"href":"https:\/\/staging6.peach-pump.com\/hr\/wp-json\/wp\/v2\/product_brand?post=66755"},{"taxonomy":"product_cat","embeddable":true,"href":"https:\/\/staging6.peach-pump.com\/hr\/wp-json\/wp\/v2\/product_cat?post=66755"},{"taxonomy":"product_tag","embeddable":true,"href":"https:\/\/staging6.peach-pump.com\/hr\/wp-json\/wp\/v2\/product_tag?post=66755"}],"curies":[{"name":"wp","href":"https:\/\/api.w.org\/{rel}","templated":true}]}}