{"id":69779,"date":"2023-12-12T19:48:00","date_gmt":"2023-12-12T17:48:00","guid":{"rendered":"https:\/\/staging6.peach-pump.com\/products\/%d0-b2-%d0-b0-%d1-82-%d0-b8-%d1-80-%d0-b0-%d0-bd-%d1-81-%d1-83-%d0-b8-%d1-82-%d1-87-%d1-8a-%d1-80-%d1-81-%d0-ba-%d0-b0-%d1-87-%d1-83-%d0-bb-%d0-ba-%d0-b0-kapuljaca-%d0-b2-%d0-b1-%d0-b5-%d0-b6-%d0\/"},"modified":"2025-10-31T13:08:01","modified_gmt":"2025-10-31T11:08:01","slug":"majica-kapuljacom-krem-hoodie","status":"publish","type":"product","link":"https:\/\/staging6.peach-pump.com\/hr\/products\/majica-kapuljacom-krem-hoodie\/","title":{"rendered":"Pro\u0161ivena majica s kapulja\u010dom, &#8220;Hoodie&#8221;, krem \u200b\u200bboje"},"content":{"rendered":"<p>Sportska pro\u0161ivena majica s kapulja\u010dom i prednjim &#8220;Hoodie&#8221; d\u017eepom u krem \u200b\u200bboji. Izra\u0111ena od 80% pamuka s mekanom pro\u0161ivenom unutarnjom postavom. Ovaj model hoodie s kapulja\u010dom ima prednji 3D otisak &#8220;Peach Pump&#8221; oja\u010dan s unutarnje strane za ve\u0107u izdr\u017eljivost, nemojte uklanjati oja\u010danu tkaninu niti gla\u010dati otisak. Sportska majica ima spu\u0161tene rukave i vez na jednom rukavu. Moderan \u0161iroki kroj za ve\u0107u udobnost i slobodu kretanja. Ima veliku kapulja\u010du s gumiranim logom &#8220;Peach Pump&#8221; na stra\u017enjoj strani.<\/p>\n<p>Recite &#8220;zdravo&#8221;sljede\u0107oj razini, udobnost i osje\u0107aj meko\u0107e s ovim modelom hoodie.<\/p>\n<ul>\n<li>Slobodan kroj<\/li>\n<li>Spu\u0161teno rame<\/li>\n<li>3D print \u201cPeach Pump\u201d<\/li>\n<li>Kapulja\u010da s gumiranim logom &#8220;Peach Pump&#8221;<\/li>\n<li>Izvezeni natpis na rukavu<\/li>\n<li>Prednji d\u017eep vrste kengur<\/li>\n<li>Meka unutarnja podstava<\/li>\n<li>Rips krajevi na rukavima i donjem dijelu d\u017eempera s kapulja\u010dom<\/li>\n<\/ul>\n<p>Sastav: 80% pamuk 20% poliester.<\/p>\n<p>Hoodie se mo\u017ee prati u perilici u hladnoj vodi, laganoj centrifugi i bez izbjeljiva\u010da, nemojte gla\u010dati print.<\/p>\n<p>Manekenka na fotografiji visoka je 174 cm i ima 52 kg. pozira u veli\u010dini L.<\/p>\n<p>Za ve\u0107u to\u010dnost u odabiru veli\u010dine koristite tablicu.<\/p>\n<p><a href=\"https:\/\/staging6.peach-pump.com\/wp-content\/uploads\/2023\/12\/IMG_2059-300x300.png\"><img loading=\"lazy\" decoding=\"async\" class=\"alignnone size-medium wp-image-62124\" src=\"https:\/\/staging6.peach-pump.com\/wp-content\/uploads\/2023\/12\/IMG_2059-300x300.png\" alt=\"Tablica veli\u010dina Hoodie Peach Pump\" width=\"300\" height=\"300\" srcset=\"https:\/\/staging6.peach-pump.com\/wp-content\/uploads\/2023\/12\/IMG_2059-300x300.png 300w, https:\/\/staging6.peach-pump.com\/wp-content\/uploads\/2023\/12\/IMG_2059-480x480.png 480w, https:\/\/staging6.peach-pump.com\/wp-content\/uploads\/2023\/12\/IMG_2059-1000x1000.png 1000w, https:\/\/staging6.peach-pump.com\/wp-content\/uploads\/2023\/12\/IMG_2059-800x800.png 800w, https:\/\/staging6.peach-pump.com\/wp-content\/uploads\/2023\/12\/IMG_2059-150x150.png 150w, https:\/\/staging6.peach-pump.com\/wp-content\/uploads\/2023\/12\/IMG_2059-768x768.png 768w, https:\/\/staging6.peach-pump.com\/wp-content\/uploads\/2023\/12\/IMG_2059-990x990.png 990w, https:\/\/staging6.peach-pump.com\/wp-content\/uploads\/2023\/12\/IMG_2059-441x441.png 441w, https:\/\/staging6.peach-pump.com\/wp-content\/uploads\/2023\/12\/IMG_2059-100x100.png 100w, https:\/\/staging6.peach-pump.com\/wp-content\/uploads\/2023\/12\/IMG_2059-64x64.png 64w, https:\/\/staging6.peach-pump.com\/wp-content\/uploads\/2023\/12\/IMG_2059.png 1080w\" sizes=\"auto, (max-width: 300px) 100vw, 300px\" \/><\/a><\/p>\n","protected":false},"excerpt":{"rendered":"<p>Sportska pro\u0161ivena majica s kapulja\u010dom i prednjim &#8220;Hoodie&#8221; d\u017eepom u krem \u200b\u200bboji. Izra\u0111ena od 80% pamuka s mekanom pro\u0161ivenom unutarnjom postavom. Ovaj model hoodie s kapulja\u010dom ima prednji 3D otisak &#8220;Peach Pump&#8221; oja\u010dan s unutarnje strane za ve\u0107u izdr\u017eljivost, nemojte uklanjati oja\u010danu tkaninu niti gla\u010dati otisak. Sportska majica ima spu\u0161tene rukave i vez na jednom [&hellip;]<\/p>\n","protected":false},"featured_media":62299,"comment_status":"open","ping_status":"closed","template":"","meta":[],"product_brand":[],"product_cat":[340,1119],"product_tag":[],"class_list":{"0":"post-69779","1":"product","2":"type-product","3":"status-publish","4":"has-post-thumbnail","6":"product_cat-zenske-bluze-sportske","7":"product_cat-zenske-majice-s-kapuljacom-hoodies","8":"pa_cviat-bez","9":"pa_razmer-l-hr","10":"pa_razmer-m-hr","11":"inventories-world","12":"inventories-uk","14":"first","15":"instock","16":"taxable","17":"shipping-taxable","18":"purchasable","19":"product-type-variable"},"_links":{"self":[{"href":"https:\/\/staging6.peach-pump.com\/en\/wp-json\/wp\/v2\/product\/69779","targetHints":{"allow":["GET"]}}],"collection":[{"href":"https:\/\/staging6.peach-pump.com\/en\/wp-json\/wp\/v2\/product"}],"about":[{"href":"https:\/\/staging6.peach-pump.com\/en\/wp-json\/wp\/v2\/types\/product"}],"replies":[{"embeddable":true,"href":"https:\/\/staging6.peach-pump.com\/en\/wp-json\/wp\/v2\/comments?post=69779"}],"version-history":[{"count":0,"href":"https:\/\/staging6.peach-pump.com\/en\/wp-json\/wp\/v2\/product\/69779\/revisions"}],"wp:featuredmedia":[{"embeddable":true,"href":"https:\/\/staging6.peach-pump.com\/en\/wp-json\/wp\/v2\/media\/62299"}],"wp:attachment":[{"href":"https:\/\/staging6.peach-pump.com\/en\/wp-json\/wp\/v2\/media?parent=69779"}],"wp:term":[{"taxonomy":"product_brand","embeddable":true,"href":"https:\/\/staging6.peach-pump.com\/en\/wp-json\/wp\/v2\/product_brand?post=69779"},{"taxonomy":"product_cat","embeddable":true,"href":"https:\/\/staging6.peach-pump.com\/en\/wp-json\/wp\/v2\/product_cat?post=69779"},{"taxonomy":"product_tag","embeddable":true,"href":"https:\/\/staging6.peach-pump.com\/en\/wp-json\/wp\/v2\/product_tag?post=69779"}],"curies":[{"name":"wp","href":"https:\/\/api.w.org\/{rel}","templated":true}]}}