{"id":73531,"date":"2024-04-01T00:49:17","date_gmt":"2024-03-31T22:49:17","guid":{"rendered":"https:\/\/staging6.peach-pump.com\/products\/ruzicasti-sportski-grudnjak-ugradena-podstava\/"},"modified":"2025-10-24T10:04:33","modified_gmt":"2025-10-24T08:04:33","slug":"ruzicasti-sportski-grudnjak-ugradena-podstava","status":"publish","type":"product","link":"https:\/\/staging6.peach-pump.com\/hr\/products\/ruzicasti-sportski-grudnjak-ugradena-podstava\/","title":{"rendered":"Be\u0161avni, ru\u017ei\u010dasti sportski grudnjak s ugra\u0111enom podstavom"},"content":{"rendered":"<p>Be\u0161avni ru\u017ei\u010dasti sportski grudnjakod boje pepela ru\u017ee s ugra\u0111enom podstavom koja se ne mo\u017ee uklanjati. Model je izra\u0111en od mekane, visoko elasti\u010dne, disajne tkanine koja odvodi znoj od tijela. Sportski grudnjak se mo\u017ee nositi ispod odje\u0107e jer je njegov dizajn neprimjetan, a osje\u0107at \u0107ete potpunu udobnost i slobodu kretanja. Veli\u010dina je univerzalna, ima kop\u010danje u 4 razine i \u0161iroku elasti\u010dnu gumicu. Model je dostupan u razli\u010ditim bojama, mo\u017eete ga kombinirati s tajicama iste ili druge boje. Pogledajte u rubrici &#8211; &#8220;Sportski kompleti&#8221;.<\/p>\n<ul>\n<li> Ugra\u0111ena podstava<\/li>\n<li> Push-up efekt<\/li>\n<li> Duboko izrezan stra\u017enji dio.<\/li>\n<li> Velika elasti\u010dnost<\/li>\n<li> \u010cetverorazinsko kop\u010danje<\/li>\n<li> Toplinski zape\u010da\u0107eni logo Peach Pump na bo\u010dnoj strani grudnjaka<\/li>\n<li> Tehnologija za odvo\u0111enje znoja<\/li>\n<\/ul>\n<p>Sastav: 80% poliester 20% elastan<\/p>\n<p>Grudnjak se mo\u017ee prati na temperaturi do 30 stupnjeva, molimo nemojte koristiti izbjeljiva\u010d niti kemijsko \u010di\u0161\u0107enje.<\/p>\n<p>Manekenka na fotografiji je visoka 178 cm, te\u0161ka 54 kg i nosi veli\u010dinu M.<\/p>\n<p>Koristite tablice za odabir to\u010dne veli\u010dine.<\/p>\n<p>&nbsp;<\/p>\n<p><a href=\"https:\/\/staging6.peach-pump.com\/wp-content\/uploads\/2024\/04\/7ACDDC23-3BB3-4220-B273-C079DABBAC53.png\"><img loading=\"lazy\" decoding=\"async\" class=\"alignnone wp-image-72618 \" src=\"https:\/\/staging6.peach-pump.com\/wp-content\/uploads\/2024\/04\/7ACDDC23-3BB3-4220-B273-C079DABBAC53.png\" alt=\"\" width=\"553\" height=\"553\" srcset=\"https:\/\/staging6.peach-pump.com\/wp-content\/uploads\/2024\/04\/7ACDDC23-3BB3-4220-B273-C079DABBAC53.png 1080w, https:\/\/staging6.peach-pump.com\/wp-content\/uploads\/2024\/04\/7ACDDC23-3BB3-4220-B273-C079DABBAC53-480x480.png 480w, https:\/\/staging6.peach-pump.com\/wp-content\/uploads\/2024\/04\/7ACDDC23-3BB3-4220-B273-C079DABBAC53-1000x1000.png 1000w, https:\/\/staging6.peach-pump.com\/wp-content\/uploads\/2024\/04\/7ACDDC23-3BB3-4220-B273-C079DABBAC53-300x300.png 300w, https:\/\/staging6.peach-pump.com\/wp-content\/uploads\/2024\/04\/7ACDDC23-3BB3-4220-B273-C079DABBAC53-800x800.png 800w, https:\/\/staging6.peach-pump.com\/wp-content\/uploads\/2024\/04\/7ACDDC23-3BB3-4220-B273-C079DABBAC53-150x150.png 150w, https:\/\/staging6.peach-pump.com\/wp-content\/uploads\/2024\/04\/7ACDDC23-3BB3-4220-B273-C079DABBAC53-768x768.png 768w, https:\/\/staging6.peach-pump.com\/wp-content\/uploads\/2024\/04\/7ACDDC23-3BB3-4220-B273-C079DABBAC53-990x990.png 990w, https:\/\/staging6.peach-pump.com\/wp-content\/uploads\/2024\/04\/7ACDDC23-3BB3-4220-B273-C079DABBAC53-441x441.png 441w, https:\/\/staging6.peach-pump.com\/wp-content\/uploads\/2024\/04\/7ACDDC23-3BB3-4220-B273-C079DABBAC53-100x100.png 100w, https:\/\/staging6.peach-pump.com\/wp-content\/uploads\/2024\/04\/7ACDDC23-3BB3-4220-B273-C079DABBAC53-64x64.png 64w\" sizes=\"auto, (max-width: 553px) 100vw, 553px\" \/><\/a><\/p>\n","protected":false},"excerpt":{"rendered":"<p>Be\u0161avni ru\u017ei\u010dasti sportski grudnjakod boje pepela ru\u017ee s ugra\u0111enom podstavom koja se ne mo\u017ee uklanjati. Model je izra\u0111en od mekane, visoko elasti\u010dne, disajne tkanine koja odvodi znoj od tijela. Sportski grudnjak se mo\u017ee nositi ispod odje\u0107e jer je njegov dizajn neprimjetan, a osje\u0107at \u0107ete potpunu udobnost i slobodu kretanja. Veli\u010dina je univerzalna, ima kop\u010danje u [&hellip;]<\/p>\n","protected":false},"featured_media":73084,"comment_status":"open","ping_status":"closed","template":"","meta":[],"product_brand":[],"product_cat":[341],"product_tag":[],"class_list":{"0":"post-73531","1":"product","2":"type-product","3":"status-publish","4":"has-post-thumbnail","6":"product_cat-sportski-grudnjaci","7":"pa_cviat-ruzicasta","8":"pa_razmer-l-hr","9":"pa_razmer-m-hr","10":"pa_razmer-s-hr-2","11":"inventories-world","12":"inventories-uk","14":"first","15":"instock","16":"taxable","17":"shipping-taxable","18":"purchasable","19":"product-type-variable"},"_links":{"self":[{"href":"https:\/\/staging6.peach-pump.com\/en\/wp-json\/wp\/v2\/product\/73531","targetHints":{"allow":["GET"]}}],"collection":[{"href":"https:\/\/staging6.peach-pump.com\/en\/wp-json\/wp\/v2\/product"}],"about":[{"href":"https:\/\/staging6.peach-pump.com\/en\/wp-json\/wp\/v2\/types\/product"}],"replies":[{"embeddable":true,"href":"https:\/\/staging6.peach-pump.com\/en\/wp-json\/wp\/v2\/comments?post=73531"}],"version-history":[{"count":0,"href":"https:\/\/staging6.peach-pump.com\/en\/wp-json\/wp\/v2\/product\/73531\/revisions"}],"wp:featuredmedia":[{"embeddable":true,"href":"https:\/\/staging6.peach-pump.com\/en\/wp-json\/wp\/v2\/media\/73084"}],"wp:attachment":[{"href":"https:\/\/staging6.peach-pump.com\/en\/wp-json\/wp\/v2\/media?parent=73531"}],"wp:term":[{"taxonomy":"product_brand","embeddable":true,"href":"https:\/\/staging6.peach-pump.com\/en\/wp-json\/wp\/v2\/product_brand?post=73531"},{"taxonomy":"product_cat","embeddable":true,"href":"https:\/\/staging6.peach-pump.com\/en\/wp-json\/wp\/v2\/product_cat?post=73531"},{"taxonomy":"product_tag","embeddable":true,"href":"https:\/\/staging6.peach-pump.com\/en\/wp-json\/wp\/v2\/product_tag?post=73531"}],"curies":[{"name":"wp","href":"https:\/\/api.w.org\/{rel}","templated":true}]}}