{"id":73539,"date":"2024-04-01T01:14:25","date_gmt":"2024-03-31T23:14:25","guid":{"rendered":"https:\/\/staging6.peach-pump.com\/products\/besavni-sportski-komplet-ruzicasti-2\/"},"modified":"2025-10-23T12:29:35","modified_gmt":"2025-10-23T10:29:35","slug":"besavni-sportski-komplet-ruzicasti-2","status":"publish","type":"product","link":"https:\/\/staging6.peach-pump.com\/hr\/products\/besavni-sportski-komplet-ruzicasti-2\/","title":{"rendered":"Be\u0161avni sportski komplet u ru\u017ei\u010dastoj boji"},"content":{"rendered":"<p>\u017denski be\u0161avni dvodijelni sportski komplet u ru\u017ei\u010dastoj boji s efektom oblikovanja i podizanja. Tajice su izra\u0111ene od be\u0161avne tkanine u boji pepela ru\u017ee, visokog struka i \u0161irokog rips pojasa koji nje\u017eno ste\u017ee i lijepo oblikuje struk. Sportski grudnjak ima podstavu,duboko izrezan stra\u017enji dio i \u010detverorazinsko kop\u010danje koje regulira opseg prsa. Ovaj set savr\u0161eno pristaje uz tijelo i oblikuje figuru, udoban je kako za aktivne sporta\u0161ice, tako i za le\u017eernije kardio vje\u017ebe i \u0161etnje.<\/p>\n<p>O sportskom grudnjaku: &#8211;<\/p>\n<ul>\n<li>Ugra\u0111ena podstava<\/li>\n<li>Push-up efekt<\/li>\n<li>Duboki rez na le\u0111ima<\/li>\n<li>Velika elasti\u010dnost<\/li>\n<li>\u010cetverorazinsko kop\u010danje<\/li>\n<li>Toplinski zape\u010da\u0107eni logo Peach Pump na bo\u010dnoj strani grudnjaka<\/li>\n<li>Tehnologija za odvo\u0111enje znoja<\/li>\n<\/ul>\n<p>O tajicama:<\/p>\n<ul>\n<li>Visok struk<\/li>\n<li>Tkanina bez \u0161avova<\/li>\n<li>Podi\u017eu, oblikuju, prikrivaju problemati\u010dna podru\u010dja<\/li>\n<li>Rips pojas koji omotava ki\u010dmu.<\/li>\n<li>Peachy efekt<\/li>\n<li>Bez \u0161avova sprijeda<\/li>\n<li>Toplinski zape\u010da\u0107eni logo Peach Pump na stra\u017enjoj strani tajice<\/li>\n<li>Tehnologija za odvo\u0111enje znoja<\/li>\n<\/ul>\n<p>Sastav: 80% poliester 20% elastan.<\/p>\n<p>Komplet se mo\u017ee prati na temperaturi do 30 stupnjeva, molimo ne mojte koristiti izbjeljiva\u010d \u200b\u200bniti kemijsko \u010di\u0161\u0107enje.<\/p>\n<p>Manekenka na fotografiji visoka je 178 cm, te\u0161ka 54 kg i pozira u M veli\u010dini za sportskog grudnjaka, M veli\u010dini za tajice<\/p>\n<p>Koristite tablice za odabir to\u010dne veli\u010dine.<\/p>\n<p><a href=\"https:\/\/staging6.peach-pump.com\/wp-content\/uploads\/2024\/04\/7ACDDC23-3BB3-4220-B273-C079DABBAC53-800x800.png\"> <\/a><a href=\"https:\/\/staging6.peach-pump.com\/wp-content\/uploads\/2024\/04\/7ACDDC23-3BB3-4220-B273-C079DABBAC53-800x800.png\" target=\"_blank\" rel=\"noopener\"><img loading=\"lazy\" decoding=\"async\" class=\"alignnone wp-image-72618\" src=\"https:\/\/staging6.peach-pump.com\/wp-content\/uploads\/2024\/04\/7ACDDC23-3BB3-4220-B273-C079DABBAC53-800x800.png\" alt=\"\" width=\"500\" height=\"500\" srcset=\"https:\/\/staging6.peach-pump.com\/wp-content\/uploads\/2024\/04\/7ACDDC23-3BB3-4220-B273-C079DABBAC53-800x800.png 800w, https:\/\/staging6.peach-pump.com\/wp-content\/uploads\/2024\/04\/7ACDDC23-3BB3-4220-B273-C079DABBAC53-480x480.png 480w, https:\/\/staging6.peach-pump.com\/wp-content\/uploads\/2024\/04\/7ACDDC23-3BB3-4220-B273-C079DABBAC53-1000x1000.png 1000w, https:\/\/staging6.peach-pump.com\/wp-content\/uploads\/2024\/04\/7ACDDC23-3BB3-4220-B273-C079DABBAC53-300x300.png 300w, https:\/\/staging6.peach-pump.com\/wp-content\/uploads\/2024\/04\/7ACDDC23-3BB3-4220-B273-C079DABBAC53-150x150.png 150w, https:\/\/staging6.peach-pump.com\/wp-content\/uploads\/2024\/04\/7ACDDC23-3BB3-4220-B273-C079DABBAC53-768x768.png 768w, https:\/\/staging6.peach-pump.com\/wp-content\/uploads\/2024\/04\/7ACDDC23-3BB3-4220-B273-C079DABBAC53-990x990.png 990w, https:\/\/staging6.peach-pump.com\/wp-content\/uploads\/2024\/04\/7ACDDC23-3BB3-4220-B273-C079DABBAC53-441x441.png 441w, https:\/\/staging6.peach-pump.com\/wp-content\/uploads\/2024\/04\/7ACDDC23-3BB3-4220-B273-C079DABBAC53-100x100.png 100w, https:\/\/staging6.peach-pump.com\/wp-content\/uploads\/2024\/04\/7ACDDC23-3BB3-4220-B273-C079DABBAC53-64x64.png 64w, https:\/\/staging6.peach-pump.com\/wp-content\/uploads\/2024\/04\/7ACDDC23-3BB3-4220-B273-C079DABBAC53.png 1080w\" sizes=\"auto, (max-width: 500px) 100vw, 500px\" \/><\/a><\/p>\n<p><a href=\"https:\/\/staging6.peach-pump.com\/wp-content\/uploads\/2024\/04\/C274427E-CD99-455E-B65B-E536C277DEAA.png\" target=\"_blank\" rel=\"noopener\"><img loading=\"lazy\" decoding=\"async\" class=\"alignnone wp-image-72322\" src=\"https:\/\/staging6.peach-pump.com\/wp-content\/uploads\/2024\/04\/C274427E-CD99-455E-B65B-E536C277DEAA.png\" alt=\"\" width=\"714\" height=\"536\" srcset=\"https:\/\/staging6.peach-pump.com\/wp-content\/uploads\/2024\/04\/C274427E-CD99-455E-B65B-E536C277DEAA.png 1024w, https:\/\/staging6.peach-pump.com\/wp-content\/uploads\/2024\/04\/C274427E-CD99-455E-B65B-E536C277DEAA-480x360.png 480w, https:\/\/staging6.peach-pump.com\/wp-content\/uploads\/2024\/04\/C274427E-CD99-455E-B65B-E536C277DEAA-1000x750.png 1000w, https:\/\/staging6.peach-pump.com\/wp-content\/uploads\/2024\/04\/C274427E-CD99-455E-B65B-E536C277DEAA-400x300.png 400w, https:\/\/staging6.peach-pump.com\/wp-content\/uploads\/2024\/04\/C274427E-CD99-455E-B65B-E536C277DEAA-768x576.png 768w, https:\/\/staging6.peach-pump.com\/wp-content\/uploads\/2024\/04\/C274427E-CD99-455E-B65B-E536C277DEAA-990x743.png 990w, https:\/\/staging6.peach-pump.com\/wp-content\/uploads\/2024\/04\/C274427E-CD99-455E-B65B-E536C277DEAA-441x331.png 441w, https:\/\/staging6.peach-pump.com\/wp-content\/uploads\/2024\/04\/C274427E-CD99-455E-B65B-E536C277DEAA-150x113.png 150w, https:\/\/staging6.peach-pump.com\/wp-content\/uploads\/2024\/04\/C274427E-CD99-455E-B65B-E536C277DEAA-64x48.png 64w\" sizes=\"auto, (max-width: 714px) 100vw, 714px\" \/><\/a><\/p>\n","protected":false},"excerpt":{"rendered":"<p>\u017denski be\u0161avni dvodijelni sportski komplet u ru\u017ei\u010dastoj boji s efektom oblikovanja i podizanja. Tajice su izra\u0111ene od be\u0161avne tkanine u boji pepela ru\u017ee, visokog struka i \u0161irokog rips pojasa koji nje\u017eno ste\u017ee i lijepo oblikuje struk. Sportski grudnjak ima podstavu,duboko izrezan stra\u017enji dio i \u010detverorazinsko kop\u010danje koje regulira opseg prsa. Ovaj set savr\u0161eno pristaje uz [&hellip;]<\/p>\n","protected":false},"featured_media":72657,"comment_status":"open","ping_status":"closed","template":"","meta":[],"product_brand":[],"product_cat":[342,344],"product_tag":[],"class_list":{"0":"post-73539","1":"product","2":"type-product","3":"status-publish","4":"has-post-thumbnail","6":"product_cat-zenska-sportska-kombinacije","7":"product_cat-sportski-kompleti-tajica","8":"inventories-world","9":"inventories-uk","11":"first","12":"instock","13":"virtual","14":"taxable","15":"purchasable","16":"product-type-yith_bundle"},"_links":{"self":[{"href":"https:\/\/staging6.peach-pump.com\/hr\/wp-json\/wp\/v2\/product\/73539","targetHints":{"allow":["GET"]}}],"collection":[{"href":"https:\/\/staging6.peach-pump.com\/hr\/wp-json\/wp\/v2\/product"}],"about":[{"href":"https:\/\/staging6.peach-pump.com\/hr\/wp-json\/wp\/v2\/types\/product"}],"replies":[{"embeddable":true,"href":"https:\/\/staging6.peach-pump.com\/hr\/wp-json\/wp\/v2\/comments?post=73539"}],"version-history":[{"count":0,"href":"https:\/\/staging6.peach-pump.com\/hr\/wp-json\/wp\/v2\/product\/73539\/revisions"}],"wp:featuredmedia":[{"embeddable":true,"href":"https:\/\/staging6.peach-pump.com\/hr\/wp-json\/wp\/v2\/media\/72657"}],"wp:attachment":[{"href":"https:\/\/staging6.peach-pump.com\/hr\/wp-json\/wp\/v2\/media?parent=73539"}],"wp:term":[{"taxonomy":"product_brand","embeddable":true,"href":"https:\/\/staging6.peach-pump.com\/hr\/wp-json\/wp\/v2\/product_brand?post=73539"},{"taxonomy":"product_cat","embeddable":true,"href":"https:\/\/staging6.peach-pump.com\/hr\/wp-json\/wp\/v2\/product_cat?post=73539"},{"taxonomy":"product_tag","embeddable":true,"href":"https:\/\/staging6.peach-pump.com\/hr\/wp-json\/wp\/v2\/product_tag?post=73539"}],"curies":[{"name":"wp","href":"https:\/\/api.w.org\/{rel}","templated":true}]}}