{"id":73558,"date":"2024-04-06T15:39:41","date_gmt":"2024-04-06T13:39:41","guid":{"rendered":"https:\/\/staging6.peach-pump.com\/?post_type=product&#038;p=73558"},"modified":"2025-11-06T20:57:05","modified_gmt":"2025-11-06T18:57:05","slug":"kratka-crna-sportska-bluza","status":"publish","type":"product","link":"https:\/\/staging6.peach-pump.com\/hr\/products\/kratka-crna-sportska-bluza\/","title":{"rendered":"Kratka crna sportska bluza s vezom Peach Pump"},"content":{"rendered":"<p>Kratka crna sportska bluza s natpisom, spektakularnim sivim 3D vezom Peach Pump Ovaj Crop Top je od pamuka, mekan na dodir i savr\u0161en za toplije vrijeme. Pogodan je kako za \u0161etnju u slobodno vrijeme, tako i za vje\u017ebanje u teretani jer \u0107ete se osje\u0107ati ugodno i seksi. Model se savr\u0161eno kombinira uz kratke hla\u010de ili tajice brenda, kako bi upotpunili Va\u0161 savr\u0161eni izgled.<\/p>\n<ul>\n<li>Crop Top<\/li>\n<li>Spektakularan dizajn<\/li>\n<li>3D izvezeni natpisi i logo Peach Pump sprijeda<\/li>\n<li>Pamu\u010dna tkanina<\/li>\n<\/ul>\n<p>Sastav: 95% pamuk, 5% elastin<\/p>\n<p>Bluza se mo\u017ee prati na temperaturi do 30 stupnjeva, nemojte koristiti izbjeljiva\u010d niti kemijsko \u010di\u0161\u0107enje.<\/p>\n<p>Manekenka na slici visoka je 170, te\u0161ka 49 kg i pozira u veli\u010dini S.<\/p>\n<p>Koristite tablice za odabir to\u010dne veli\u010dine.<\/p>\n","protected":false},"excerpt":{"rendered":"<p>Kratka crna sportska bluza s natpisom, spektakularnim sivim 3D vezom Peach Pump Ovaj Crop Top je od pamuka, mekan na dodir i savr\u0161en za toplije vrijeme. Pogodan je kako za \u0161etnju u slobodno vrijeme, tako i za vje\u017ebanje u teretani jer \u0107ete se osje\u0107ati ugodno i seksi. Model se savr\u0161eno kombinira uz kratke hla\u010de ili [&hellip;]<\/p>\n","protected":false},"featured_media":74013,"comment_status":"open","ping_status":"closed","template":"","meta":[],"product_brand":[],"product_cat":[340],"product_tag":[],"class_list":{"0":"post-73558","1":"product","2":"type-product","3":"status-publish","4":"has-post-thumbnail","6":"product_cat-zenske-bluze-sportske","7":"pa_cviat-crno","8":"pa_razmer-m-hr","9":"pa_razmer-s-hr-2","10":"inventories-world","11":"inventories-uk","13":"first","14":"instock","15":"sale","16":"taxable","17":"shipping-taxable","18":"purchasable","19":"product-type-variable"},"_links":{"self":[{"href":"https:\/\/staging6.peach-pump.com\/hr\/wp-json\/wp\/v2\/product\/73558","targetHints":{"allow":["GET"]}}],"collection":[{"href":"https:\/\/staging6.peach-pump.com\/hr\/wp-json\/wp\/v2\/product"}],"about":[{"href":"https:\/\/staging6.peach-pump.com\/hr\/wp-json\/wp\/v2\/types\/product"}],"replies":[{"embeddable":true,"href":"https:\/\/staging6.peach-pump.com\/hr\/wp-json\/wp\/v2\/comments?post=73558"}],"version-history":[{"count":0,"href":"https:\/\/staging6.peach-pump.com\/hr\/wp-json\/wp\/v2\/product\/73558\/revisions"}],"wp:featuredmedia":[{"embeddable":true,"href":"https:\/\/staging6.peach-pump.com\/hr\/wp-json\/wp\/v2\/media\/74013"}],"wp:attachment":[{"href":"https:\/\/staging6.peach-pump.com\/hr\/wp-json\/wp\/v2\/media?parent=73558"}],"wp:term":[{"taxonomy":"product_brand","embeddable":true,"href":"https:\/\/staging6.peach-pump.com\/hr\/wp-json\/wp\/v2\/product_brand?post=73558"},{"taxonomy":"product_cat","embeddable":true,"href":"https:\/\/staging6.peach-pump.com\/hr\/wp-json\/wp\/v2\/product_cat?post=73558"},{"taxonomy":"product_tag","embeddable":true,"href":"https:\/\/staging6.peach-pump.com\/hr\/wp-json\/wp\/v2\/product_tag?post=73558"}],"curies":[{"name":"wp","href":"https:\/\/api.w.org\/{rel}","templated":true}]}}