{"id":73567,"date":"2024-04-06T21:20:46","date_gmt":"2024-04-06T19:20:46","guid":{"rendered":"https:\/\/staging6.peach-pump.com\/?post_type=product&#038;p=73567"},"modified":"2025-10-03T10:33:16","modified_gmt":"2025-10-03T08:33:16","slug":"zenska-sportska-jakna-vjetrovka-ruzicasta","status":"publish","type":"product","link":"https:\/\/staging6.peach-pump.com\/hr\/products\/zenska-sportska-jakna-vjetrovka-ruzicasta\/","title":{"rendered":"Ru\u017ei\u010dasta \u017eenska sportska jakna vrsta vjetrovke"},"content":{"rendered":"<p>Ru\u017ei\u010dasta \u017eenska sportska jakna s kapulja\u010dom, ograni\u010dena serija brenda spektakularnog dizajna u svijetloru\u017ei\u010dastoj boji. Model je tip vjetrovke, pogodan za tr\u010danje ili \u0161etnju, za vjetrovite proljetne i ljetne dane. Jakna s kapulja\u010dom ima stezanje oko struka i gumirani logo Peach Pump. Tkanina prekrasno lomi svjetlost i stvara osje\u0107aj kozmi\u010dkog dizajna. Uz ovaj prekrasan model bit \u0107ete zapa\u017eeni i druga\u010diji, savr\u0161eno se kombinira uz sportskih setova \u010distih boja brenda.<\/p>\n<ul>\n<li>Svjetlo reflektiraju\u0107a tkanina<\/li>\n<li>Kapulja\u010da<\/li>\n<li>Podesivi porub s elasti\u010dnim vezicama<\/li>\n<li>Kop\u010danje patentnim zatvara\u010dem na prednjem dijelu<\/li>\n<li>Gumirani logo Peach Pump<\/li>\n<li>Gumice na rukavima<\/li>\n<\/ul>\n<p>Sastav: 100% poliester<\/p>\n<p>Jakna se mo\u017ee prati na temperaturama do 30 stupnjeva, nemojte koristiti izbjeljiva\u010d ili kemijsko \u010di\u0161\u0107enje.<\/p>\n<p>Manekenka na slici visoka je 170, te\u0161ka 49 kg i pozira u veli\u010dini S.<\/p>\n<p>Koristite tablice za odabir to\u010dne veli\u010dine.<\/p>\n","protected":false},"excerpt":{"rendered":"<p>Ru\u017ei\u010dasta \u017eenska sportska jakna s kapulja\u010dom, ograni\u010dena serija brenda spektakularnog dizajna u svijetloru\u017ei\u010dastoj boji. Model je tip vjetrovke, pogodan za tr\u010danje ili \u0161etnju, za vjetrovite proljetne i ljetne dane. Jakna s kapulja\u010dom ima stezanje oko struka i gumirani logo Peach Pump. Tkanina prekrasno lomi svjetlost i stvara osje\u0107aj kozmi\u010dkog dizajna. Uz ovaj prekrasan model bit [&hellip;]<\/p>\n","protected":false},"featured_media":74091,"comment_status":"open","ping_status":"closed","template":"","meta":[],"product_brand":[],"product_cat":[919],"product_tag":[],"class_list":{"0":"post-73567","1":"product","2":"type-product","3":"status-publish","4":"has-post-thumbnail","6":"product_cat-zenske-jakne","7":"pa_cviat-ruzicasta","8":"pa_razmer-m-hr","9":"pa_razmer-s-hr-2","10":"inventories-world","11":"inventories-uk","13":"first","14":"instock","15":"taxable","16":"shipping-taxable","17":"purchasable","18":"product-type-variable"},"_links":{"self":[{"href":"https:\/\/staging6.peach-pump.com\/hr\/wp-json\/wp\/v2\/product\/73567","targetHints":{"allow":["GET"]}}],"collection":[{"href":"https:\/\/staging6.peach-pump.com\/hr\/wp-json\/wp\/v2\/product"}],"about":[{"href":"https:\/\/staging6.peach-pump.com\/hr\/wp-json\/wp\/v2\/types\/product"}],"replies":[{"embeddable":true,"href":"https:\/\/staging6.peach-pump.com\/hr\/wp-json\/wp\/v2\/comments?post=73567"}],"version-history":[{"count":0,"href":"https:\/\/staging6.peach-pump.com\/hr\/wp-json\/wp\/v2\/product\/73567\/revisions"}],"wp:featuredmedia":[{"embeddable":true,"href":"https:\/\/staging6.peach-pump.com\/hr\/wp-json\/wp\/v2\/media\/74091"}],"wp:attachment":[{"href":"https:\/\/staging6.peach-pump.com\/hr\/wp-json\/wp\/v2\/media?parent=73567"}],"wp:term":[{"taxonomy":"product_brand","embeddable":true,"href":"https:\/\/staging6.peach-pump.com\/hr\/wp-json\/wp\/v2\/product_brand?post=73567"},{"taxonomy":"product_cat","embeddable":true,"href":"https:\/\/staging6.peach-pump.com\/hr\/wp-json\/wp\/v2\/product_cat?post=73567"},{"taxonomy":"product_tag","embeddable":true,"href":"https:\/\/staging6.peach-pump.com\/hr\/wp-json\/wp\/v2\/product_tag?post=73567"}],"curies":[{"name":"wp","href":"https:\/\/api.w.org\/{rel}","templated":true}]}}