{"id":78686,"date":"2024-05-06T15:02:46","date_gmt":"2024-05-06T13:02:46","guid":{"rendered":"https:\/\/staging6.peach-pump.com\/products\/komplet-tajice-i-sportski-grudnjak-tamnoplavi\/"},"modified":"2025-11-07T11:41:51","modified_gmt":"2025-11-07T09:41:51","slug":"komplet-tajice-i-sportski-grudnjak-tamnoplavi","status":"publish","type":"product","link":"https:\/\/staging6.peach-pump.com\/hr\/products\/komplet-tajice-i-sportski-grudnjak-tamnoplavi\/","title":{"rendered":"Be\u0161avne tamnoplave tajice i sportski grudnjak"},"content":{"rendered":"<p>Sportski be\u0161avni komplet tajice i sportski grudnjak u tamnoplavoj boji izra\u0111ene od elasti\u010dne i na dodir meke tkanine. Ovaj model savr\u0161eno oblikuje tijelo, tajice imaju \u0161iroki rips pojas s ugraviranim natpisom &#8220;Peach Pump&#8221; koji nje\u017eno ste\u017ee struk. Tkanina tajica prikriva problemati\u010dna podru\u010dja, odvodi vlagu od tijela i ima elemente koji oblikuju stra\u017enjicu poput breskve, za lijepu i gracioznu siluetu. Grudnjak ima podesive naramenice, podstava koja se po \u017eelji skida, mo\u017ee se nositi ispod odje\u0107e jer je neprimjetnog dizajna, a osje\u0107at \u0107ete udobnost i slobodu kretanja. Sportski komplet mo\u017eete kombinirati s dodatkom &#8211; kapom i jaknom brenda, za savr\u0161enu zavr\u0161nicu va\u0161eg Peach Pump izgleda.<\/p>\n<p>O sportskom grudnjaku :<\/p>\n<ul>\n<li> Podstava koja se mo\u017ee ukloniti<\/li>\n<li> Push-up efekt<\/li>\n<li> Podesive naramenice<\/li>\n<li> Velika elasti\u010dnost<\/li>\n<li> Toplinski zape\u010da\u0107eni logo Peach Pump na bo\u010dnoj strani grudnjaka<\/li>\n<li> Tehnologija za odvo\u0111enje vlage iz tijela<\/li>\n<\/ul>\n<p>O tajicama:<\/p>\n<ul>\n<li>Visok struk<\/li>\n<li>Tkanina bez \u0161avova<\/li>\n<li>Podi\u017eu, oblikuju, prikrivaju problemati\u010dna podru\u010dja<\/li>\n<li>Rips pojas koji omotava ki\u010dmu.<\/li>\n<li>Peachy efekt<\/li>\n<li>Bez \u0161avova sprijeda<\/li>\n<li>Toplinski zape\u010da\u0107eni logo Peach Pump na stra\u017enjoj strani tajice<\/li>\n<li>Ugravirano Peach Pump na pojasu<\/li>\n<li>Tkanina koja odvodi vlagu s tijela<\/li>\n<\/ul>\n<p>Sastav: 80% poliester 20% elastan<\/p>\n<p>Komplet se mo\u017ee prati na temperaturi do 30 stupnjeva, nemojte izbjeljivati \u200b\u200bniti \u010distiti na kemijsko pranje.<\/p>\n<p>Manekenka na fotografiji visoka je 178 cm, te\u0161ka 54 kg, i pozira tajicama veli\u010dine S i sportskim grudnjakom veli\u010dine S.<\/p>\n<p>Koristite tablice za odabir to\u010dne veli\u010dine.<\/p>\n","protected":false},"excerpt":{"rendered":"<p>Sportski be\u0161avni komplet tajice i sportski grudnjak u tamnoplavoj boji izra\u0111ene od elasti\u010dne i na dodir meke tkanine. Ovaj model savr\u0161eno oblikuje tijelo, tajice imaju \u0161iroki rips pojas s ugraviranim natpisom &#8220;Peach Pump&#8221; koji nje\u017eno ste\u017ee struk. Tkanina tajica prikriva problemati\u010dna podru\u010dja, odvodi vlagu od tijela i ima elemente koji oblikuju stra\u017enjicu poput breskve, za [&hellip;]<\/p>\n","protected":false},"featured_media":76694,"comment_status":"open","ping_status":"closed","template":"","meta":[],"product_brand":[],"product_cat":[342,344],"product_tag":[],"class_list":{"0":"post-78686","1":"product","2":"type-product","3":"status-publish","4":"has-post-thumbnail","6":"product_cat-zenska-sportska-kombinacije","7":"product_cat-sportski-kompleti-tajica","8":"pa_cviat-tamno-plava","9":"inventories-world","10":"inventories-uk","12":"first","13":"instock","14":"taxable","15":"shipping-taxable","16":"purchasable","17":"product-type-yith_bundle"},"_links":{"self":[{"href":"https:\/\/staging6.peach-pump.com\/hr\/wp-json\/wp\/v2\/product\/78686","targetHints":{"allow":["GET"]}}],"collection":[{"href":"https:\/\/staging6.peach-pump.com\/hr\/wp-json\/wp\/v2\/product"}],"about":[{"href":"https:\/\/staging6.peach-pump.com\/hr\/wp-json\/wp\/v2\/types\/product"}],"replies":[{"embeddable":true,"href":"https:\/\/staging6.peach-pump.com\/hr\/wp-json\/wp\/v2\/comments?post=78686"}],"version-history":[{"count":0,"href":"https:\/\/staging6.peach-pump.com\/hr\/wp-json\/wp\/v2\/product\/78686\/revisions"}],"wp:featuredmedia":[{"embeddable":true,"href":"https:\/\/staging6.peach-pump.com\/hr\/wp-json\/wp\/v2\/media\/76694"}],"wp:attachment":[{"href":"https:\/\/staging6.peach-pump.com\/hr\/wp-json\/wp\/v2\/media?parent=78686"}],"wp:term":[{"taxonomy":"product_brand","embeddable":true,"href":"https:\/\/staging6.peach-pump.com\/hr\/wp-json\/wp\/v2\/product_brand?post=78686"},{"taxonomy":"product_cat","embeddable":true,"href":"https:\/\/staging6.peach-pump.com\/hr\/wp-json\/wp\/v2\/product_cat?post=78686"},{"taxonomy":"product_tag","embeddable":true,"href":"https:\/\/staging6.peach-pump.com\/hr\/wp-json\/wp\/v2\/product_tag?post=78686"}],"curies":[{"name":"wp","href":"https:\/\/api.w.org\/{rel}","templated":true}]}}