{"id":78696,"date":"2024-05-14T21:19:10","date_gmt":"2024-05-14T19:19:10","guid":{"rendered":"https:\/\/staging6.peach-pump.com\/products\/skracena-majica-crvena\/"},"modified":"2025-11-06T17:21:51","modified_gmt":"2025-11-06T15:21:51","slug":"skracena-majica-crvena","status":"publish","type":"product","link":"https:\/\/staging6.peach-pump.com\/hr\/products\/skracena-majica-crvena\/","title":{"rendered":"Crvena kratka majica vrste sweatshirt s mekim vezom"},"content":{"rendered":"<p>Sportska crvena skra\u0107ena majica sa \u0161irokim rukavima od 100% pamuka. Ovaj moderan model sportske bluze ima prorez na jednom ramenu, spektakularan 3D vez nje\u017enih slova. Mo\u017ee se nositi preko sportske odje\u0107e u teretani ili tijekom \u0161etnje. Udobnost i sloboda kretanja.<\/p>\n<ul>\n<li>Prorez na ramenu<\/li>\n<li>Spektakularan 3D vez s mekim slovima<\/li>\n<li>Crop top<\/li>\n<li>\u0160iroki rukavi<\/li>\n<li>Univerzalna veli\u010dina<\/li>\n<\/ul>\n<p>Sastav: 100% pamuk<\/p>\n<p>Sweatshirt se mo\u017ee prati na temperaturi do 30 stupnjeva, nemojte koristiti izbjeljiva\u010d ili kemijsko \u010di\u0161\u0107enje.<\/p>\n<p>Manekenka na fotografiji visoka je 178 cm i ima 54 kg<\/p>\n<p>&nbsp;<\/p>\n","protected":false},"excerpt":{"rendered":"<p>Sportska crvena skra\u0107ena majica sa \u0161irokim rukavima od 100% pamuka. Ovaj moderan model sportske bluze ima prorez na jednom ramenu, spektakularan 3D vez nje\u017enih slova. Mo\u017ee se nositi preko sportske odje\u0107e u teretani ili tijekom \u0161etnje. Udobnost i sloboda kretanja. Prorez na ramenu Spektakularan 3D vez s mekim slovima Crop top \u0160iroki rukavi Univerzalna veli\u010dina [&hellip;]<\/p>\n","protected":false},"featured_media":77790,"comment_status":"open","ping_status":"closed","template":"","meta":[],"product_brand":[],"product_cat":[340,1119],"product_tag":[],"class_list":{"0":"post-78696","1":"product","2":"type-product","3":"status-publish","4":"has-post-thumbnail","6":"product_cat-zenske-bluze-sportske","7":"product_cat-zenske-majice-s-kapuljacom-hoodies","8":"pa_cviat-crvena","9":"pa_razmer-jedna-velicina","10":"inventories-world","11":"inventories-uk","13":"first","14":"instock","15":"sale","16":"taxable","17":"shipping-taxable","18":"purchasable","19":"product-type-variable"},"_links":{"self":[{"href":"https:\/\/staging6.peach-pump.com\/hr\/wp-json\/wp\/v2\/product\/78696","targetHints":{"allow":["GET"]}}],"collection":[{"href":"https:\/\/staging6.peach-pump.com\/hr\/wp-json\/wp\/v2\/product"}],"about":[{"href":"https:\/\/staging6.peach-pump.com\/hr\/wp-json\/wp\/v2\/types\/product"}],"replies":[{"embeddable":true,"href":"https:\/\/staging6.peach-pump.com\/hr\/wp-json\/wp\/v2\/comments?post=78696"}],"version-history":[{"count":0,"href":"https:\/\/staging6.peach-pump.com\/hr\/wp-json\/wp\/v2\/product\/78696\/revisions"}],"wp:featuredmedia":[{"embeddable":true,"href":"https:\/\/staging6.peach-pump.com\/hr\/wp-json\/wp\/v2\/media\/77790"}],"wp:attachment":[{"href":"https:\/\/staging6.peach-pump.com\/hr\/wp-json\/wp\/v2\/media?parent=78696"}],"wp:term":[{"taxonomy":"product_brand","embeddable":true,"href":"https:\/\/staging6.peach-pump.com\/hr\/wp-json\/wp\/v2\/product_brand?post=78696"},{"taxonomy":"product_cat","embeddable":true,"href":"https:\/\/staging6.peach-pump.com\/hr\/wp-json\/wp\/v2\/product_cat?post=78696"},{"taxonomy":"product_tag","embeddable":true,"href":"https:\/\/staging6.peach-pump.com\/hr\/wp-json\/wp\/v2\/product_tag?post=78696"}],"curies":[{"name":"wp","href":"https:\/\/api.w.org\/{rel}","templated":true}]}}