{"id":78702,"date":"2024-05-14T21:38:58","date_gmt":"2024-05-14T19:38:58","guid":{"rendered":"https:\/\/staging6.peach-pump.com\/products\/gripovi-za-utege-ruzicaste\/"},"modified":"2025-07-15T13:59:42","modified_gmt":"2025-07-15T11:59:42","slug":"gripovi-za-utege-ruzicaste","status":"publish","type":"product","link":"https:\/\/staging6.peach-pump.com\/hr\/products\/gripovi-za-utege-ruzicaste\/","title":{"rendered":"\u017denski gripovi za utege u ru\u017ei\u010dastoj boji"},"content":{"rendered":"<p>Udobne \u017eenske gripove za utege u ru\u017ei\u010dastoj boji, dizajnirane za bolje hvatanje prilikom izvo\u0111enja nekih vje\u017ebi ili treninga u teretani i dvorani za cross-fit. Mogu se koristiti za zgibove, dizanje i druge vje\u017ebe, a gornji dio mo\u017ee poslu\u017eiti i za za\u0161titu dlana. Imaju ko\u017eni gornji dio i steznice koji \u010dvrsto fiksiraju dr\u017eanje.<\/p>\n<ul>\n<li>Ko\u017eni gornji dio za bolje prianjanje za vrijeme vje\u017ebanja<\/li>\n<li>Steznice s \u010dvrstim lijepljenjem<\/li>\n<li>Gumeni logo<\/li>\n<li>Podstava od neoprena<\/li>\n<li>Torbica za \u010duvanje<\/li>\n<\/ul>\n<p>Sastav: ko\u017ea, guma, neopren<\/p>\n<p>Univerzalna veli\u010dina<\/p>\n","protected":false},"excerpt":{"rendered":"<p>Udobne \u017eenske gripove za utege u ru\u017ei\u010dastoj boji, dizajnirane za bolje hvatanje prilikom izvo\u0111enja nekih vje\u017ebi ili treninga u teretani i dvorani za cross-fit. Mogu se koristiti za zgibove, dizanje i druge vje\u017ebe, a gornji dio mo\u017ee poslu\u017eiti i za za\u0161titu dlana. Imaju ko\u017eni gornji dio i steznice koji \u010dvrsto fiksiraju dr\u017eanje. Ko\u017eni gornji dio [&hellip;]<\/p>\n","protected":false},"featured_media":77910,"comment_status":"open","ping_status":"closed","template":"","meta":[],"product_brand":[],"product_cat":[787],"product_tag":[],"class_list":{"0":"post-78702","1":"product","2":"type-product","3":"status-publish","4":"has-post-thumbnail","6":"product_cat-pribor","7":"pa_cviat-ruzicasta","8":"pa_razmer-jedna-velicina","9":"inventories-world","10":"inventories-uk","12":"first","13":"instock","14":"taxable","15":"shipping-taxable","16":"purchasable","17":"product-type-variable"},"_links":{"self":[{"href":"https:\/\/staging6.peach-pump.com\/en\/wp-json\/wp\/v2\/product\/78702","targetHints":{"allow":["GET"]}}],"collection":[{"href":"https:\/\/staging6.peach-pump.com\/en\/wp-json\/wp\/v2\/product"}],"about":[{"href":"https:\/\/staging6.peach-pump.com\/en\/wp-json\/wp\/v2\/types\/product"}],"replies":[{"embeddable":true,"href":"https:\/\/staging6.peach-pump.com\/en\/wp-json\/wp\/v2\/comments?post=78702"}],"version-history":[{"count":0,"href":"https:\/\/staging6.peach-pump.com\/en\/wp-json\/wp\/v2\/product\/78702\/revisions"}],"wp:featuredmedia":[{"embeddable":true,"href":"https:\/\/staging6.peach-pump.com\/en\/wp-json\/wp\/v2\/media\/77910"}],"wp:attachment":[{"href":"https:\/\/staging6.peach-pump.com\/en\/wp-json\/wp\/v2\/media?parent=78702"}],"wp:term":[{"taxonomy":"product_brand","embeddable":true,"href":"https:\/\/staging6.peach-pump.com\/en\/wp-json\/wp\/v2\/product_brand?post=78702"},{"taxonomy":"product_cat","embeddable":true,"href":"https:\/\/staging6.peach-pump.com\/en\/wp-json\/wp\/v2\/product_cat?post=78702"},{"taxonomy":"product_tag","embeddable":true,"href":"https:\/\/staging6.peach-pump.com\/en\/wp-json\/wp\/v2\/product_tag?post=78702"}],"curies":[{"name":"wp","href":"https:\/\/api.w.org\/{rel}","templated":true}]}}