{"id":82211,"date":"2024-06-25T11:03:37","date_gmt":"2024-06-25T09:03:37","guid":{"rendered":"https:\/\/staging6.peach-pump.com\/products\/sportski-grudnjak-s-natpisima-crni\/"},"modified":"2025-10-18T17:28:53","modified_gmt":"2025-10-18T15:28:53","slug":"sportski-grudnjak-s-natpisima-crni","status":"publish","type":"product","link":"https:\/\/staging6.peach-pump.com\/hr\/products\/sportski-grudnjak-s-natpisima-crni\/","title":{"rendered":"Crni sportski grudnjak s natpisom Peach Pump Y"},"content":{"rendered":"<p>Crni sportski grudnjal s natpisom i podstavom, s efektom Super Push-Up. Ovaj sportski grudnjak u stilu &#8216;Y&#8217; ima natpis Peach Pump sprijeda i kri\u017ena le\u0111a s podesivim naramenicama. Materijal je izuzetno nje\u017ean i elasti\u010dan, odvodi vlagu od tijela, ima \u0161iroku gumicu spod poprsja, a kop\u010danje na le\u0111ima ima tri razine. Model je pogodan za tr\u010danje, jogu, fitness, pilates i sve vrste sportova ili za svakodnevno no\u0161enje, va\u0161e poprsje \u0107e biti fiksirano, a vi \u0107ete se osje\u0107ati udobno i sigurno.<\/p>\n<ul>\n<li>Podstava koja se mo\u017ee ukloniti<\/li>\n<li>Push-up efekt<\/li>\n<li>Kri\u017ena le\u0111a s podesivim naramenicama<\/li>\n<li>Elasti\u010dna gumica ispod poprsja s kop\u010danjem u 3 razine<\/li>\n<li>Toplinski zape\u010da\u0107eni logo Peach Pump<\/li>\n<li>&#8220;Y&#8221; natpis Peach Pump sprijeda<\/li>\n<li>Materijal koji odvodi vlagu od tijela<\/li>\n<\/ul>\n<p>Sastav: 70% poliester 30% elastan<\/p>\n<p>Grudnjak se mo\u017ee prati na temperaturi do 30 stupnjeva, molimo nemojte koristiti izbjeljiva\u010d niti kemijsko \u010di\u0161\u0107enje.<\/p>\n<p>Manekenka na fotografiji visoka je 167 cm, te\u0161ka 53 kg i pozira s veli\u010dinom S.<\/p>\n<p>Koristite tablice za odabir to\u010dne veli\u010dine.<\/p>\n<p><a href=\"https:\/\/staging6.peach-pump.com\/wp-content\/uploads\/2024\/06\/Sport-Bras-Peach-Pump-size-chart-800x800.jpg\"><img loading=\"lazy\" decoding=\"async\" class=\"alignnone wp-image-80917 \" src=\"https:\/\/staging6.peach-pump.com\/wp-content\/uploads\/2024\/06\/Sport-Bras-Peach-Pump-size-chart-800x800.jpg\" alt=\"\" width=\"527\" height=\"527\" srcset=\"https:\/\/staging6.peach-pump.com\/wp-content\/uploads\/2024\/06\/Sport-Bras-Peach-Pump-size-chart-800x800.jpg 800w, https:\/\/staging6.peach-pump.com\/wp-content\/uploads\/2024\/06\/Sport-Bras-Peach-Pump-size-chart-480x480.jpg 480w, https:\/\/staging6.peach-pump.com\/wp-content\/uploads\/2024\/06\/Sport-Bras-Peach-Pump-size-chart-1000x1000.jpg 1000w, https:\/\/staging6.peach-pump.com\/wp-content\/uploads\/2024\/06\/Sport-Bras-Peach-Pump-size-chart-300x300.jpg 300w, https:\/\/staging6.peach-pump.com\/wp-content\/uploads\/2024\/06\/Sport-Bras-Peach-Pump-size-chart-150x150.jpg 150w, https:\/\/staging6.peach-pump.com\/wp-content\/uploads\/2024\/06\/Sport-Bras-Peach-Pump-size-chart-768x768.jpg 768w, https:\/\/staging6.peach-pump.com\/wp-content\/uploads\/2024\/06\/Sport-Bras-Peach-Pump-size-chart-990x990.jpg 990w, https:\/\/staging6.peach-pump.com\/wp-content\/uploads\/2024\/06\/Sport-Bras-Peach-Pump-size-chart-441x441.jpg 441w, https:\/\/staging6.peach-pump.com\/wp-content\/uploads\/2024\/06\/Sport-Bras-Peach-Pump-size-chart-100x100.jpg 100w, https:\/\/staging6.peach-pump.com\/wp-content\/uploads\/2024\/06\/Sport-Bras-Peach-Pump-size-chart-64x64.jpg 64w, https:\/\/staging6.peach-pump.com\/wp-content\/uploads\/2024\/06\/Sport-Bras-Peach-Pump-size-chart.jpg 1080w\" sizes=\"auto, (max-width: 527px) 100vw, 527px\" \/><\/a><\/p>\n","protected":false},"excerpt":{"rendered":"<p>Crni sportski grudnjal s natpisom i podstavom, s efektom Super Push-Up. Ovaj sportski grudnjak u stilu &#8216;Y&#8217; ima natpis Peach Pump sprijeda i kri\u017ena le\u0111a s podesivim naramenicama. Materijal je izuzetno nje\u017ean i elasti\u010dan, odvodi vlagu od tijela, ima \u0161iroku gumicu spod poprsja, a kop\u010danje na le\u0111ima ima tri razine. Model je pogodan za tr\u010danje, [&hellip;]<\/p>\n","protected":false},"featured_media":81721,"comment_status":"open","ping_status":"closed","template":"","meta":[],"product_brand":[],"product_cat":[341],"product_tag":[],"class_list":{"0":"post-82211","1":"product","2":"type-product","3":"status-publish","4":"has-post-thumbnail","6":"product_cat-sportski-grudnjaci","7":"pa_cviat-crno","8":"pa_razmer-l-hr","9":"pa_razmer-m-hr","10":"pa_razmer-s-hr-2","11":"inventories-world","12":"inventories-uk","14":"first","15":"instock","16":"taxable","17":"shipping-taxable","18":"purchasable","19":"product-type-variable"},"_links":{"self":[{"href":"https:\/\/staging6.peach-pump.com\/en\/wp-json\/wp\/v2\/product\/82211","targetHints":{"allow":["GET"]}}],"collection":[{"href":"https:\/\/staging6.peach-pump.com\/en\/wp-json\/wp\/v2\/product"}],"about":[{"href":"https:\/\/staging6.peach-pump.com\/en\/wp-json\/wp\/v2\/types\/product"}],"replies":[{"embeddable":true,"href":"https:\/\/staging6.peach-pump.com\/en\/wp-json\/wp\/v2\/comments?post=82211"}],"version-history":[{"count":0,"href":"https:\/\/staging6.peach-pump.com\/en\/wp-json\/wp\/v2\/product\/82211\/revisions"}],"wp:featuredmedia":[{"embeddable":true,"href":"https:\/\/staging6.peach-pump.com\/en\/wp-json\/wp\/v2\/media\/81721"}],"wp:attachment":[{"href":"https:\/\/staging6.peach-pump.com\/en\/wp-json\/wp\/v2\/media?parent=82211"}],"wp:term":[{"taxonomy":"product_brand","embeddable":true,"href":"https:\/\/staging6.peach-pump.com\/en\/wp-json\/wp\/v2\/product_brand?post=82211"},{"taxonomy":"product_cat","embeddable":true,"href":"https:\/\/staging6.peach-pump.com\/en\/wp-json\/wp\/v2\/product_cat?post=82211"},{"taxonomy":"product_tag","embeddable":true,"href":"https:\/\/staging6.peach-pump.com\/en\/wp-json\/wp\/v2\/product_tag?post=82211"}],"curies":[{"name":"wp","href":"https:\/\/api.w.org\/{rel}","templated":true}]}}