{"id":82223,"date":"2024-06-25T11:26:30","date_gmt":"2024-06-25T09:26:30","guid":{"rendered":"https:\/\/staging6.peach-pump.com\/products\/bijeli-sportski-grudnjak-s-natpisima\/"},"modified":"2025-11-04T12:53:40","modified_gmt":"2025-11-04T10:53:40","slug":"bijeli-sportski-grudnjak-s-natpisima","status":"publish","type":"product","link":"https:\/\/staging6.peach-pump.com\/hr\/products\/bijeli-sportski-grudnjak-s-natpisima\/","title":{"rendered":"Bijeli sportski grudnjak s natpisom Peach Pump X"},"content":{"rendered":"<p>Bijeli sportski grudnjak s natpisima i podstavom Super Push-Up efekta koja se mo\u017ee skinuti. Ovaj &#8220;X&#8221; model sportskog grudnjaka ima kri\u017ena le\u0111a s natpisom &#8220;Peach Pump&#8221; i podesivim naramenicama. Materijal je izuzetno nje\u017ean i elasti\u010dan, odvodi vlagu od tijela, ispod poprsja ima \u0161iroku gumicu, a kop\u010danje na le\u0111ima ima vi\u0161e razina. Model je pogodan za tr\u010danje, jogu, fitness, pilates i sve vrste sportova ili za svakodnevno no\u0161enje, va\u0161e poprsje \u0107e biti fiksirano, a vi \u0107ete se osje\u0107ati udobno i sigurno.<\/p>\n<ul>\n<li>Podstava koja se mo\u017ee ukloniti<\/li>\n<li>Push-up efekt<\/li>\n<li>Kri\u017ena le\u0111a s podesivim naramenicama i natpisom Peach Pump<\/li>\n<li>Elasti\u010dna gumica ispod poprsja s kop\u010danjem u 3 razine<\/li>\n<li>Toplinski zape\u010da\u0107eni logo Peach Pump<\/li>\n<li>Materijal koji odvodi vlagu od tijela<\/li>\n<\/ul>\n<p>Sastav: 70% poliester 30% elastan<\/p>\n<p>Sportski grudnjak se mo\u017ee prati na temperaturi do 30 stupnjeva, molimo nemojte koristiti izbjeljiva\u010d niti kemijsko \u010di\u0161\u0107enje.<\/p>\n<p>Manekenka na fotografiji visoka je 167 cm, te\u0161ka 53 kg i pozira s veli\u010dinom S.<\/p>\n<p>Koristite tablice za odabir to\u010dne veli\u010dine.<\/p>\n<p><a href=\"https:\/\/staging6.peach-pump.com\/wp-content\/uploads\/2024\/06\/Sport-Bras-Peach-Pump-size-chart-800x800.jpg\"><img loading=\"lazy\" decoding=\"async\" class=\"alignnone wp-image-80917 \" src=\"https:\/\/staging6.peach-pump.com\/wp-content\/uploads\/2024\/06\/Sport-Bras-Peach-Pump-size-chart-800x800.jpg\" alt=\"\" width=\"580\" height=\"580\" srcset=\"https:\/\/staging6.peach-pump.com\/wp-content\/uploads\/2024\/06\/Sport-Bras-Peach-Pump-size-chart-800x800.jpg 800w, https:\/\/staging6.peach-pump.com\/wp-content\/uploads\/2024\/06\/Sport-Bras-Peach-Pump-size-chart-480x480.jpg 480w, https:\/\/staging6.peach-pump.com\/wp-content\/uploads\/2024\/06\/Sport-Bras-Peach-Pump-size-chart-1000x1000.jpg 1000w, https:\/\/staging6.peach-pump.com\/wp-content\/uploads\/2024\/06\/Sport-Bras-Peach-Pump-size-chart-300x300.jpg 300w, https:\/\/staging6.peach-pump.com\/wp-content\/uploads\/2024\/06\/Sport-Bras-Peach-Pump-size-chart-150x150.jpg 150w, https:\/\/staging6.peach-pump.com\/wp-content\/uploads\/2024\/06\/Sport-Bras-Peach-Pump-size-chart-768x768.jpg 768w, https:\/\/staging6.peach-pump.com\/wp-content\/uploads\/2024\/06\/Sport-Bras-Peach-Pump-size-chart-990x990.jpg 990w, https:\/\/staging6.peach-pump.com\/wp-content\/uploads\/2024\/06\/Sport-Bras-Peach-Pump-size-chart-441x441.jpg 441w, https:\/\/staging6.peach-pump.com\/wp-content\/uploads\/2024\/06\/Sport-Bras-Peach-Pump-size-chart-100x100.jpg 100w, https:\/\/staging6.peach-pump.com\/wp-content\/uploads\/2024\/06\/Sport-Bras-Peach-Pump-size-chart-64x64.jpg 64w, https:\/\/staging6.peach-pump.com\/wp-content\/uploads\/2024\/06\/Sport-Bras-Peach-Pump-size-chart.jpg 1080w\" sizes=\"auto, (max-width: 580px) 100vw, 580px\" \/><\/a><\/p>\n","protected":false},"excerpt":{"rendered":"<p>Bijeli sportski grudnjak s natpisima i podstavom Super Push-Up efekta koja se mo\u017ee skinuti. Ovaj &#8220;X&#8221; model sportskog grudnjaka ima kri\u017ena le\u0111a s natpisom &#8220;Peach Pump&#8221; i podesivim naramenicama. Materijal je izuzetno nje\u017ean i elasti\u010dan, odvodi vlagu od tijela, ispod poprsja ima \u0161iroku gumicu, a kop\u010danje na le\u0111ima ima vi\u0161e razina. Model je pogodan za [&hellip;]<\/p>\n","protected":false},"featured_media":81647,"comment_status":"open","ping_status":"closed","template":"","meta":[],"product_brand":[],"product_cat":[341],"product_tag":[],"class_list":{"0":"post-82223","1":"product","2":"type-product","3":"status-publish","4":"has-post-thumbnail","6":"product_cat-sportski-grudnjaci","7":"pa_cviat-bijel","8":"pa_razmer-l-hr","9":"pa_razmer-m-hr","10":"pa_razmer-s-hr-2","11":"inventories-world","12":"inventories-uk","14":"first","15":"instock","16":"taxable","17":"shipping-taxable","18":"purchasable","19":"product-type-variable"},"_links":{"self":[{"href":"https:\/\/staging6.peach-pump.com\/hr\/wp-json\/wp\/v2\/product\/82223","targetHints":{"allow":["GET"]}}],"collection":[{"href":"https:\/\/staging6.peach-pump.com\/hr\/wp-json\/wp\/v2\/product"}],"about":[{"href":"https:\/\/staging6.peach-pump.com\/hr\/wp-json\/wp\/v2\/types\/product"}],"replies":[{"embeddable":true,"href":"https:\/\/staging6.peach-pump.com\/hr\/wp-json\/wp\/v2\/comments?post=82223"}],"version-history":[{"count":0,"href":"https:\/\/staging6.peach-pump.com\/hr\/wp-json\/wp\/v2\/product\/82223\/revisions"}],"wp:featuredmedia":[{"embeddable":true,"href":"https:\/\/staging6.peach-pump.com\/hr\/wp-json\/wp\/v2\/media\/81647"}],"wp:attachment":[{"href":"https:\/\/staging6.peach-pump.com\/hr\/wp-json\/wp\/v2\/media?parent=82223"}],"wp:term":[{"taxonomy":"product_brand","embeddable":true,"href":"https:\/\/staging6.peach-pump.com\/hr\/wp-json\/wp\/v2\/product_brand?post=82223"},{"taxonomy":"product_cat","embeddable":true,"href":"https:\/\/staging6.peach-pump.com\/hr\/wp-json\/wp\/v2\/product_cat?post=82223"},{"taxonomy":"product_tag","embeddable":true,"href":"https:\/\/staging6.peach-pump.com\/hr\/wp-json\/wp\/v2\/product_tag?post=82223"}],"curies":[{"name":"wp","href":"https:\/\/api.w.org\/{rel}","templated":true}]}}