{"id":82982,"date":"2024-06-25T12:31:20","date_gmt":"2024-06-25T10:31:20","guid":{"rendered":"https:\/\/staging6.peach-pump.com\/products\/crne-charleston-tajice-efektom-oblikovanja\/"},"modified":"2025-11-07T00:13:17","modified_gmt":"2025-11-06T22:13:17","slug":"crne-charleston-tajice-efektom-oblikovanja","status":"publish","type":"product","link":"https:\/\/staging6.peach-pump.com\/hr\/products\/crne-charleston-tajice-efektom-oblikovanja\/","title":{"rendered":"Crne charleston tajice s efektom oblikovanja"},"content":{"rendered":"<p>Be\u0161avne crne \u010darlston tajice s efektom oblikovanja i podizanja Peach Pump. Ovaj model oblikuje siluetu izdu\u017euju\u0107i noge i skupljaju\u0107i struk. Vrlo moderne i spektakularne za sezonu. Mo\u017eete ga kombinirati sa sportskim grudnjakom iz na\u0161e nove kolekcije. Materijal tajica je disajni, vrlo elasti\u010dan i odvodi vlagu od tijela, pru\u017ea potpunu slobodu kretanja, \u010dine\u0107i da se osje\u0107ate samouvjereno i seksi. Pogodan za vje\u017ebe ili \u0161etnju parkom.<\/p>\n<ul>\n<li>\u0160iroke nogavice tipa Charleston<\/li>\n<li>Bez \u0161avova sprijeda<\/li>\n<li>Oblikuje i prikriva problemati\u010dna podru\u010dja<\/li>\n<li>Elasti\u010dna tkanina<\/li>\n<li>Peachy efekt<\/li>\n<li>Toplinski zape\u010da\u0107eni logo Peach Pump na stra\u017enjoj strani tajice<\/li>\n<li>Natpis Peach Pump sprijeda na bedru<\/li>\n<li>Materijal koji odvodi vlagu od tijela<\/li>\n<li>Zanimljiv dizajn<\/li>\n<li>Visok struk<\/li>\n<\/ul>\n<p>Sastav: 80% poliester 20% elastan.<\/p>\n<p>Model 1: na fotografiji je visoka 167 cm, te\u0161ka 52 kg i pozira s veli\u010dinom S.<\/p>\n<p>Model 2: na fotografiji je visoka 178 cm, te\u0161ka 56 kg i nosi veli\u010dinu M.<\/p>\n<p>Tajice se mogu prati na temperaturi do 30 stupnjeva, molimo nemojte koristiti izbjeljiva\u010d niti kemijsko \u010di\u0161\u0107enje<\/p>\n<p>Koristite tablice za odabir to\u010dne veli\u010dine.<\/p>\n<p>&nbsp;<\/p>\n","protected":false},"excerpt":{"rendered":"<p>Be\u0161avne crne \u010darlston tajice s efektom oblikovanja i podizanja Peach Pump. Ovaj model oblikuje siluetu izdu\u017euju\u0107i noge i skupljaju\u0107i struk. Vrlo moderne i spektakularne za sezonu. Mo\u017eete ga kombinirati sa sportskim grudnjakom iz na\u0161e nove kolekcije. Materijal tajica je disajni, vrlo elasti\u010dan i odvodi vlagu od tijela, pru\u017ea potpunu slobodu kretanja, \u010dine\u0107i da se osje\u0107ate [&hellip;]<\/p>\n","protected":false},"featured_media":81889,"comment_status":"open","ping_status":"closed","template":"","meta":[],"product_brand":[],"product_cat":[136,293],"product_tag":[],"class_list":{"0":"post-82982","1":"product","2":"type-product","3":"status-publish","4":"has-post-thumbnail","6":"product_cat-zenske-sportske-tajice","7":"product_cat-zenske-tajice-duge","8":"pa_cviat-crno","9":"pa_razmer-l-hr","10":"pa_razmer-m-hr","11":"pa_razmer-s-hr-2","12":"inventories-world","13":"inventories-uk","15":"first","16":"instock","17":"taxable","18":"shipping-taxable","19":"purchasable","20":"product-type-variable"},"_links":{"self":[{"href":"https:\/\/staging6.peach-pump.com\/en\/wp-json\/wp\/v2\/product\/82982","targetHints":{"allow":["GET"]}}],"collection":[{"href":"https:\/\/staging6.peach-pump.com\/en\/wp-json\/wp\/v2\/product"}],"about":[{"href":"https:\/\/staging6.peach-pump.com\/en\/wp-json\/wp\/v2\/types\/product"}],"replies":[{"embeddable":true,"href":"https:\/\/staging6.peach-pump.com\/en\/wp-json\/wp\/v2\/comments?post=82982"}],"version-history":[{"count":0,"href":"https:\/\/staging6.peach-pump.com\/en\/wp-json\/wp\/v2\/product\/82982\/revisions"}],"wp:featuredmedia":[{"embeddable":true,"href":"https:\/\/staging6.peach-pump.com\/en\/wp-json\/wp\/v2\/media\/81889"}],"wp:attachment":[{"href":"https:\/\/staging6.peach-pump.com\/en\/wp-json\/wp\/v2\/media?parent=82982"}],"wp:term":[{"taxonomy":"product_brand","embeddable":true,"href":"https:\/\/staging6.peach-pump.com\/en\/wp-json\/wp\/v2\/product_brand?post=82982"},{"taxonomy":"product_cat","embeddable":true,"href":"https:\/\/staging6.peach-pump.com\/en\/wp-json\/wp\/v2\/product_cat?post=82982"},{"taxonomy":"product_tag","embeddable":true,"href":"https:\/\/staging6.peach-pump.com\/en\/wp-json\/wp\/v2\/product_tag?post=82982"}],"curies":[{"name":"wp","href":"https:\/\/api.w.org\/{rel}","templated":true}]}}