{"id":83790,"date":"2024-06-26T23:27:39","date_gmt":"2024-06-26T21:27:39","guid":{"rendered":"https:\/\/staging6.peach-pump.com\/products\/bijela-sportska-jakna-vjetrovka\/"},"modified":"2025-11-06T13:12:52","modified_gmt":"2025-11-06T11:12:52","slug":"bijela-sportska-jakna-vjetrovka","status":"publish","type":"product","link":"https:\/\/staging6.peach-pump.com\/hr\/products\/bijela-sportska-jakna-vjetrovka\/","title":{"rendered":"Bijela sportska jakna tipa vjetrovka"},"content":{"rendered":"<p>Bijela sportska jakna s kapulja\u010dom, biserne boje, ograni\u010dena serija brenda spektakularnog dizajna. Model je tip vjetrovke, pogodan za tr\u010danje ili \u0161etnju, za vjetrovite proljetne i ljetne dane. Jakna s kapulja\u010dom ima stezanje oko struka i gumirani logo Peach Pump. Tkanina prekrasno lomi svjetlost i stvara osje\u0107aj kozmi\u010dkog dizajna. Uz ovaj prekrasan model bit \u0107ete zapa\u017eeni i druga\u010diji, savr\u0161eno se kombinira uz sportskih setova \u010distih boja brenda.<\/p>\n<ul>\n<li>Svjetlo reflektiraju\u0107a tkanina<\/li>\n<li>Kapulja\u010da<\/li>\n<li>Podesivi porub s elasti\u010dnim vezicama<\/li>\n<li>Kop\u010danje patentnim zatvara\u010dem na prednjem dijelu<\/li>\n<li>Gumirani logo Peach Pump<\/li>\n<li>Gumice na rukavima<\/li>\n<\/ul>\n<p>Sastav: 100% poliester<\/p>\n<p>Jakna se mo\u017ee prati na temperaturama do 30 stupnjeva, nemojte koristiti izbjeljiva\u010d ili kemijsko \u010di\u0161\u0107enje.<\/p>\n<p>Manekenka na slici visoka je 170, te\u0161ka 49 kg i pozira u veli\u010dini S.<\/p>\n<p>Koristite tablice za odabir to\u010dne veli\u010dine.<\/p>\n","protected":false},"excerpt":{"rendered":"<p>Bijela sportska jakna s kapulja\u010dom, biserne boje, ograni\u010dena serija brenda spektakularnog dizajna. Model je tip vjetrovke, pogodan za tr\u010danje ili \u0161etnju, za vjetrovite proljetne i ljetne dane. Jakna s kapulja\u010dom ima stezanje oko struka i gumirani logo Peach Pump. Tkanina prekrasno lomi svjetlost i stvara osje\u0107aj kozmi\u010dkog dizajna. Uz ovaj prekrasan model bit \u0107ete zapa\u017eeni [&hellip;]<\/p>\n","protected":false},"featured_media":83421,"comment_status":"open","ping_status":"closed","template":"","meta":[],"product_brand":[],"product_cat":[919],"product_tag":[],"class_list":{"0":"post-83790","1":"product","2":"type-product","3":"status-publish","4":"has-post-thumbnail","6":"product_cat-zenske-jakne","7":"pa_cviat-bijel","8":"pa_razmer-m-hr","9":"pa_razmer-s-hr-2","10":"inventories-world","11":"inventories-uk","13":"first","14":"instock","15":"taxable","16":"shipping-taxable","17":"purchasable","18":"product-type-variable"},"_links":{"self":[{"href":"https:\/\/staging6.peach-pump.com\/hr\/wp-json\/wp\/v2\/product\/83790","targetHints":{"allow":["GET"]}}],"collection":[{"href":"https:\/\/staging6.peach-pump.com\/hr\/wp-json\/wp\/v2\/product"}],"about":[{"href":"https:\/\/staging6.peach-pump.com\/hr\/wp-json\/wp\/v2\/types\/product"}],"replies":[{"embeddable":true,"href":"https:\/\/staging6.peach-pump.com\/hr\/wp-json\/wp\/v2\/comments?post=83790"}],"version-history":[{"count":0,"href":"https:\/\/staging6.peach-pump.com\/hr\/wp-json\/wp\/v2\/product\/83790\/revisions"}],"wp:featuredmedia":[{"embeddable":true,"href":"https:\/\/staging6.peach-pump.com\/hr\/wp-json\/wp\/v2\/media\/83421"}],"wp:attachment":[{"href":"https:\/\/staging6.peach-pump.com\/hr\/wp-json\/wp\/v2\/media?parent=83790"}],"wp:term":[{"taxonomy":"product_brand","embeddable":true,"href":"https:\/\/staging6.peach-pump.com\/hr\/wp-json\/wp\/v2\/product_brand?post=83790"},{"taxonomy":"product_cat","embeddable":true,"href":"https:\/\/staging6.peach-pump.com\/hr\/wp-json\/wp\/v2\/product_cat?post=83790"},{"taxonomy":"product_tag","embeddable":true,"href":"https:\/\/staging6.peach-pump.com\/hr\/wp-json\/wp\/v2\/product_tag?post=83790"}],"curies":[{"name":"wp","href":"https:\/\/api.w.org\/{rel}","templated":true}]}}