{"id":85308,"date":"2024-07-16T11:20:27","date_gmt":"2024-07-16T09:20:27","guid":{"rendered":"https:\/\/staging6.peach-pump.com\/products\/kratke-tajice-bijele-efekt-oblikovanja\/"},"modified":"2025-09-13T13:02:50","modified_gmt":"2025-09-13T11:02:50","slug":"kratke-tajice-bijele-efekt-oblikovanja","status":"publish","type":"product","link":"https:\/\/staging6.peach-pump.com\/hr\/products\/kratke-tajice-bijele-efekt-oblikovanja\/","title":{"rendered":"Bijele \u017eenske kratke tajice s efektom oblikovanja Peach Pump"},"content":{"rendered":"<p>Sportske \u017eenske kratke tajice vrste &#8220;biker shorts&#8221; bijele boje izra\u0111ene od be\u0161avnog, elasti\u010dnog i mekanog materijala na dodir. Ovaj model savr\u0161eno oblikuje tijelo, ima \u0161iroki rips pojas s ugraviranim natpisom &#8220;Peach Pump&#8221;, koji nje\u017eno ste\u017ee struk. Tkanina tajica prikriva problemati\u010dna podru\u010dja, odvodi vlagu od tijela i ima elemente koji oblikuju stra\u017enjicu poput breskve, za lijepu i gracioznu siluetu. Uz ovaj model osje\u0107at \u0107ete se udobno i samouvjereno. Mo\u017eete kombinirati tajice sa sportskim grudnjakom istom dezenu ili svoj sportski izgled u\u010diniti istaknutijim i druga\u010dijim uz na\u0161u bogatu kolekciju jakni, sportskih grudnjaka i dodataka.<\/p>\n<ul>\n<li>Visok struk<\/li>\n<li>Tkanina bez \u0161avova<\/li>\n<li>Podi\u017ee, s efektom oblikovanja, prikriva problemati\u010dna podru\u010dja<\/li>\n<li>Rips pojas koji omotava ki\u010dmu.<\/li>\n<li>Peachy efekt<\/li>\n<li>Toplinski zape\u010da\u0107eni natpis &#8220;Peach Pump&#8221; sprijeda<\/li>\n<li>Bez \u0161avova sprijeda<\/li>\n<li>Toplinski zape\u010da\u0107eni logo Peach Pump na stra\u017enjoj strani tajice<\/li>\n<li>Ugravirano Peach Pump na pojasu<\/li>\n<li>Tkanina koja odvodi vlagu s tijela<\/li>\n<\/ul>\n<p>Sastav: 80% poliester 20% elastan<\/p>\n<p>Proizvod se mo\u017ee prati na temperaturi do 30 stupnjeva, molimo nemojte koristiti izbjeljiva\u010d niti kemijsko \u010di\u0161\u0107enje.<\/p>\n<p>Model na fotografiji visok je 168 cm, te\u017ei 52 kg i pozira u veli\u010dini S.<\/p>\n<p>Koristite tablice za odabir to\u010dne veli\u010dine.<\/p>\n<p>&nbsp;<\/p>\n","protected":false},"excerpt":{"rendered":"<p>Sportske \u017eenske kratke tajice vrste &#8220;biker shorts&#8221; bijele boje izra\u0111ene od be\u0161avnog, elasti\u010dnog i mekanog materijala na dodir. Ovaj model savr\u0161eno oblikuje tijelo, ima \u0161iroki rips pojas s ugraviranim natpisom &#8220;Peach Pump&#8221;, koji nje\u017eno ste\u017ee struk. Tkanina tajica prikriva problemati\u010dna podru\u010dja, odvodi vlagu od tijela i ima elemente koji oblikuju stra\u017enjicu poput breskve, za lijepu [&hellip;]<\/p>\n","protected":false},"featured_media":84348,"comment_status":"open","ping_status":"closed","template":"","meta":[],"product_brand":[],"product_cat":[196,136],"product_tag":[],"class_list":{"0":"post-85308","1":"product","2":"type-product","3":"status-publish","4":"has-post-thumbnail","6":"product_cat-kratke-tajice","7":"product_cat-zenske-sportske-tajice","8":"pa_cviat-bijel","9":"pa_razmer-m-hr","10":"pa_razmer-s-hr-2","11":"inventories-world","12":"inventories-uk","14":"first","15":"instock","16":"taxable","17":"shipping-taxable","18":"purchasable","19":"product-type-variable"},"_links":{"self":[{"href":"https:\/\/staging6.peach-pump.com\/hr\/wp-json\/wp\/v2\/product\/85308","targetHints":{"allow":["GET"]}}],"collection":[{"href":"https:\/\/staging6.peach-pump.com\/hr\/wp-json\/wp\/v2\/product"}],"about":[{"href":"https:\/\/staging6.peach-pump.com\/hr\/wp-json\/wp\/v2\/types\/product"}],"replies":[{"embeddable":true,"href":"https:\/\/staging6.peach-pump.com\/hr\/wp-json\/wp\/v2\/comments?post=85308"}],"version-history":[{"count":0,"href":"https:\/\/staging6.peach-pump.com\/hr\/wp-json\/wp\/v2\/product\/85308\/revisions"}],"wp:featuredmedia":[{"embeddable":true,"href":"https:\/\/staging6.peach-pump.com\/hr\/wp-json\/wp\/v2\/media\/84348"}],"wp:attachment":[{"href":"https:\/\/staging6.peach-pump.com\/hr\/wp-json\/wp\/v2\/media?parent=85308"}],"wp:term":[{"taxonomy":"product_brand","embeddable":true,"href":"https:\/\/staging6.peach-pump.com\/hr\/wp-json\/wp\/v2\/product_brand?post=85308"},{"taxonomy":"product_cat","embeddable":true,"href":"https:\/\/staging6.peach-pump.com\/hr\/wp-json\/wp\/v2\/product_cat?post=85308"},{"taxonomy":"product_tag","embeddable":true,"href":"https:\/\/staging6.peach-pump.com\/hr\/wp-json\/wp\/v2\/product_tag?post=85308"}],"curies":[{"name":"wp","href":"https:\/\/api.w.org\/{rel}","templated":true}]}}