{"id":85329,"date":"2024-07-23T19:09:06","date_gmt":"2024-07-23T17:09:06","guid":{"rendered":"https:\/\/staging6.peach-pump.com\/products\/bijeli-besavni-komplet-kratke-tajice\/"},"modified":"2025-08-13T13:05:41","modified_gmt":"2025-08-13T11:05:41","slug":"bijeli-besavni-komplet-kratke-tajice","status":"publish","type":"product","link":"https:\/\/staging6.peach-pump.com\/hr\/products\/bijeli-besavni-komplet-kratke-tajice\/","title":{"rendered":"Bijeli be\u0161avni komplet kratke tajice i sportski grudnjak s podstavom"},"content":{"rendered":"<p>Sportski bijeli be\u0161avni komplet, kratke tajice i sportski grudnjak, izra\u0111en od elasti\u010dne i mekane tkanine na dodir. Sastoji se od kratkih tajica tipa &#8220;biker shorts&#8221; od be\u0161avnog, elasti\u010dnog i mekanog materijala na dodir. Ovaj model savr\u0161eno oblikuje tijelo, ima \u0161iroki rips pojas s ugraviranim natpisom &#8220;Peach Pump&#8221;, koji nje\u017eno ste\u017ee struk. Tkanina tajica prikriva problemati\u010dna podru\u010dja, odvodi vlagu od tijela i ima elemente koji oblikuju stra\u017enjicu poput breskve, za lijepu i gracioznu siluetu. Grudnjak ima podesive naramenice, podstava koja se po \u017eelji skida, mo\u017ee se nositi ispod odje\u0107e jer je neprimjetnog dizajna, a osje\u0107at \u0107ete udobnost i slobodu kretanja. Sportski set mo\u017eete kombinirati s dodatkom &#8211; kapom i jaknom brenda, za savr\u0161enu zavr\u0161nicu va\u0161eg Peach Pump izgleda.<\/p>\n<p>O sportskom grudnjaku :<\/p>\n<ul>\n<li> Podstava koja se mo\u017ee ukloniti<\/li>\n<li> Push-up efekt<\/li>\n<li> Podesive naramenice<\/li>\n<li> Velika elasti\u010dnost<\/li>\n<li> Toplinski zape\u010da\u0107eni logo Peach Pump na bo\u010dnoj strani grudnjaka<\/li>\n<li> Tkanina koja odvodi vlagu od tijela<\/li>\n<\/ul>\n<p>O tajicama:<\/p>\n<ul>\n<li>Visok struk<\/li>\n<li>Tkanina bez \u0161avova<\/li>\n<li>Podi\u017eu, oblikuju, prikrivaju problemati\u010dna podru\u010dja<\/li>\n<li>Rips pojas koji omotava ki\u010dmu.<\/li>\n<li>Peach Pump efekta oblikovanja<\/li>\n<li>Toplinski zape\u010da\u0107eni natpis &#8220;Peach Pump&#8221; sprijeda<\/li>\n<li>Bez \u0161avova sprijeda<\/li>\n<li>Toplinski zape\u010da\u0107eni logo Peach Pump na stra\u017enjoj strani tajice<\/li>\n<li>Ugravirano Peach Pump na pojasu<\/li>\n<li>Materijal koji odvodi vlagu od tijela<\/li>\n<\/ul>\n<p>Sastav: 80% poliester 20% elastan<\/p>\n<p>Komplet se mo\u017ee prati na temperaturi do 30 stupnjeva, nemojte izbjeljivati \u200b\u200bniti \u010distiti na kemijsko pranje.<\/p>\n<p>Manekenka na slici je visoka 168 cm, te\u0161ka 51 kg, a na sebi ima tajice veli\u010dine S i sportski grudnjak veli\u010dine S.<\/p>\n<p>Koristite tablice za odabir to\u010dne veli\u010dine.<\/p>\n<p>&nbsp;<\/p>\n","protected":false},"excerpt":{"rendered":"<p>Sportski bijeli be\u0161avni komplet, kratke tajice i sportski grudnjak, izra\u0111en od elasti\u010dne i mekane tkanine na dodir. Sastoji se od kratkih tajica tipa &#8220;biker shorts&#8221; od be\u0161avnog, elasti\u010dnog i mekanog materijala na dodir. Ovaj model savr\u0161eno oblikuje tijelo, ima \u0161iroki rips pojas s ugraviranim natpisom &#8220;Peach Pump&#8221;, koji nje\u017eno ste\u017ee struk. Tkanina tajica prikriva problemati\u010dna [&hellip;]<\/p>\n","protected":false},"featured_media":84508,"comment_status":"open","ping_status":"closed","template":"","meta":[],"product_brand":[],"product_cat":[343,342],"product_tag":[],"class_list":{"0":"post-85329","1":"product","2":"type-product","3":"status-publish","4":"has-post-thumbnail","6":"product_cat-kratke-sportske-kombinacije","7":"product_cat-zenska-sportska-kombinacije","8":"pa_cviat-bijel","9":"inventories-world","10":"inventories-uk","12":"first","13":"instock","14":"virtual","15":"taxable","16":"purchasable","17":"product-type-yith_bundle"},"_links":{"self":[{"href":"https:\/\/staging6.peach-pump.com\/hr\/wp-json\/wp\/v2\/product\/85329","targetHints":{"allow":["GET"]}}],"collection":[{"href":"https:\/\/staging6.peach-pump.com\/hr\/wp-json\/wp\/v2\/product"}],"about":[{"href":"https:\/\/staging6.peach-pump.com\/hr\/wp-json\/wp\/v2\/types\/product"}],"replies":[{"embeddable":true,"href":"https:\/\/staging6.peach-pump.com\/hr\/wp-json\/wp\/v2\/comments?post=85329"}],"version-history":[{"count":0,"href":"https:\/\/staging6.peach-pump.com\/hr\/wp-json\/wp\/v2\/product\/85329\/revisions"}],"wp:featuredmedia":[{"embeddable":true,"href":"https:\/\/staging6.peach-pump.com\/hr\/wp-json\/wp\/v2\/media\/84508"}],"wp:attachment":[{"href":"https:\/\/staging6.peach-pump.com\/hr\/wp-json\/wp\/v2\/media?parent=85329"}],"wp:term":[{"taxonomy":"product_brand","embeddable":true,"href":"https:\/\/staging6.peach-pump.com\/hr\/wp-json\/wp\/v2\/product_brand?post=85329"},{"taxonomy":"product_cat","embeddable":true,"href":"https:\/\/staging6.peach-pump.com\/hr\/wp-json\/wp\/v2\/product_cat?post=85329"},{"taxonomy":"product_tag","embeddable":true,"href":"https:\/\/staging6.peach-pump.com\/hr\/wp-json\/wp\/v2\/product_tag?post=85329"}],"curies":[{"name":"wp","href":"https:\/\/api.w.org\/{rel}","templated":true}]}}