{"id":87569,"date":"2024-08-27T22:52:35","date_gmt":"2024-08-27T20:52:35","guid":{"rendered":"https:\/\/staging6.peach-pump.com\/products\/plavi-sportski-komplet-bijeli-savovi\/"},"modified":"2025-05-01T18:31:48","modified_gmt":"2025-05-01T16:31:48","slug":"plavi-sportski-komplet-bijeli-savovi","status":"publish","type":"product","link":"https:\/\/staging6.peach-pump.com\/hr\/products\/plavi-sportski-komplet-bijeli-savovi\/","title":{"rendered":"Plavi sportski komplet s bijelim \u0161avovima"},"content":{"rendered":"<p>Plavi sportski komplet kratkih tajica i poprsja s bijelim \u0161avovima. Komplet se sastoji od: sportskog grudnjaka s bijelim naramenicama i uklonjivom podstavom s efektom podizanja, toplinski zavarenim logotipom \u201ePeach Pump\u201c sprijeda i \u201eBooty shorts\u201c s bijelim \u0161avovima. Ovaj wedge model ima veliku elasti\u010dnost, lijepo se oblikuje, a izra\u0111en je od materijala koji ne zadr\u017eava vlagu u tijelu. Straga je blagi efekt breskve. Svje\u017ei prijedlog uz koji \u0107ete se osje\u0107ati lijepo i seksi.    <\/p>\n<p>O sportskom grudnjaku :<\/p>\n<ul>\n<li> Podstava koja se mo\u017ee ukloniti<\/li>\n<li> Push-up efekt<\/li>\n<li> Velika elasti\u010dnost<\/li>\n<li> Toplinski zape\u010da\u0107eni logo Peach Pump na prednjem dijelu grudnjaka<\/li>\n<li> Materijal koji odvodi vlagu od tijela<\/li>\n<\/ul>\n<p>O tajicama:<\/p>\n<ul>\n<li>Podi\u017eu, oblikuju, prikrivaju problemati\u010dna podru\u010dja<\/li>\n<li>Bez \u0161avova sprijeda<\/li>\n<li>Toplinski zape\u010da\u0107eni logo Peach Pump na stra\u017enjoj strani tajice<\/li>\n<li>Toplinski zape\u010da\u0107eni logo na bo\u010dnoj strani bedra<\/li>\n<li>Materijal koji ne zadr\u017eava vlagu u tijelu<\/li>\n<\/ul>\n<p>Sastav: 80% poliester 20% elastan<\/p>\n<p>Tim se mo\u017ee prati na temperaturi do 30 stupnjeva, preporu\u010dljivo je okrenuti naopako prilikom pranja, nemojte koristiti izbjeljiva\u010d ili kemijsko \u010di\u0161\u0107enje.<\/p>\n<p>Manekenka na fotografiji visoka je 180 cm, te\u0161ka 56 kg i pozira u poprsju veli\u010dine S i tajicama veli\u010dine M.<\/p>\n<p>Koristite tablice za odabir to\u010dne veli\u010dine.<\/p>\n<p><a href=\"https:\/\/staging6.peach-pump.com\/wp-content\/uploads\/2024\/06\/Sport-Bras-Peach-Pump-size-chart-800x800.jpg\"><img loading=\"lazy\" decoding=\"async\" class=\"alignnone wp-image-80917 \" src=\"https:\/\/staging6.peach-pump.com\/wp-content\/uploads\/2024\/06\/Sport-Bras-Peach-Pump-size-chart-800x800.jpg\" alt=\"\" width=\"570\" height=\"570\" srcset=\"https:\/\/staging6.peach-pump.com\/wp-content\/uploads\/2024\/06\/Sport-Bras-Peach-Pump-size-chart-800x800.jpg 800w, https:\/\/staging6.peach-pump.com\/wp-content\/uploads\/2024\/06\/Sport-Bras-Peach-Pump-size-chart-480x480.jpg 480w, https:\/\/staging6.peach-pump.com\/wp-content\/uploads\/2024\/06\/Sport-Bras-Peach-Pump-size-chart-1000x1000.jpg 1000w, https:\/\/staging6.peach-pump.com\/wp-content\/uploads\/2024\/06\/Sport-Bras-Peach-Pump-size-chart-300x300.jpg 300w, https:\/\/staging6.peach-pump.com\/wp-content\/uploads\/2024\/06\/Sport-Bras-Peach-Pump-size-chart-150x150.jpg 150w, https:\/\/staging6.peach-pump.com\/wp-content\/uploads\/2024\/06\/Sport-Bras-Peach-Pump-size-chart-768x768.jpg 768w, https:\/\/staging6.peach-pump.com\/wp-content\/uploads\/2024\/06\/Sport-Bras-Peach-Pump-size-chart-990x990.jpg 990w, https:\/\/staging6.peach-pump.com\/wp-content\/uploads\/2024\/06\/Sport-Bras-Peach-Pump-size-chart-441x441.jpg 441w, https:\/\/staging6.peach-pump.com\/wp-content\/uploads\/2024\/06\/Sport-Bras-Peach-Pump-size-chart-100x100.jpg 100w, https:\/\/staging6.peach-pump.com\/wp-content\/uploads\/2024\/06\/Sport-Bras-Peach-Pump-size-chart-64x64.jpg 64w, https:\/\/staging6.peach-pump.com\/wp-content\/uploads\/2024\/06\/Sport-Bras-Peach-Pump-size-chart.jpg 1080w\" sizes=\"auto, (max-width: 570px) 100vw, 570px\" \/><\/a><a href=\"https:\/\/staging6.peach-pump.com\/wp-content\/uploads\/2024\/06\/Elastic-models-Peach-Pump-size-chart.jpg\"><img loading=\"lazy\" decoding=\"async\" class=\"alignnone wp-image-80867 \" src=\"https:\/\/staging6.peach-pump.com\/wp-content\/uploads\/2024\/06\/Elastic-models-Peach-Pump-size-chart.jpg\" alt=\"\" width=\"683\" height=\"512\" srcset=\"https:\/\/staging6.peach-pump.com\/wp-content\/uploads\/2024\/06\/Elastic-models-Peach-Pump-size-chart.jpg 1024w, https:\/\/staging6.peach-pump.com\/wp-content\/uploads\/2024\/06\/Elastic-models-Peach-Pump-size-chart-480x360.jpg 480w, https:\/\/staging6.peach-pump.com\/wp-content\/uploads\/2024\/06\/Elastic-models-Peach-Pump-size-chart-1000x750.jpg 1000w, https:\/\/staging6.peach-pump.com\/wp-content\/uploads\/2024\/06\/Elastic-models-Peach-Pump-size-chart-400x300.jpg 400w, https:\/\/staging6.peach-pump.com\/wp-content\/uploads\/2024\/06\/Elastic-models-Peach-Pump-size-chart-768x576.jpg 768w, https:\/\/staging6.peach-pump.com\/wp-content\/uploads\/2024\/06\/Elastic-models-Peach-Pump-size-chart-990x743.jpg 990w, https:\/\/staging6.peach-pump.com\/wp-content\/uploads\/2024\/06\/Elastic-models-Peach-Pump-size-chart-441x331.jpg 441w, https:\/\/staging6.peach-pump.com\/wp-content\/uploads\/2024\/06\/Elastic-models-Peach-Pump-size-chart-150x113.jpg 150w, https:\/\/staging6.peach-pump.com\/wp-content\/uploads\/2024\/06\/Elastic-models-Peach-Pump-size-chart-64x48.jpg 64w\" sizes=\"auto, (max-width: 683px) 100vw, 683px\" \/><\/a><\/p>\n","protected":false},"excerpt":{"rendered":"<p>Plavi sportski komplet kratkih tajica i poprsja s bijelim \u0161avovima. Komplet se sastoji od: sportskog grudnjaka s bijelim naramenicama i uklonjivom podstavom s efektom podizanja, toplinski zavarenim logotipom \u201ePeach Pump\u201c sprijeda i \u201eBooty shorts\u201c s bijelim \u0161avovima. Ovaj wedge model ima veliku elasti\u010dnost, lijepo se oblikuje, a izra\u0111en je od materijala koji ne zadr\u017eava vlagu [&hellip;]<\/p>\n","protected":false},"featured_media":87224,"comment_status":"open","ping_status":"closed","template":"","meta":[],"product_brand":[],"product_cat":[343,342],"product_tag":[],"class_list":{"0":"post-87569","1":"product","2":"type-product","3":"status-publish","4":"has-post-thumbnail","6":"product_cat-kratke-sportske-kombinacije","7":"product_cat-zenska-sportska-kombinacije","8":"pa_cviat-plava","9":"inventories-world","10":"inventories-uk","12":"first","13":"instock","14":"virtual","15":"taxable","16":"purchasable","17":"product-type-yith_bundle"},"_links":{"self":[{"href":"https:\/\/staging6.peach-pump.com\/en\/wp-json\/wp\/v2\/product\/87569","targetHints":{"allow":["GET"]}}],"collection":[{"href":"https:\/\/staging6.peach-pump.com\/en\/wp-json\/wp\/v2\/product"}],"about":[{"href":"https:\/\/staging6.peach-pump.com\/en\/wp-json\/wp\/v2\/types\/product"}],"replies":[{"embeddable":true,"href":"https:\/\/staging6.peach-pump.com\/en\/wp-json\/wp\/v2\/comments?post=87569"}],"version-history":[{"count":0,"href":"https:\/\/staging6.peach-pump.com\/en\/wp-json\/wp\/v2\/product\/87569\/revisions"}],"wp:featuredmedia":[{"embeddable":true,"href":"https:\/\/staging6.peach-pump.com\/en\/wp-json\/wp\/v2\/media\/87224"}],"wp:attachment":[{"href":"https:\/\/staging6.peach-pump.com\/en\/wp-json\/wp\/v2\/media?parent=87569"}],"wp:term":[{"taxonomy":"product_brand","embeddable":true,"href":"https:\/\/staging6.peach-pump.com\/en\/wp-json\/wp\/v2\/product_brand?post=87569"},{"taxonomy":"product_cat","embeddable":true,"href":"https:\/\/staging6.peach-pump.com\/en\/wp-json\/wp\/v2\/product_cat?post=87569"},{"taxonomy":"product_tag","embeddable":true,"href":"https:\/\/staging6.peach-pump.com\/en\/wp-json\/wp\/v2\/product_tag?post=87569"}],"curies":[{"name":"wp","href":"https:\/\/api.w.org\/{rel}","templated":true}]}}