{"id":87571,"date":"2024-08-27T23:03:11","date_gmt":"2024-08-27T21:03:11","guid":{"rendered":"https:\/\/staging6.peach-pump.com\/products\/crni-sportski-komplet-bijeli-savovi\/"},"modified":"2025-08-03T16:41:38","modified_gmt":"2025-08-03T14:41:38","slug":"crni-sportski-komplet-bijeli-savovi","status":"publish","type":"product","link":"https:\/\/staging6.peach-pump.com\/hr\/products\/crni-sportski-komplet-bijeli-savovi\/","title":{"rendered":"Crni sportski komplet s bijelim \u0161avovima"},"content":{"rendered":"<p>\u017denski crni sportski komplet s bijelim \u0161avovima. Komplet se sastoji od: sportskog grudnjaka s bijelim naramenicama i skidivom podstavom s efektom podizanja, ima toplinskii zape\u010da\u0107eni logo &#8220;Peach Pump&#8221; sprijeda i &#8220;Booty shorts&#8221; s bijelim \u0161avovima. Ovaj model tajica ima veliku elasti\u010dnost, lijepo oblikuje i izra\u0111en je od materijala koji ne zadr\u017eava vlagu u tijelu. Straga ima lagani efekt Peach Pump. Svje\u017ei prijedlog uz koji \u0107ete se osje\u0107ati lijepo i seksi.    <\/p>\n<p>O sportskom grudnjaku :<\/p>\n<ul>\n<li> Podstava koja se mo\u017ee ukloniti<\/li>\n<li> Push-up efekt<\/li>\n<li> Velika elasti\u010dnost<\/li>\n<li> Toplinski zape\u010da\u0107eni logo Peach Pump na prednjem dijelu grudnjaka<\/li>\n<li> Materijal koji odvodi vlagu od tijela<\/li>\n<\/ul>\n<p>O tajicama:<\/p>\n<ul>\n<li>Podi\u017eu, oblikuju, prikrivaju problemati\u010dna podru\u010dja<\/li>\n<li>Bez \u0161avova sprijeda<\/li>\n<li>Toplinski zape\u010da\u0107eni logo Peach Pump na stra\u017enjoj strani tajice<\/li>\n<li>Toplinski zape\u010da\u0107eni logo na bo\u010dnoj strani bedra<\/li>\n<li>Materijal koji ne zadr\u017eava vlagu u tijelu<\/li>\n<\/ul>\n<p>Sastav: 80% poliester 20% elastan<\/p>\n<p>Tim se mo\u017ee prati na temperaturi do 30 stupnjeva, preporu\u010dljivo ga je okrenuti naopako prilikom pranja, nemojte koristiti izbjeljiva\u010d ili kemijsko \u010di\u0161\u0107enje. Manekenka na fotografiji visoka je 180 cm, te\u0161ka 56 kg, a na sebi ima poprsje veli\u010dine S i tajice veli\u010dine M.<\/p>\n<p>Koristite tablice za odabir to\u010dne veli\u010dine.<\/p>\n<p>&nbsp;<\/p>\n<p>&nbsp;<\/p>\n","protected":false},"excerpt":{"rendered":"<p>\u017denski crni sportski komplet s bijelim \u0161avovima. Komplet se sastoji od: sportskog grudnjaka s bijelim naramenicama i skidivom podstavom s efektom podizanja, ima toplinskii zape\u010da\u0107eni logo &#8220;Peach Pump&#8221; sprijeda i &#8220;Booty shorts&#8221; s bijelim \u0161avovima. Ovaj model tajica ima veliku elasti\u010dnost, lijepo oblikuje i izra\u0111en je od materijala koji ne zadr\u017eava vlagu u tijelu. Straga [&hellip;]<\/p>\n","protected":false},"featured_media":87164,"comment_status":"open","ping_status":"closed","template":"","meta":[],"product_brand":[],"product_cat":[343,342],"product_tag":[],"class_list":{"0":"post-87571","1":"product","2":"type-product","3":"status-publish","4":"has-post-thumbnail","6":"product_cat-kratke-sportske-kombinacije","7":"product_cat-zenska-sportska-kombinacije","8":"pa_cviat-crno","9":"inventories-world","10":"inventories-uk","12":"first","13":"instock","14":"virtual","15":"taxable","16":"purchasable","17":"product-type-yith_bundle"},"_links":{"self":[{"href":"https:\/\/staging6.peach-pump.com\/hr\/wp-json\/wp\/v2\/product\/87571","targetHints":{"allow":["GET"]}}],"collection":[{"href":"https:\/\/staging6.peach-pump.com\/hr\/wp-json\/wp\/v2\/product"}],"about":[{"href":"https:\/\/staging6.peach-pump.com\/hr\/wp-json\/wp\/v2\/types\/product"}],"replies":[{"embeddable":true,"href":"https:\/\/staging6.peach-pump.com\/hr\/wp-json\/wp\/v2\/comments?post=87571"}],"version-history":[{"count":0,"href":"https:\/\/staging6.peach-pump.com\/hr\/wp-json\/wp\/v2\/product\/87571\/revisions"}],"wp:featuredmedia":[{"embeddable":true,"href":"https:\/\/staging6.peach-pump.com\/hr\/wp-json\/wp\/v2\/media\/87164"}],"wp:attachment":[{"href":"https:\/\/staging6.peach-pump.com\/hr\/wp-json\/wp\/v2\/media?parent=87571"}],"wp:term":[{"taxonomy":"product_brand","embeddable":true,"href":"https:\/\/staging6.peach-pump.com\/hr\/wp-json\/wp\/v2\/product_brand?post=87571"},{"taxonomy":"product_cat","embeddable":true,"href":"https:\/\/staging6.peach-pump.com\/hr\/wp-json\/wp\/v2\/product_cat?post=87571"},{"taxonomy":"product_tag","embeddable":true,"href":"https:\/\/staging6.peach-pump.com\/hr\/wp-json\/wp\/v2\/product_tag?post=87571"}],"curies":[{"name":"wp","href":"https:\/\/api.w.org\/{rel}","templated":true}]}}