{"id":90872,"date":"2024-10-11T17:05:02","date_gmt":"2024-10-11T15:05:02","guid":{"rendered":"https:\/\/staging6.peach-pump.com\/products\/crni-sportski-kombinezon\/"},"modified":"2025-11-10T18:42:40","modified_gmt":"2025-11-10T16:42:40","slug":"crni-sportski-kombinezon","status":"publish","type":"product","link":"https:\/\/staging6.peach-pump.com\/hr\/products\/crni-sportski-kombinezon\/","title":{"rendered":"Be\u0161avni crni sportski kombinezon s podesivim naramenicama"},"content":{"rendered":"<p>Crni sportski kombinezon od be\u0161avne, elasti\u010dne tkanine koja savr\u0161eno pristaje uz tijelo. Model ima podesive naramenice na le\u0111ima, vi\u0161i struk na pozadini, \u0161to daje udobnost tijekom vje\u017ebanja. Ima podstavu s lifting efektom koja fiksiraa poprsje i lijepo izgleda bez grudnjaka. Struk kombinezona izra\u0111en je od ripsa koji ga skuplja i oblikuje. Tajice imaju efekt breskve i savr\u0161eno oblikuju. U ponudi je u jo\u0161 dvije aktuelne sezonske boje.     <\/p>\n<ul>\n<li>Tkanina bez \u0161avova<\/li>\n<li>Podesive naramenice<\/li>\n<li>Podstava s Push-Up efektom<\/li>\n<li>Rips struk, skuplja i oblikuje<\/li>\n<li>Peachy efekt<\/li>\n<li>Toplinski zape\u010da\u0107eni logo Peach Pump na bo\u010dnim i stra\u017enjim stranama kombinezona<\/li>\n<\/ul>\n<p>Sastav: 80% poliester 20% elastan.<\/p>\n<p>Manekenka na fotografiji visoka je 164 cm, te\u0161ka 52 kg i nosi veli\u010dinu S.<\/p>\n<p>Kombinezon se mo\u017ee prati na temperaturi do 30 stupnjeva, nemojte koristiti izbjeljiva\u010d ili kemijsko \u010di\u0161\u0107enje.<\/p>\n<p>Koristite tablice za odabir to\u010dne veli\u010dine.<\/p>\n<p>&nbsp;<\/p>\n","protected":false},"excerpt":{"rendered":"<p>Crni sportski kombinezon od be\u0161avne, elasti\u010dne tkanine koja savr\u0161eno pristaje uz tijelo. Model ima podesive naramenice na le\u0111ima, vi\u0161i struk na pozadini, \u0161to daje udobnost tijekom vje\u017ebanja. Ima podstavu s lifting efektom koja fiksiraa poprsje i lijepo izgleda bez grudnjaka. Struk kombinezona izra\u0111en je od ripsa koji ga skuplja i oblikuje. Tajice imaju efekt breskve [&hellip;]<\/p>\n","protected":false},"featured_media":90511,"comment_status":"open","ping_status":"closed","template":"","meta":[],"product_brand":[],"product_cat":[342,1126,344],"product_tag":[],"class_list":{"0":"post-90872","1":"product","2":"type-product","3":"status-publish","4":"has-post-thumbnail","6":"product_cat-zenska-sportska-kombinacije","7":"product_cat-sportski-kombinezoni","8":"product_cat-sportski-kompleti-tajica","9":"pa_cviat-crno","10":"pa_razmer-l-hr","11":"pa_razmer-m-hr","12":"pa_razmer-s-hr-2","13":"inventories-world","14":"inventories-uk","16":"first","17":"instock","18":"taxable","19":"shipping-taxable","20":"purchasable","21":"product-type-variable"},"_links":{"self":[{"href":"https:\/\/staging6.peach-pump.com\/hr\/wp-json\/wp\/v2\/product\/90872","targetHints":{"allow":["GET"]}}],"collection":[{"href":"https:\/\/staging6.peach-pump.com\/hr\/wp-json\/wp\/v2\/product"}],"about":[{"href":"https:\/\/staging6.peach-pump.com\/hr\/wp-json\/wp\/v2\/types\/product"}],"replies":[{"embeddable":true,"href":"https:\/\/staging6.peach-pump.com\/hr\/wp-json\/wp\/v2\/comments?post=90872"}],"version-history":[{"count":0,"href":"https:\/\/staging6.peach-pump.com\/hr\/wp-json\/wp\/v2\/product\/90872\/revisions"}],"wp:featuredmedia":[{"embeddable":true,"href":"https:\/\/staging6.peach-pump.com\/hr\/wp-json\/wp\/v2\/media\/90511"}],"wp:attachment":[{"href":"https:\/\/staging6.peach-pump.com\/hr\/wp-json\/wp\/v2\/media?parent=90872"}],"wp:term":[{"taxonomy":"product_brand","embeddable":true,"href":"https:\/\/staging6.peach-pump.com\/hr\/wp-json\/wp\/v2\/product_brand?post=90872"},{"taxonomy":"product_cat","embeddable":true,"href":"https:\/\/staging6.peach-pump.com\/hr\/wp-json\/wp\/v2\/product_cat?post=90872"},{"taxonomy":"product_tag","embeddable":true,"href":"https:\/\/staging6.peach-pump.com\/hr\/wp-json\/wp\/v2\/product_tag?post=90872"}],"curies":[{"name":"wp","href":"https:\/\/api.w.org\/{rel}","templated":true}]}}