{"id":93612,"date":"2024-11-03T07:49:51","date_gmt":"2024-11-03T05:49:51","guid":{"rendered":"https:\/\/staging6.peach-pump.com\/products\/smedi-komplet-tajice-i-sportski-grudnjak\/"},"modified":"2025-10-29T10:26:25","modified_gmt":"2025-10-29T08:26:25","slug":"smedi-komplet-tajice-i-sportski-grudnjak","status":"publish","type":"product","link":"https:\/\/staging6.peach-pump.com\/hr\/products\/smedi-komplet-tajice-i-sportski-grudnjak\/","title":{"rendered":"Sme\u0111i komplet tajice i sportski grudnjak s dubokim V izrezom"},"content":{"rendered":"<p>Be\u0161avni sme\u0111i komplet, tajice i sportski grudnjak s dubokim V izrezom. Komplet je izra\u0111en od be\u0161avne, elasti\u010dne i meke tkanine na dodir. Ovaj model savr\u0161eno oblikuje tijelo, ima ni\u017ei struk s remenom od ripsa. Tkanina tajice prikriva problemati\u010dna podru\u010dja, odvodi vlagu od tijela i oblikuje stra\u017enjicu poput breskve, za lijepu i gracioznu siluetu. Grudnjak ima seksi V izrez, podesive naramenice, podstava s lifting efektom koja se po \u017eelji skida, mo\u017ee se nositi ispod odje\u0107e, a dizajnom je neupadljiv te \u0107ete osjetiti udobnost i slobodu kretanja.     Sportski set mo\u017eete kombinirati s dodatkom &#8211; kapom i jaknom brenda, za savr\u0161enu zavr\u0161nicu va\u0161eg Peach Pump izgleda.<\/p>\n<p>O sportskom grudnjaku :<\/p>\n<ul>\n<li>duboki V izrez<\/li>\n<li>Podstava koja se mo\u017ee ukloniti<\/li>\n<li> Push-up efekt<\/li>\n<li> Podesive naramenice<\/li>\n<li> Velika elasti\u010dnost<\/li>\n<li> Toplinski zape\u010da\u0107eni logo Peach Pump na bo\u010dnoj strani grudnjaka<\/li>\n<li> Tehnologija za odvo\u0111enje vlage iz tijela<\/li>\n<\/ul>\n<p>O tajicama:<\/p>\n<ul>\n<li>Srednji struk<\/li>\n<li>Tkanina bez \u0161avova<\/li>\n<li>Podi\u017eu, oblikuju, prikrivaju problemati\u010dna podru\u010dja<\/li>\n<li>Rips pojas koji omotava ki\u010dmu.<\/li>\n<li>Peachy efekt<\/li>\n<li>Bez \u0161avova sprijeda<\/li>\n<li>Toplinski zape\u010da\u0107eni logo Peach Pump na stra\u017enjoj strani tajice<\/li>\n<li>Tkanina koja odvodi vlagu s tijela<\/li>\n<\/ul>\n<p>Sastav: 80% poliester 20% elastan<\/p>\n<p>Komplet se mo\u017ee prati na temperaturi do 30 stupnjeva, nemojte izbjeljivati \u200b\u200bniti \u010distiti na kemijsko pranje.<\/p>\n<p>Manekenka na fotografiji visoka je 163 cm, te\u0161ka 51 kg, a na sebi ima tajice veli\u010dine S i sportski grudnjak veli\u010dine S.<\/p>\n<p>Koristite tablice za odabir to\u010dne veli\u010dine.<\/p>\n","protected":false},"excerpt":{"rendered":"<p>Be\u0161avni sme\u0111i komplet, tajice i sportski grudnjak s dubokim V izrezom. Komplet je izra\u0111en od be\u0161avne, elasti\u010dne i meke tkanine na dodir. Ovaj model savr\u0161eno oblikuje tijelo, ima ni\u017ei struk s remenom od ripsa. Tkanina tajice prikriva problemati\u010dna podru\u010dja, odvodi vlagu od tijela i oblikuje stra\u017enjicu poput breskve, za lijepu i gracioznu siluetu. Grudnjak ima [&hellip;]<\/p>\n","protected":false},"featured_media":92892,"comment_status":"open","ping_status":"closed","template":"","meta":[],"product_brand":[],"product_cat":[342,344],"product_tag":[],"class_list":{"0":"post-93612","1":"product","2":"type-product","3":"status-publish","4":"has-post-thumbnail","6":"product_cat-zenska-sportska-kombinacije","7":"product_cat-sportski-kompleti-tajica","8":"pa_cviat-smede","9":"inventories-world","10":"inventories-uk","12":"first","13":"instock","14":"virtual","15":"taxable","16":"purchasable","17":"product-type-yith_bundle"},"_links":{"self":[{"href":"https:\/\/staging6.peach-pump.com\/hr\/wp-json\/wp\/v2\/product\/93612","targetHints":{"allow":["GET"]}}],"collection":[{"href":"https:\/\/staging6.peach-pump.com\/hr\/wp-json\/wp\/v2\/product"}],"about":[{"href":"https:\/\/staging6.peach-pump.com\/hr\/wp-json\/wp\/v2\/types\/product"}],"replies":[{"embeddable":true,"href":"https:\/\/staging6.peach-pump.com\/hr\/wp-json\/wp\/v2\/comments?post=93612"}],"version-history":[{"count":0,"href":"https:\/\/staging6.peach-pump.com\/hr\/wp-json\/wp\/v2\/product\/93612\/revisions"}],"wp:featuredmedia":[{"embeddable":true,"href":"https:\/\/staging6.peach-pump.com\/hr\/wp-json\/wp\/v2\/media\/92892"}],"wp:attachment":[{"href":"https:\/\/staging6.peach-pump.com\/hr\/wp-json\/wp\/v2\/media?parent=93612"}],"wp:term":[{"taxonomy":"product_brand","embeddable":true,"href":"https:\/\/staging6.peach-pump.com\/hr\/wp-json\/wp\/v2\/product_brand?post=93612"},{"taxonomy":"product_cat","embeddable":true,"href":"https:\/\/staging6.peach-pump.com\/hr\/wp-json\/wp\/v2\/product_cat?post=93612"},{"taxonomy":"product_tag","embeddable":true,"href":"https:\/\/staging6.peach-pump.com\/hr\/wp-json\/wp\/v2\/product_tag?post=93612"}],"curies":[{"name":"wp","href":"https:\/\/api.w.org\/{rel}","templated":true}]}}