{"id":93619,"date":"2024-11-02T23:08:48","date_gmt":"2024-11-02T21:08:48","guid":{"rendered":"https:\/\/staging6.peach-pump.com\/products\/besavni-smedi-sportski-grudnjak-oprsje-v-izrez\/"},"modified":"2025-11-10T11:33:25","modified_gmt":"2025-11-10T09:33:25","slug":"besavni-smedi-sportski-grudnjak-oprsje-v-izrez","status":"publish","type":"product","link":"https:\/\/staging6.peach-pump.com\/hr\/products\/besavni-smedi-sportski-grudnjak-oprsje-v-izrez\/","title":{"rendered":"Be\u0161avni sme\u0111i sportski grudnjak s dubokim V izrezom"},"content":{"rendered":"<p>Be\u0161avni sme\u0111i sportski grudnjak s dubokim V izrezom, podstavom koja se mo\u017ee skinuti i podesivim naramenicama. Model je izra\u0111en od mekanog, visoko elasti\u010dnog, disajnog materijala koji odvodi vlagu od tijela. Grudnjak se mo\u017ee nositi ispod odje\u0107e jer je neprimjetnog dizajna, a osje\u0107at \u0107ete udobnost i slobodu kretanja. Nudi se u razli\u010ditim bojama, mo\u017eete ga kombinirati s tajicama iste boje ili nekom drugom. Pogledajte u rubrici &#8211; &#8220;Sportski kompleti&#8221;.<\/p>\n<ul>\n<li> Podstava koja se mo\u017ee ukloniti<\/li>\n<li> Push-up efekt<\/li>\n<li> Podesive naramenice<\/li>\n<li> Velika elasti\u010dnost<\/li>\n<li> Toplinski zape\u010da\u0107eni logo Peach Pump na bo\u010dnoj strani grudnjaka<\/li>\n<li> Tehnologija za odvo\u0111enje vlage iz tijela<\/li>\n<\/ul>\n<p>Sastav: 80% poliester 20% elastan<\/p>\n<p>Grudnjak se mo\u017ee prati na temperaturi do 30 stupnjeva, molimo nemojte koristiti izbjeljiva\u010d niti kemijsko \u010di\u0161\u0107enje.<\/p>\n<p>Manekenka na fotografiji visoka je 165 cm, te\u0161ka 51 kg i nosi veli\u010dinu S.<\/p>\n<p>Koristite tablice za odabir to\u010dne veli\u010dine.<\/p>\n","protected":false},"excerpt":{"rendered":"<p>Be\u0161avni sme\u0111i sportski grudnjak s dubokim V izrezom, podstavom koja se mo\u017ee skinuti i podesivim naramenicama. Model je izra\u0111en od mekanog, visoko elasti\u010dnog, disajnog materijala koji odvodi vlagu od tijela. Grudnjak se mo\u017ee nositi ispod odje\u0107e jer je neprimjetnog dizajna, a osje\u0107at \u0107ete udobnost i slobodu kretanja. Nudi se u razli\u010ditim bojama, mo\u017eete ga kombinirati [&hellip;]<\/p>\n","protected":false},"featured_media":92617,"comment_status":"open","ping_status":"closed","template":"","meta":[],"product_brand":[],"product_cat":[341],"product_tag":[],"class_list":{"0":"post-93619","1":"product","2":"type-product","3":"status-publish","4":"has-post-thumbnail","6":"product_cat-sportski-grudnjaci","7":"pa_cviat-smede","8":"pa_razmer-l-hr","9":"pa_razmer-m-hr","10":"pa_razmer-s-hr-2","11":"inventories-world","12":"inventories-uk","14":"first","15":"instock","16":"taxable","17":"shipping-taxable","18":"purchasable","19":"product-type-variable"},"_links":{"self":[{"href":"https:\/\/staging6.peach-pump.com\/hr\/wp-json\/wp\/v2\/product\/93619","targetHints":{"allow":["GET"]}}],"collection":[{"href":"https:\/\/staging6.peach-pump.com\/hr\/wp-json\/wp\/v2\/product"}],"about":[{"href":"https:\/\/staging6.peach-pump.com\/hr\/wp-json\/wp\/v2\/types\/product"}],"replies":[{"embeddable":true,"href":"https:\/\/staging6.peach-pump.com\/hr\/wp-json\/wp\/v2\/comments?post=93619"}],"version-history":[{"count":0,"href":"https:\/\/staging6.peach-pump.com\/hr\/wp-json\/wp\/v2\/product\/93619\/revisions"}],"wp:featuredmedia":[{"embeddable":true,"href":"https:\/\/staging6.peach-pump.com\/hr\/wp-json\/wp\/v2\/media\/92617"}],"wp:attachment":[{"href":"https:\/\/staging6.peach-pump.com\/hr\/wp-json\/wp\/v2\/media?parent=93619"}],"wp:term":[{"taxonomy":"product_brand","embeddable":true,"href":"https:\/\/staging6.peach-pump.com\/hr\/wp-json\/wp\/v2\/product_brand?post=93619"},{"taxonomy":"product_cat","embeddable":true,"href":"https:\/\/staging6.peach-pump.com\/hr\/wp-json\/wp\/v2\/product_cat?post=93619"},{"taxonomy":"product_tag","embeddable":true,"href":"https:\/\/staging6.peach-pump.com\/hr\/wp-json\/wp\/v2\/product_tag?post=93619"}],"curies":[{"name":"wp","href":"https:\/\/api.w.org\/{rel}","templated":true}]}}