{"id":93631,"date":"2024-11-02T22:56:29","date_gmt":"2024-11-02T20:56:29","guid":{"rendered":"https:\/\/staging6.peach-pump.com\/products\/ciklama-ruzicaste-tajice-niskog-struka\/"},"modified":"2025-11-10T12:06:23","modified_gmt":"2025-11-10T10:06:23","slug":"ciklama-ruzicaste-tajice-niskog-struka","status":"publish","type":"product","link":"https:\/\/staging6.peach-pump.com\/hr\/products\/ciklama-ruzicaste-tajice-niskog-struka\/","title":{"rendered":"Ciklama ru\u017ei\u010daste tajice s niskim strukom"},"content":{"rendered":"<p>Ciklama ru\u017ei\u010daste ciklama tajice s niskim strukom, izra\u0111ene od \u010dvrste, be\u0161avne, elasti\u010dne i mekane tkanine na dodir. Ovaj model savr\u0161eno oblikuje tijelo i ima ni\u017ei struk. Tkanina tajica prikriva problemati\u010dna podru\u010dja, odvodi vlagu od tijela i oblikuje stra\u017enjicu poput breskve, za lijepu i gracioznu siluetu.   Uz ovaj model osje\u0107at \u0107ete se udobno i samouvjereno. Mo\u017eete kombinirati tajice sa sportskim grudnjakom u istom dezenu ili svoj sportski izgled u\u010diniti istaknutijim i druga\u010dijim uz na\u0161u bogatu kolekciju jakni, sportskih grudnjaka i dodataka.<\/p>\n<ul>\n<li>Niski struk<\/li>\n<li>Tkanina bez \u0161avova<\/li>\n<li>Podi\u017eu, oblikuju, prikrivaju problemati\u010dna podru\u010dja<\/li>\n<li>Rips pojas koji omotava ki\u010dmu.<\/li>\n<li>Peachy efekt<\/li>\n<li>Bez \u0161avova sprijeda<\/li>\n<li>Toplinski zape\u010da\u0107eni logo Peach Pump na stra\u017enjoj strani tajice<\/li>\n<li>Peach Pump logo na bedru<\/li>\n<li>Tkanina koja odvodi vlagu s tijela<\/li>\n<\/ul>\n<p>Sastav: 80% poliester 20% elastan<\/p>\n<p>Proizvod se mo\u017ee prati na temperaturi do 30 stupnjeva, molimo nemojte koristiti izbjeljiva\u010d niti kemijsko \u010di\u0161\u0107enje.<\/p>\n<p>Manekenka na fotografiji visoka je 162 cm, te\u0161ka 51 kg i nosi veli\u010dinu S.<\/p>\n<p>Koristite tablice za odabir to\u010dne veli\u010dine.<\/p>\n","protected":false},"excerpt":{"rendered":"<p>Ciklama ru\u017ei\u010daste ciklama tajice s niskim strukom, izra\u0111ene od \u010dvrste, be\u0161avne, elasti\u010dne i mekane tkanine na dodir. Ovaj model savr\u0161eno oblikuje tijelo i ima ni\u017ei struk. Tkanina tajica prikriva problemati\u010dna podru\u010dja, odvodi vlagu od tijela i oblikuje stra\u017enjicu poput breskve, za lijepu i gracioznu siluetu. Uz ovaj model osje\u0107at \u0107ete se udobno i samouvjereno. Mo\u017eete [&hellip;]<\/p>\n","protected":false},"featured_media":92514,"comment_status":"open","ping_status":"closed","template":"","meta":[],"product_brand":[],"product_cat":[136,293],"product_tag":[],"class_list":{"0":"post-93631","1":"product","2":"type-product","3":"status-publish","4":"has-post-thumbnail","6":"product_cat-zenske-sportske-tajice","7":"product_cat-zenske-tajice-duge","8":"pa_cviat-ruzicasta","9":"pa_razmer-l-hr","10":"pa_razmer-m-hr","11":"pa_razmer-s-hr-2","12":"pa_razmer-xl-hr","13":"inventories-world","14":"inventories-uk","16":"first","17":"instock","18":"taxable","19":"shipping-taxable","20":"purchasable","21":"product-type-variable"},"_links":{"self":[{"href":"https:\/\/staging6.peach-pump.com\/en\/wp-json\/wp\/v2\/product\/93631","targetHints":{"allow":["GET"]}}],"collection":[{"href":"https:\/\/staging6.peach-pump.com\/en\/wp-json\/wp\/v2\/product"}],"about":[{"href":"https:\/\/staging6.peach-pump.com\/en\/wp-json\/wp\/v2\/types\/product"}],"replies":[{"embeddable":true,"href":"https:\/\/staging6.peach-pump.com\/en\/wp-json\/wp\/v2\/comments?post=93631"}],"version-history":[{"count":0,"href":"https:\/\/staging6.peach-pump.com\/en\/wp-json\/wp\/v2\/product\/93631\/revisions"}],"wp:featuredmedia":[{"embeddable":true,"href":"https:\/\/staging6.peach-pump.com\/en\/wp-json\/wp\/v2\/media\/92514"}],"wp:attachment":[{"href":"https:\/\/staging6.peach-pump.com\/en\/wp-json\/wp\/v2\/media?parent=93631"}],"wp:term":[{"taxonomy":"product_brand","embeddable":true,"href":"https:\/\/staging6.peach-pump.com\/en\/wp-json\/wp\/v2\/product_brand?post=93631"},{"taxonomy":"product_cat","embeddable":true,"href":"https:\/\/staging6.peach-pump.com\/en\/wp-json\/wp\/v2\/product_cat?post=93631"},{"taxonomy":"product_tag","embeddable":true,"href":"https:\/\/staging6.peach-pump.com\/en\/wp-json\/wp\/v2\/product_tag?post=93631"}],"curies":[{"name":"wp","href":"https:\/\/api.w.org\/{rel}","templated":true}]}}