{"id":93661,"date":"2024-11-01T22:21:39","date_gmt":"2024-11-01T20:21:39","guid":{"rendered":"https:\/\/staging6.peach-pump.com\/products\/smedi-sportski-komplet-obrnuti-savovi\/"},"modified":"2025-10-26T23:41:37","modified_gmt":"2025-10-26T21:41:37","slug":"smedi-sportski-komplet-obrnuti-savovi","status":"publish","type":"product","link":"https:\/\/staging6.peach-pump.com\/hr\/products\/smedi-sportski-komplet-obrnuti-savovi\/","title":{"rendered":"Sme\u0111i sportski komplet s 3D obrnutim \u0161avovima"},"content":{"rendered":"<p>\u017denski sme\u0111i sportski komplet &#8211; tajice i sportski grudnjak, s modernim 3D obrnutim \u0161avovima. Materijal tajica je mekan i elasti\u010dan, pru\u017ea potpunu slobodu kretanja i udobnost tijekom bavljenja sportom. Dizajn gumice na tajicama je skriven i tako izdu\u017euje figuru. Grudnjak ima uklonjivu podstavu s lifting efektom i tanke naramenice. Sportski komplet je dostupan u tri moderne boje za sezonu, budite moderni i druga\u010diji.    <\/p>\n<p>O sportskom grudnjaku:<\/p>\n<ul>\n<li>Moderan dizajn<\/li>\n<li>Elasti\u010dna tkanina<\/li>\n<li>Spektakularni 3D \u0161avovi<\/li>\n<li>Podstava s push-up efektom koja se mo\u017ee skinuti<\/li>\n<li>Tanke naramenice<\/li>\n<li>Toplinski zape\u010da\u0107eni logo Peach Pump na bo\u010dnom dijelu sportskog grudnjaka<\/li>\n<li>Materijal koji upija vlagu<\/li>\n<\/ul>\n<p>O tajicama:<\/p>\n<ul>\n<li>Elasti\u010dna tkanina<\/li>\n<li>Toplinski zape\u010da\u0107en logo Peach Pump na prednjoj strani nogavice<\/li>\n<li>Spektakularni 3D \u0161avovi<\/li>\n<li>Skrivena gumica struka<\/li>\n<li>Materijal koji upija vlagu<\/li>\n<li>Bez Peachy efekat<\/li>\n<\/ul>\n<p>Komplet se mo\u017ee prati na temperaturi do 30 stupnjeva, nemojte izbjeljivati \u200b\u200bniti \u010distiti na kemijsko pranje.<\/p>\n<p>Manekenka na fotografiji visoka je 178 cm, te\u0161ka 54 kg, i pozira tajicama veli\u010dine S i sportskim grudnjakom veli\u010dine S.<\/p>\n<p>Koristite tablice za odabir to\u010dne veli\u010dine.<\/p>\n","protected":false},"excerpt":{"rendered":"<p>\u017denski sme\u0111i sportski komplet &#8211; tajice i sportski grudnjak, s modernim 3D obrnutim \u0161avovima. Materijal tajica je mekan i elasti\u010dan, pru\u017ea potpunu slobodu kretanja i udobnost tijekom bavljenja sportom. Dizajn gumice na tajicama je skriven i tako izdu\u017euje figuru. Grudnjak ima uklonjivu podstavu s lifting efektom i tanke naramenice. Sportski komplet je dostupan u tri [&hellip;]<\/p>\n","protected":false},"featured_media":92111,"comment_status":"open","ping_status":"closed","template":"","meta":[],"product_brand":[],"product_cat":[342,344],"product_tag":[],"class_list":{"0":"post-93661","1":"product","2":"type-product","3":"status-publish","4":"has-post-thumbnail","6":"product_cat-zenska-sportska-kombinacije","7":"product_cat-sportski-kompleti-tajica","8":"pa_cviat-smede","9":"inventories-world","10":"inventories-uk","12":"first","13":"instock","14":"sale","15":"virtual","16":"taxable","17":"purchasable","18":"product-type-yith_bundle"},"_links":{"self":[{"href":"https:\/\/staging6.peach-pump.com\/hr\/wp-json\/wp\/v2\/product\/93661","targetHints":{"allow":["GET"]}}],"collection":[{"href":"https:\/\/staging6.peach-pump.com\/hr\/wp-json\/wp\/v2\/product"}],"about":[{"href":"https:\/\/staging6.peach-pump.com\/hr\/wp-json\/wp\/v2\/types\/product"}],"replies":[{"embeddable":true,"href":"https:\/\/staging6.peach-pump.com\/hr\/wp-json\/wp\/v2\/comments?post=93661"}],"version-history":[{"count":0,"href":"https:\/\/staging6.peach-pump.com\/hr\/wp-json\/wp\/v2\/product\/93661\/revisions"}],"wp:featuredmedia":[{"embeddable":true,"href":"https:\/\/staging6.peach-pump.com\/hr\/wp-json\/wp\/v2\/media\/92111"}],"wp:attachment":[{"href":"https:\/\/staging6.peach-pump.com\/hr\/wp-json\/wp\/v2\/media?parent=93661"}],"wp:term":[{"taxonomy":"product_brand","embeddable":true,"href":"https:\/\/staging6.peach-pump.com\/hr\/wp-json\/wp\/v2\/product_brand?post=93661"},{"taxonomy":"product_cat","embeddable":true,"href":"https:\/\/staging6.peach-pump.com\/hr\/wp-json\/wp\/v2\/product_cat?post=93661"},{"taxonomy":"product_tag","embeddable":true,"href":"https:\/\/staging6.peach-pump.com\/hr\/wp-json\/wp\/v2\/product_tag?post=93661"}],"curies":[{"name":"wp","href":"https:\/\/api.w.org\/{rel}","templated":true}]}}