{"id":96339,"date":"2024-11-17T20:58:39","date_gmt":"2024-11-17T18:58:39","guid":{"rendered":"https:\/\/staging6.peach-pump.com\/products\/crne-sportske-tajice-ciste\/"},"modified":"2025-10-27T23:51:00","modified_gmt":"2025-10-27T21:51:00","slug":"crne-sportske-tajice-ciste","status":"publish","type":"product","link":"https:\/\/staging6.peach-pump.com\/hr\/products\/crne-sportske-tajice-ciste\/","title":{"rendered":"Crne sportske tajice \u010distog dizajna"},"content":{"rendered":"<p>Crne sportske tajice \u010distog dizajna, bez efekta breskve. Model je bez \u0161avova sprijeda, \u0161to preferiraju ve\u0107inu dama, a ima poja\u010dan \u0161av na stra\u017enjoj strani tajica. Elasti\u010dni materijal koji oblikuje tijelo i \u0161iroki pojas koji nagla\u0161ava struk. Ima 3D logo &#8220;Peach Pump&#8221; na pozadini i natpis na gle\u017enju. \u0160avovi tajica su ravni i ne izazivaju iritacije. Pogodan je za vje\u017ebu snage ili aerobik, ne zadr\u017eava vlagu u tijelu. Mo\u017ee se kombinirati s kratkom bluzom u kompletu od istog materijala.      <\/p>\n<ul>\n<li>Elasti\u010dni materijal, pletenina<\/li>\n<li>Ravni \u0161avovi<\/li>\n<li>Bez \u0161avova sprijeda<\/li>\n<li>Poja\u010dani \u0161av na stra\u017enjoj strani tajica<\/li>\n<li>\u0160iroki pojas oko struka<\/li>\n<li>3D logo &#8220;Peach Pump&#8221; na stra\u017enjoj strani noge i natpis na gle\u017enju<\/li>\n<li>Materijal koji ne zadr\u017eava vlagu u tijelu<\/li>\n<\/ul>\n<p>Sastav: elastan i poliester Wedge se mo\u017ee prati na temperaturi do 30 stupnjeva, nemojte izbjeljivati, su\u0161iti u su\u0161ilici niti \u010distiti. Manekenka na slici je visoka 170 cm, te\u0161ka 54 kg i nosi veli\u010dinu S.<\/p>\n<p>Koristite tablice za odabir to\u010dne veli\u010dine.<\/p>\n","protected":false},"excerpt":{"rendered":"<p>Crne sportske tajice \u010distog dizajna, bez efekta breskve. Model je bez \u0161avova sprijeda, \u0161to preferiraju ve\u0107inu dama, a ima poja\u010dan \u0161av na stra\u017enjoj strani tajica. Elasti\u010dni materijal koji oblikuje tijelo i \u0161iroki pojas koji nagla\u0161ava struk. Ima 3D logo &#8220;Peach Pump&#8221; na pozadini i natpis na gle\u017enju. \u0160avovi tajica su ravni i ne izazivaju iritacije. [&hellip;]<\/p>\n","protected":false},"featured_media":95013,"comment_status":"open","ping_status":"closed","template":"","meta":[],"product_brand":[],"product_cat":[136,293],"product_tag":[],"class_list":{"0":"post-96339","1":"product","2":"type-product","3":"status-publish","4":"has-post-thumbnail","6":"product_cat-zenske-sportske-tajice","7":"product_cat-zenske-tajice-duge","8":"pa_cviat-crno","9":"pa_razmer-l-hr","10":"pa_razmer-m-hr","11":"pa_razmer-s-hr-2","12":"pa_razmer-xl-hr","13":"inventories-world","14":"inventories-uk","16":"first","17":"instock","18":"taxable","19":"shipping-taxable","20":"purchasable","21":"product-type-variable"},"_links":{"self":[{"href":"https:\/\/staging6.peach-pump.com\/hr\/wp-json\/wp\/v2\/product\/96339","targetHints":{"allow":["GET"]}}],"collection":[{"href":"https:\/\/staging6.peach-pump.com\/hr\/wp-json\/wp\/v2\/product"}],"about":[{"href":"https:\/\/staging6.peach-pump.com\/hr\/wp-json\/wp\/v2\/types\/product"}],"replies":[{"embeddable":true,"href":"https:\/\/staging6.peach-pump.com\/hr\/wp-json\/wp\/v2\/comments?post=96339"}],"version-history":[{"count":0,"href":"https:\/\/staging6.peach-pump.com\/hr\/wp-json\/wp\/v2\/product\/96339\/revisions"}],"wp:featuredmedia":[{"embeddable":true,"href":"https:\/\/staging6.peach-pump.com\/hr\/wp-json\/wp\/v2\/media\/95013"}],"wp:attachment":[{"href":"https:\/\/staging6.peach-pump.com\/hr\/wp-json\/wp\/v2\/media?parent=96339"}],"wp:term":[{"taxonomy":"product_brand","embeddable":true,"href":"https:\/\/staging6.peach-pump.com\/hr\/wp-json\/wp\/v2\/product_brand?post=96339"},{"taxonomy":"product_cat","embeddable":true,"href":"https:\/\/staging6.peach-pump.com\/hr\/wp-json\/wp\/v2\/product_cat?post=96339"},{"taxonomy":"product_tag","embeddable":true,"href":"https:\/\/staging6.peach-pump.com\/hr\/wp-json\/wp\/v2\/product_tag?post=96339"}],"curies":[{"name":"wp","href":"https:\/\/api.w.org\/{rel}","templated":true}]}}