{"id":96348,"date":"2024-11-17T20:52:09","date_gmt":"2024-11-17T18:52:09","guid":{"rendered":"https:\/\/staging6.peach-pump.com\/products\/kratka-bluza-uz-tijelo-crna\/"},"modified":"2025-10-14T12:14:32","modified_gmt":"2025-10-14T10:14:32","slug":"kratka-bluza-uz-tijelo-crna","status":"publish","type":"product","link":"https:\/\/staging6.peach-pump.com\/hr\/products\/kratka-bluza-uz-tijelo-crna\/","title":{"rendered":"Crni kratka bluza uz tijelo s ovratnikom"},"content":{"rendered":"<p>Crna kratka bluza uz tijelo s ovratnikom na patentni zatvara\u010d. Model ima duge rukave koji imaju mjesta za pal\u010deve, elasti\u010dna je i savr\u0161eno pristaje uz tijelo. Na ramenu ima toplinski zavaren logo &#8220;Peach Pump&#8221;. Pogodna je za fitness, tr\u010danje, aerobne vje\u017ebe ili \u0161etnju parkom, ne zadr\u017eava vlagu u tijelu. Kombinira se uz komplet s tajicama, mo\u017eete provjeriti u rubrici: &#8220;Sportski kompleti s tajicama&#8221;    <\/p>\n<ul>\n<li>Elasti\u010dna tkanina<\/li>\n<li>Ovratnik s patentnim zatvara\u010dem<\/li>\n<li>Toplinski zape\u010da\u0107en logo &#8220;Peach Pump&#8221; na ramenu<\/li>\n<li>Kratki kroj<\/li>\n<li>Mjesto za pal\u010deve<\/li>\n<li>Materijal koji ne zadr\u017eava vlagu u tijelu<\/li>\n<\/ul>\n<p>Bluza se mo\u017ee prati na temperaturi do 30 stupnjeva, nemojte je izbjeljivati, su\u0161iti u su\u0161ilici niti kemijski \u010distiti. Manekenka na slici je visoka 170 cm, te\u0161ka 54 kg i nosi veli\u010dinu S.<\/p>\n<p>Koristite tablice za odabir to\u010dne veli\u010dine.<\/p>\n","protected":false},"excerpt":{"rendered":"<p>Crna kratka bluza uz tijelo s ovratnikom na patentni zatvara\u010d. Model ima duge rukave koji imaju mjesta za pal\u010deve, elasti\u010dna je i savr\u0161eno pristaje uz tijelo. Na ramenu ima toplinski zavaren logo &#8220;Peach Pump&#8221;. Pogodna je za fitness, tr\u010danje, aerobne vje\u017ebe ili \u0161etnju parkom, ne zadr\u017eava vlagu u tijelu. Kombinira se uz komplet s tajicama, [&hellip;]<\/p>\n","protected":false},"featured_media":94968,"comment_status":"open","ping_status":"closed","template":"","meta":[],"product_brand":[],"product_cat":[340],"product_tag":[],"class_list":{"0":"post-96348","1":"product","2":"type-product","3":"status-publish","4":"has-post-thumbnail","6":"product_cat-zenske-bluze-sportske","7":"pa_cviat-crno","8":"pa_razmer-l-hr","9":"pa_razmer-m-hr","10":"pa_razmer-s-hr-2","11":"inventories-world","12":"inventories-uk","14":"first","15":"instock","16":"taxable","17":"shipping-taxable","18":"purchasable","19":"product-type-variable"},"_links":{"self":[{"href":"https:\/\/staging6.peach-pump.com\/en\/wp-json\/wp\/v2\/product\/96348","targetHints":{"allow":["GET"]}}],"collection":[{"href":"https:\/\/staging6.peach-pump.com\/en\/wp-json\/wp\/v2\/product"}],"about":[{"href":"https:\/\/staging6.peach-pump.com\/en\/wp-json\/wp\/v2\/types\/product"}],"replies":[{"embeddable":true,"href":"https:\/\/staging6.peach-pump.com\/en\/wp-json\/wp\/v2\/comments?post=96348"}],"version-history":[{"count":0,"href":"https:\/\/staging6.peach-pump.com\/en\/wp-json\/wp\/v2\/product\/96348\/revisions"}],"wp:featuredmedia":[{"embeddable":true,"href":"https:\/\/staging6.peach-pump.com\/en\/wp-json\/wp\/v2\/media\/94968"}],"wp:attachment":[{"href":"https:\/\/staging6.peach-pump.com\/en\/wp-json\/wp\/v2\/media?parent=96348"}],"wp:term":[{"taxonomy":"product_brand","embeddable":true,"href":"https:\/\/staging6.peach-pump.com\/en\/wp-json\/wp\/v2\/product_brand?post=96348"},{"taxonomy":"product_cat","embeddable":true,"href":"https:\/\/staging6.peach-pump.com\/en\/wp-json\/wp\/v2\/product_cat?post=96348"},{"taxonomy":"product_tag","embeddable":true,"href":"https:\/\/staging6.peach-pump.com\/en\/wp-json\/wp\/v2\/product_tag?post=96348"}],"curies":[{"name":"wp","href":"https:\/\/api.w.org\/{rel}","templated":true}]}}