{"id":96352,"date":"2024-11-17T20:49:19","date_gmt":"2024-11-17T18:49:19","guid":{"rendered":"https:\/\/staging6.peach-pump.com\/products\/majica-s-patentnim-zatvaracem-i-kapuljacom-bez-boje\/"},"modified":"2025-10-31T16:41:28","modified_gmt":"2025-10-31T14:41:28","slug":"majica-s-patentnim-zatvaracem-i-kapuljacom-bez-boje","status":"publish","type":"product","link":"https:\/\/staging6.peach-pump.com\/hr\/products\/majica-s-patentnim-zatvaracem-i-kapuljacom-bez-boje\/","title":{"rendered":"Be\u017e \u017eenska majica s patentnim zatvara\u010dem i kapulja\u010dom"},"content":{"rendered":"<p>Be\u017e \u017eenska majica s patentnim zatvara\u010dem i kapulja\u010dom, s toplom postavom. Ova sportska jakna ima dva bo\u010dna klokana d\u017eepa, otvor za pal\u010deve i visoki ovratnik. Jakna ima veliku kapulja\u010du s logom \u201cPeach Pump\u201d, du\u017eeg kroja koji grije struk. Pogodan je za zagrijavanje prije treninga ili \u0161etnje parkom. Na struku je rips element koji ga vizualno smanjuje, model lijepo pristaje uz tijelo.    <\/p>\n<ul>\n<li>Meka podstava<\/li>\n<li>Velika kapulja\u010da<\/li>\n<li>Visoki ovratnik<\/li>\n<li>Otvori za pal\u010deve<\/li>\n<li>Logo &#8220;Peach Pump&#8221; na kapulja\u010di i ramenu<\/li>\n<li>Izrez na tijelu s rips elementom na struku<\/li>\n<li>Dulje, \u0161titi struk<\/li>\n<\/ul>\n<p>Sastav: elastin i poliester<\/p>\n<p>Jakna se mo\u017ee prati na temperaturi do 30 stupnjeva, nemojte je izbjeljivati, su\u0161iti u su\u0161ilici niti \u010distiti.<\/p>\n<p>Manekenka na fotografiji visoka je 170 cm, te\u0161ka 54 kg i nosi veli\u010dinu S.<\/p>\n<p>Koristite tablice za odabir to\u010dne veli\u010dine.<\/p>\n","protected":false},"excerpt":{"rendered":"<p>Be\u017e \u017eenska majica s patentnim zatvara\u010dem i kapulja\u010dom, s toplom postavom. Ova sportska jakna ima dva bo\u010dna klokana d\u017eepa, otvor za pal\u010deve i visoki ovratnik. Jakna ima veliku kapulja\u010du s logom \u201cPeach Pump\u201d, du\u017eeg kroja koji grije struk. Pogodan je za zagrijavanje prije treninga ili \u0161etnje parkom. Na struku je rips element koji ga vizualno [&hellip;]<\/p>\n","protected":false},"featured_media":95731,"comment_status":"open","ping_status":"closed","template":"","meta":[],"product_brand":[],"product_cat":[919,1119],"product_tag":[],"class_list":{"0":"post-96352","1":"product","2":"type-product","3":"status-publish","4":"has-post-thumbnail","6":"product_cat-zenske-jakne","7":"product_cat-zenske-majice-s-kapuljacom-hoodies","8":"pa_cviat-bez","9":"pa_razmer-l-hr","10":"pa_razmer-m-hr","11":"pa_razmer-s-hr-2","12":"inventories-world","13":"inventories-uk","15":"first","16":"instock","17":"taxable","18":"shipping-taxable","19":"purchasable","20":"product-type-variable"},"_links":{"self":[{"href":"https:\/\/staging6.peach-pump.com\/en\/wp-json\/wp\/v2\/product\/96352","targetHints":{"allow":["GET"]}}],"collection":[{"href":"https:\/\/staging6.peach-pump.com\/en\/wp-json\/wp\/v2\/product"}],"about":[{"href":"https:\/\/staging6.peach-pump.com\/en\/wp-json\/wp\/v2\/types\/product"}],"replies":[{"embeddable":true,"href":"https:\/\/staging6.peach-pump.com\/en\/wp-json\/wp\/v2\/comments?post=96352"}],"version-history":[{"count":0,"href":"https:\/\/staging6.peach-pump.com\/en\/wp-json\/wp\/v2\/product\/96352\/revisions"}],"wp:featuredmedia":[{"embeddable":true,"href":"https:\/\/staging6.peach-pump.com\/en\/wp-json\/wp\/v2\/media\/95731"}],"wp:attachment":[{"href":"https:\/\/staging6.peach-pump.com\/en\/wp-json\/wp\/v2\/media?parent=96352"}],"wp:term":[{"taxonomy":"product_brand","embeddable":true,"href":"https:\/\/staging6.peach-pump.com\/en\/wp-json\/wp\/v2\/product_brand?post=96352"},{"taxonomy":"product_cat","embeddable":true,"href":"https:\/\/staging6.peach-pump.com\/en\/wp-json\/wp\/v2\/product_cat?post=96352"},{"taxonomy":"product_tag","embeddable":true,"href":"https:\/\/staging6.peach-pump.com\/en\/wp-json\/wp\/v2\/product_tag?post=96352"}],"curies":[{"name":"wp","href":"https:\/\/api.w.org\/{rel}","templated":true}]}}