{"id":96381,"date":"2024-11-17T20:33:58","date_gmt":"2024-11-17T18:33:58","guid":{"rendered":"https:\/\/staging6.peach-pump.com\/products\/crna-sportska-bluza-uz-tijelo\/"},"modified":"2025-11-10T16:27:03","modified_gmt":"2025-11-10T14:27:03","slug":"crna-sportska-bluza-uz-tijelo","status":"publish","type":"product","link":"https:\/\/staging6.peach-pump.com\/hr\/products\/crna-sportska-bluza-uz-tijelo\/","title":{"rendered":"Klasi\u010dna crna sportska bluza uz tijelo"},"content":{"rendered":"<p>Klasi\u010dna crna sportska bluza dugih rukava, uz tijelo, izra\u0111ena od izuzetno mekane tkanine na dodir. Savr\u0161eno pristaje, a krojem je \u010dini neizostavnim dijelom, kako u sportskom tako iu svakodnevnom odijevanju. Pogodna je za fitness, tr\u010danje, aerobne vje\u017ebe ili \u0161etnju parkom, ne zadr\u017eava vlagu u tijelu. Bluza ima toplinski zavaren logotip &#8220;Peach Pump&#8221; na ramenu, koji je minimalisti\u010dki i ima mekani kroj. Zaljubit \u0107ete se u meko\u0107u ovog modela i na\u010din na koji pristaje va\u0161em tijelu. Savr\u0161eno ide uz sve na\u0161e modele tajica.     <\/p>\n<ul>\n<li>Mekan, nje\u017ean materijal<\/li>\n<li>Velika elasti\u010dnost<\/li>\n<li>Savr\u0161eno pristaje uz tijelo<\/li>\n<li>Toplinski zape\u010da\u0107en logo &#8220;Peach Pump&#8221; na ramenu<\/li>\n<li>Materijal koji ne zadr\u017eava vlagu u tijelu<\/li>\n<\/ul>\n<p>Sastav: elastan i poliester. Bluzu je mogu\u0107e prati na temperaturi do 30 stupnjeva, nemojte je izbjeljivati, su\u0161iti u su\u0161ilici niti kemijski \u010distiti. Manekenka na fotografiji visoka je 170 cm, te\u0161ka 54 kg i nosi veli\u010dinu S.<\/p>\n<p>Koristite tablice za odabir to\u010dne veli\u010dine.<\/p>\n","protected":false},"excerpt":{"rendered":"<p>Klasi\u010dna crna sportska bluza dugih rukava, uz tijelo, izra\u0111ena od izuzetno mekane tkanine na dodir. Savr\u0161eno pristaje, a krojem je \u010dini neizostavnim dijelom, kako u sportskom tako iu svakodnevnom odijevanju. Pogodna je za fitness, tr\u010danje, aerobne vje\u017ebe ili \u0161etnju parkom, ne zadr\u017eava vlagu u tijelu. Bluza ima toplinski zavaren logotip &#8220;Peach Pump&#8221; na ramenu, koji [&hellip;]<\/p>\n","protected":false},"featured_media":95094,"comment_status":"open","ping_status":"closed","template":"","meta":[],"product_brand":[],"product_cat":[340],"product_tag":[],"class_list":{"0":"post-96381","1":"product","2":"type-product","3":"status-publish","4":"has-post-thumbnail","6":"product_cat-zenske-bluze-sportske","7":"pa_cviat-crno","8":"pa_razmer-l-hr","9":"pa_razmer-m-hr","10":"pa_razmer-s-hr-2","11":"inventories-world","12":"inventories-uk","14":"first","15":"instock","16":"taxable","17":"shipping-taxable","18":"purchasable","19":"product-type-variable"},"_links":{"self":[{"href":"https:\/\/staging6.peach-pump.com\/en\/wp-json\/wp\/v2\/product\/96381","targetHints":{"allow":["GET"]}}],"collection":[{"href":"https:\/\/staging6.peach-pump.com\/en\/wp-json\/wp\/v2\/product"}],"about":[{"href":"https:\/\/staging6.peach-pump.com\/en\/wp-json\/wp\/v2\/types\/product"}],"replies":[{"embeddable":true,"href":"https:\/\/staging6.peach-pump.com\/en\/wp-json\/wp\/v2\/comments?post=96381"}],"version-history":[{"count":0,"href":"https:\/\/staging6.peach-pump.com\/en\/wp-json\/wp\/v2\/product\/96381\/revisions"}],"wp:featuredmedia":[{"embeddable":true,"href":"https:\/\/staging6.peach-pump.com\/en\/wp-json\/wp\/v2\/media\/95094"}],"wp:attachment":[{"href":"https:\/\/staging6.peach-pump.com\/en\/wp-json\/wp\/v2\/media?parent=96381"}],"wp:term":[{"taxonomy":"product_brand","embeddable":true,"href":"https:\/\/staging6.peach-pump.com\/en\/wp-json\/wp\/v2\/product_brand?post=96381"},{"taxonomy":"product_cat","embeddable":true,"href":"https:\/\/staging6.peach-pump.com\/en\/wp-json\/wp\/v2\/product_cat?post=96381"},{"taxonomy":"product_tag","embeddable":true,"href":"https:\/\/staging6.peach-pump.com\/en\/wp-json\/wp\/v2\/product_tag?post=96381"}],"curies":[{"name":"wp","href":"https:\/\/api.w.org\/{rel}","templated":true}]}}