{"id":96409,"date":"2024-11-17T20:11:09","date_gmt":"2024-11-17T18:11:09","guid":{"rendered":"https:\/\/staging6.peach-pump.com\/products\/crna-sportska-bluza-visoki-ovratnik\/"},"modified":"2025-11-04T17:08:36","modified_gmt":"2025-11-04T15:08:36","slug":"crna-sportska-bluza-visoki-ovratnik","status":"publish","type":"product","link":"https:\/\/staging6.peach-pump.com\/hr\/products\/crna-sportska-bluza-visoki-ovratnik\/","title":{"rendered":"Crna sportska bluza s visokim ovratnikom"},"content":{"rendered":"<p>Crna sportska bluza s visokim ovratnikom, polo tipa, s kratkim rukavima uz tijelo. Bluza je izra\u0111ena od vrlo lagane i elasti\u010dne tkanine koja ne zadr\u017eava vlagu u tijelu. Ima spektakularni kroj koji vizualno smanjuje struk i toplinski zape\u010da\u0107eni logo &#8220;Peach Pump&#8221; na prednjem donjem dijelu bluze. Model je pogodan za fitness, tr\u010danje, aerobne vje\u017ebe ili \u0161etnju parkom. Lagana tkanina bluze miluje tijelo i stvara osje\u0107aj potpune slobode kretanja. Savr\u0161eno pristaje uz sve na\u0161e modele tajica, a za\u0161to ne i uz traperice.     <\/p>\n<ul>\n<li>Lagani materijal<\/li>\n<li>Velika elasti\u010dnost<\/li>\n<li>Kroj uz tijelu<\/li>\n<li>Toplinski zape\u010da\u0107eni logotip &#8220;Peach Pump&#8221; na prednjem, donjem dijelu bluze<\/li>\n<li>Materijal koji ne zadr\u017eava vlagu u tijelu<\/li>\n<\/ul>\n<p>Sastav: elastan i poliester. Bluzu je mogu\u0107e prati na temperaturi do 30 stupnjeva, nemojte je izbjeljivati, su\u0161iti u su\u0161ilici niti kemijski \u010distiti. Manekenka na fotografiji visoka je 170 cm, te\u0161ka 54 kg i nosi veli\u010dinu S.<\/p>\n<p>Koristite tablice za odabir to\u010dne veli\u010dine.<\/p>\n<p>&nbsp;<\/p>\n","protected":false},"excerpt":{"rendered":"<p>Crna sportska bluza s visokim ovratnikom, polo tipa, s kratkim rukavima uz tijelo. Bluza je izra\u0111ena od vrlo lagane i elasti\u010dne tkanine koja ne zadr\u017eava vlagu u tijelu. Ima spektakularni kroj koji vizualno smanjuje struk i toplinski zape\u010da\u0107eni logo &#8220;Peach Pump&#8221; na prednjem donjem dijelu bluze. Model je pogodan za fitness, tr\u010danje, aerobne vje\u017ebe ili [&hellip;]<\/p>\n","protected":false},"featured_media":95512,"comment_status":"open","ping_status":"closed","template":"","meta":[],"product_brand":[],"product_cat":[340],"product_tag":[],"class_list":{"0":"post-96409","1":"product","2":"type-product","3":"status-publish","4":"has-post-thumbnail","6":"product_cat-zenske-bluze-sportske","7":"pa_cviat-crno","8":"pa_razmer-l-hr","9":"pa_razmer-m-hr","10":"pa_razmer-s-hr-2","11":"inventories-world","12":"inventories-uk","14":"first","15":"instock","16":"taxable","17":"shipping-taxable","18":"purchasable","19":"product-type-variable"},"_links":{"self":[{"href":"https:\/\/staging6.peach-pump.com\/hr\/wp-json\/wp\/v2\/product\/96409","targetHints":{"allow":["GET"]}}],"collection":[{"href":"https:\/\/staging6.peach-pump.com\/hr\/wp-json\/wp\/v2\/product"}],"about":[{"href":"https:\/\/staging6.peach-pump.com\/hr\/wp-json\/wp\/v2\/types\/product"}],"replies":[{"embeddable":true,"href":"https:\/\/staging6.peach-pump.com\/hr\/wp-json\/wp\/v2\/comments?post=96409"}],"version-history":[{"count":0,"href":"https:\/\/staging6.peach-pump.com\/hr\/wp-json\/wp\/v2\/product\/96409\/revisions"}],"wp:featuredmedia":[{"embeddable":true,"href":"https:\/\/staging6.peach-pump.com\/hr\/wp-json\/wp\/v2\/media\/95512"}],"wp:attachment":[{"href":"https:\/\/staging6.peach-pump.com\/hr\/wp-json\/wp\/v2\/media?parent=96409"}],"wp:term":[{"taxonomy":"product_brand","embeddable":true,"href":"https:\/\/staging6.peach-pump.com\/hr\/wp-json\/wp\/v2\/product_brand?post=96409"},{"taxonomy":"product_cat","embeddable":true,"href":"https:\/\/staging6.peach-pump.com\/hr\/wp-json\/wp\/v2\/product_cat?post=96409"},{"taxonomy":"product_tag","embeddable":true,"href":"https:\/\/staging6.peach-pump.com\/hr\/wp-json\/wp\/v2\/product_tag?post=96409"}],"curies":[{"name":"wp","href":"https:\/\/api.w.org\/{rel}","templated":true}]}}