{"id":98612,"date":"2024-11-17T21:03:53","date_gmt":"2024-11-17T19:03:53","guid":{"rendered":"https:\/\/staging6.peach-pump.com\/products\/crni-kombinezon-jedna-naramenica\/"},"modified":"2025-11-10T17:02:29","modified_gmt":"2025-11-10T15:02:29","slug":"crni-kombinezon-jedna-naramenica","status":"publish","type":"product","link":"https:\/\/staging6.peach-pump.com\/hr\/products\/crni-kombinezon-jedna-naramenica\/","title":{"rendered":"Crni kombinezon s jednom naramenicom"},"content":{"rendered":"<p>Sportski crni kombinezon s jednom naramenicom. Model je izuzetno udoban i efektan, ima podstavu s lifting efektom koja se mo\u017ee skinuti. Gornji dio ima jednu naramenicu i otvor na struku za vrlo seksi izgled, na rubovima je bijelom bojom i ima toplinski zape\u010da\u0107en mali logo &#8220;Peach Pump&#8221;. Donji dio je bez \u0161avova sprijeda, \u0161to preferiraju dame, ima \u0161iroku gumicu s natpisom &#8220;Peach Pump&#8221;. Druga\u010diji kombinezon od elasti\u010dnog pletiva s kojim ne mo\u017eete pro\u0107i nezapa\u017eeno.    <\/p>\n<ul>\n<li>Jedna naramenica<\/li>\n<li>Postaca s lifting efektom<\/li>\n<li>Otvori na struku<\/li>\n<li>Bijeli rub<\/li>\n<li>Ravni \u0161avovi koji ne izazivaju iritacije<\/li>\n<li>Elasti\u010dna tkanina<\/li>\n<li>\u0160iroka elasti\u010dna gumica<\/li>\n<li>Toplinski zape\u010da\u0107en logo &#8220;Peach Pump&#8221; na donjem dijelu sprijeda i na struku<\/li>\n<li>Materijal koji odvodi vlagu od tijela<\/li>\n<\/ul>\n<p>Kombinezon se mo\u017ee prati na temperaturi do 30 stupnjeva, nemojte koristiti izbjeljiva\u010d, su\u0161iti u su\u0161ilici niti \u010distiti.<\/p>\n<p>Manekenka na fotografiji visoka je 178 cm, te\u0161ka 56 kg i nosi veli\u010dinu S.<\/p>\n<p>Koristite tablice za odabir to\u010dne veli\u010dine.<\/p>\n","protected":false},"excerpt":{"rendered":"<p>Sportski crni kombinezon s jednom naramenicom. Model je izuzetno udoban i efektan, ima podstavu s lifting efektom koja se mo\u017ee skinuti. Gornji dio ima jednu naramenicu i otvor na struku za vrlo seksi izgled, na rubovima je bijelom bojom i ima toplinski zape\u010da\u0107en mali logo &#8220;Peach Pump&#8221;. Donji dio je bez \u0161avova sprijeda, \u0161to preferiraju [&hellip;]<\/p>\n","protected":false},"featured_media":97979,"comment_status":"open","ping_status":"closed","template":"","meta":[],"product_brand":[],"product_cat":[342,1126,344],"product_tag":[],"class_list":{"0":"post-98612","1":"product","2":"type-product","3":"status-publish","4":"has-post-thumbnail","6":"product_cat-zenska-sportska-kombinacije","7":"product_cat-sportski-kombinezoni","8":"product_cat-sportski-kompleti-tajica","9":"pa_cviat-crno","10":"pa_razmer-l-hr","11":"pa_razmer-m-hr","12":"pa_razmer-s-hr-2","13":"inventories-world","14":"inventories-uk","16":"first","17":"instock","18":"taxable","19":"shipping-taxable","20":"purchasable","21":"product-type-variable"},"_links":{"self":[{"href":"https:\/\/staging6.peach-pump.com\/en\/wp-json\/wp\/v2\/product\/98612","targetHints":{"allow":["GET"]}}],"collection":[{"href":"https:\/\/staging6.peach-pump.com\/en\/wp-json\/wp\/v2\/product"}],"about":[{"href":"https:\/\/staging6.peach-pump.com\/en\/wp-json\/wp\/v2\/types\/product"}],"replies":[{"embeddable":true,"href":"https:\/\/staging6.peach-pump.com\/en\/wp-json\/wp\/v2\/comments?post=98612"}],"version-history":[{"count":0,"href":"https:\/\/staging6.peach-pump.com\/en\/wp-json\/wp\/v2\/product\/98612\/revisions"}],"wp:featuredmedia":[{"embeddable":true,"href":"https:\/\/staging6.peach-pump.com\/en\/wp-json\/wp\/v2\/media\/97979"}],"wp:attachment":[{"href":"https:\/\/staging6.peach-pump.com\/en\/wp-json\/wp\/v2\/media?parent=98612"}],"wp:term":[{"taxonomy":"product_brand","embeddable":true,"href":"https:\/\/staging6.peach-pump.com\/en\/wp-json\/wp\/v2\/product_brand?post=98612"},{"taxonomy":"product_cat","embeddable":true,"href":"https:\/\/staging6.peach-pump.com\/en\/wp-json\/wp\/v2\/product_cat?post=98612"},{"taxonomy":"product_tag","embeddable":true,"href":"https:\/\/staging6.peach-pump.com\/en\/wp-json\/wp\/v2\/product_tag?post=98612"}],"curies":[{"name":"wp","href":"https:\/\/api.w.org\/{rel}","templated":true}]}}