{"id":103588,"date":"2022-08-23T10:29:47","date_gmt":"2022-08-23T08:29:47","guid":{"rendered":"https:\/\/staging6.peach-pump.com\/szemelyes-adatok-torlese\/"},"modified":"2025-01-26T10:59:11","modified_gmt":"2025-01-26T08:59:11","slug":"szemelyes-adatok-torlese","status":"publish","type":"page","link":"https:\/\/staging6.peach-pump.com\/hu\/szemelyes-adatok-torlese\/","title":{"rendered":"Szem\u00e9lyes adatok t\u00f6rl\u00e9se"},"content":{"rendered":"<p>[vc_row][vc_column width=&#8221;1\/6&#8243;][\/vc_column][vc_column width=&#8221;2\/3&#8243;][vc_empty_space woodmart_hide_large=&#8221;0&#8243; woodmart_hide_medium=&#8221;0&#8243; woodmart_hide_small=&#8221;0&#8243;][woodmart_info_box alignment=&#8221;right&#8221; title_size=&#8221;large&#8221; title_font_weight=&#8221;800&#8243; subtitle_style=&#8221;background&#8221; wd_animation=&#8221;top-flip-x&#8221; woodmart_css_id=&#8221;6304ad3f46536&#8243; title=&#8221;\u0412\u0410\u0428\u0418\u0422\u0415 \u041b\u0418\u0427\u041d\u0418 \u0414\u0410\u041d\u041d\u0418 \u0421\u0410 \u0423\u0421\u041f\u0415\u0428\u041d\u041e \u0418\u0417\u0422\u0420\u0418\u0422\u0418&#8221; title_color=&#8221;eyJwYXJhbV90eXBlIjoid29vZG1hcnRfY29sb3JwaWNrZXIiLCJjc3NfYXJncyI6eyJjb2xvciI6WyIgLmluZm8tYm94LXRpdGxlIl19LCJzZWxlY3Rvcl9pZCI6IjYzMDRhZDNmNDY1MzYiLCJkYXRhIjp7ImRlc2t0b3AiOiIjNjMxZDE2In19&#8243; svg_animation=&#8221;yes&#8221; info_box_inline=&#8221;yes&#8221; responsive_spacing=&#8221;eyJwYXJhbV90eXBlIjoid29vZG1hcnRfcmVzcG9uc2l2ZV9zcGFjaW5nIiwic2VsZWN0b3JfaWQiOiI2MzA0YWQzZjQ2NTM2Iiwic2hvcnRjb2RlIjoid29vZG1hcnRfaW5mb19ib3giLCJkYXRhIjp7InRhYmxldCI6e30sIm1vYmlsZSI6e319fQ==&#8221; wd_z_index=&#8221;no&#8221; wd_hide_on_desktop=&#8221;no&#8221; wd_hide_on_tablet=&#8221;no&#8221; wd_hide_on_mobile=&#8221;no&#8221;][\/woodmart_info_box][\/vc_column][vc_column width=&#8221;1\/6&#8243;][\/vc_column][\/vc_row]<\/p>\n","protected":false},"excerpt":{"rendered":"<p>[vc_row][vc_column width=&#8221;1\/6&#8243;][\/vc_column][vc_column width=&#8221;2\/3&#8243;][vc_empty_space woodmart_hide_large=&#8221;0&#8243; woodmart_hide_medium=&#8221;0&#8243; woodmart_hide_small=&#8221;0&#8243;][woodmart_info_box alignment=&#8221;right&#8221; title_size=&#8221;large&#8221; title_font_weight=&#8221;800&#8243; subtitle_style=&#8221;background&#8221; wd_animation=&#8221;top-flip-x&#8221; woodmart_css_id=&#8221;6304ad3f46536&#8243; title=&#8221;\u0412\u0410\u0428\u0418\u0422\u0415 \u041b\u0418\u0427\u041d\u0418 \u0414\u0410\u041d\u041d\u0418 \u0421\u0410 \u0423\u0421\u041f\u0415\u0428\u041d\u041e \u0418\u0417\u0422\u0420\u0418\u0422\u0418&#8221; title_color=&#8221;eyJwYXJhbV90eXBlIjoid29vZG1hcnRfY29sb3JwaWNrZXIiLCJjc3NfYXJncyI6eyJjb2xvciI6WyIgLmluZm8tYm94LXRpdGxlIl19LCJzZWxlY3Rvcl9pZCI6IjYzMDRhZDNmNDY1MzYiLCJkYXRhIjp7ImRlc2t0b3AiOiIjNjMxZDE2In19&#8243; svg_animation=&#8221;yes&#8221; info_box_inline=&#8221;yes&#8221; responsive_spacing=&#8221;eyJwYXJhbV90eXBlIjoid29vZG1hcnRfcmVzcG9uc2l2ZV9zcGFjaW5nIiwic2VsZWN0b3JfaWQiOiI2MzA0YWQzZjQ2NTM2Iiwic2hvcnRjb2RlIjoid29vZG1hcnRfaW5mb19ib3giLCJkYXRhIjp7InRhYmxldCI6e30sIm1vYmlsZSI6e319fQ==&#8221; wd_z_index=&#8221;no&#8221; wd_hide_on_desktop=&#8221;no&#8221; wd_hide_on_tablet=&#8221;no&#8221; wd_hide_on_mobile=&#8221;no&#8221;][\/woodmart_info_box][\/vc_column][vc_column width=&#8221;1\/6&#8243;][\/vc_column][\/vc_row]<\/p>\n","protected":false},"author":1,"featured_media":0,"parent":0,"menu_order":0,"comment_status":"closed","ping_status":"closed","template":"","meta":{"footnotes":""},"class_list":["post-103588","page","type-page","status-publish","hentry"],"_links":{"self":[{"href":"https:\/\/staging6.peach-pump.com\/en\/wp-json\/wp\/v2\/pages\/103588","targetHints":{"allow":["GET"]}}],"collection":[{"href":"https:\/\/staging6.peach-pump.com\/en\/wp-json\/wp\/v2\/pages"}],"about":[{"href":"https:\/\/staging6.peach-pump.com\/en\/wp-json\/wp\/v2\/types\/page"}],"author":[{"embeddable":true,"href":"https:\/\/staging6.peach-pump.com\/en\/wp-json\/wp\/v2\/users\/1"}],"replies":[{"embeddable":true,"href":"https:\/\/staging6.peach-pump.com\/en\/wp-json\/wp\/v2\/comments?post=103588"}],"version-history":[{"count":0,"href":"https:\/\/staging6.peach-pump.com\/en\/wp-json\/wp\/v2\/pages\/103588\/revisions"}],"wp:attachment":[{"href":"https:\/\/staging6.peach-pump.com\/en\/wp-json\/wp\/v2\/media?parent=103588"}],"curies":[{"name":"wp","href":"https:\/\/api.w.org\/{rel}","templated":true}]}}