{"id":69941,"date":"2022-05-17T21:44:58","date_gmt":"2022-05-17T19:44:58","guid":{"rendered":"https:\/\/staging6.peach-pump.com\/adatvedelmi-szabalyzat\/"},"modified":"2025-02-09T19:05:06","modified_gmt":"2025-02-09T17:05:06","slug":"adatvedelmi-szabalyzat","status":"publish","type":"page","link":"https:\/\/staging6.peach-pump.com\/hu\/adatvedelmi-szabalyzat\/","title":{"rendered":"ADATV\u00c9DELMI SZAB\u00c1LYZAT"},"content":{"rendered":"\t\t<div data-elementor-type=\"wp-page\" data-elementor-id=\"69941\" class=\"elementor elementor-69941 elementor-3\" data-elementor-post-type=\"page\">\n\t\t\t\t<div class=\"elementor-element elementor-element-cf3d95c e-flex e-con-boxed e-con e-parent\" data-id=\"cf3d95c\" data-element_type=\"container\">\n\t\t\t\t\t<div class=\"e-con-inner\">\n\t\t\t\t<div class=\"elementor-element elementor-element-1dca528d elementor-widget elementor-widget-text-editor\" data-id=\"1dca528d\" data-element_type=\"widget\" data-widget_type=\"text-editor.default\">\n\t\t\t\t<div class=\"elementor-widget-container\">\n\t\t\t\t\t\t\t\t\t\n<p><strong>Az adatkezel\u0151re vonatkoz\u00f3 inform\u00e1ci\u00f3:<\/strong><\/p>\n\n\n\n<p>A &#8220;Peach Pump&#8221; Ltd. a Bolg\u00e1r K\u00f6zt\u00e1rsas\u00e1g kereskedelmi t\u00f6rv\u00e9nye szerint bejegyzett t\u00e1rsas\u00e1g, UIC 206826362, c\u00edme. V\u00e1rna, ul. &#8220;Graf Ignatiev&#8221; 32,, e-mail c\u00edm: office@staging3.staging6.peach-pump.com,<\/p>\n\n\n\n<p>A Peach Pump az adatv\u00e9delmi t\u00f6rv\u00e9ny \u00e9s az Eur\u00f3pai Parlament \u00e9s a Tan\u00e1cs (EU) 2016\/679 rendelete (2016. \u00e1prilis 27.) (&#8220;EU \u00e1ltal\u00e1nos adatv\u00e9delmi rendelet&#8221; vagy &#8220;GDPR&#8221;) alapj\u00e1n folytat tev\u00e9kenys\u00e9get.<\/p>\n\n\n\n<p>C\u00e9lok, amelyek \u00e9rdek\u00e9ben a Peach Pump \u00f6sszegy\u0171jti \u00e9s feldolgozza az \u00d6n szem\u00e9lyes adatait:<\/p>\n\n\n\n<ul>\n<li>a szerz\u0151d\u00e9sben foglalt k\u00f6telezetts\u00e9gek teljes\u00edt\u00e9se c\u00e9lj\u00e1b\u00f3l<\/li>\n<li>sz\u00e1mviteli \u00e9s kereskedelmi c\u00e9lokra<\/li>\n<li>\u043carketing<\/li>\n<li>az \u00d6n szem\u00e9lyazonoss\u00e1g\u00e1nak meg\u00e1llap\u00edt\u00e1sa;<\/li>\n<li>a jogellenes vagy a felt\u00e9teleinkkel ellent\u00e9tes cselekm\u00e9nyek kisz\u0171r\u00e9se \u00e9s\/vagy megakad\u00e1lyoz\u00e1sa<\/li>\n<li>az inform\u00e1ci\u00f3biztons\u00e1g v\u00e9delme<\/li>\n<li>a honlapunk funkcionalit\u00e1s\u00e1nak biztos\u00edt\u00e1sa;<\/li>\n<li>profil l\u00e9trehoz\u00e1sa a szolg\u00e1ltat\u00e1s haszn\u00e1lat\u00e1hoz &#8211; az \u00d6n azonos\u00edt\u00e1sa \u00e9s a szolg\u00e1ltat\u00e1s ny\u00fajt\u00e1sa \u00e9rdek\u00e9ben;<\/li>\n<li>lehet\u0151s\u00e9get k\u00edn\u00e1lunk arra, hogy a Facebook-profilj\u00e1n kereszt\u00fcl regisztr\u00e1ljon fi\u00f3kot a Peach Pumpn\u00e1l. A Facebook adatv\u00e9delmi szab\u00e1lyzat\u00e1t az al\u00e1bbi linkek seg\u00edts\u00e9g\u00e9vel tekintheti meg:<\/li>\n<\/ul>\n\n\n\n<p><a href=\"https:\/\/www.facebook.com\/about\/privacy\" target=\"_blank\" rel=\"noopener\">https:\/\/www.facebook.com\/about\/privacy<\/a><\/p>\n\n\n\n<p>A Peach Pump a k\u00f6vetkez\u0151 szem\u00e9lyes adatokat gy\u0171jti \u00e9s dolgozza fel azonos\u00edt\u00e1s meger\u0151s\u00edt\u00e9se c\u00e9lj\u00e1b\u00f3l: n\u00e9v, c\u00edm, e-mail c\u00edm, telefonsz\u00e1m, IP-c\u00edm stb.<\/p>\n<p>Szem\u00e9lyes adatait itt t\u00f6r\u00f6lheti: <a href=\"https:\/\/staging3.staging6.peach-pump.com\/en\/deleting-personal-data\/\">Szem\u00e9lyes adatok t\u00f6rl\u00e9se &#8211; Peach Pump (staging3.staging6.peach-pump.com)<\/a><\/p>\n\t\t\t\t\t\t\t\t<\/div>\n\t\t\t\t<\/div>\n\t\t\t\t\t<\/div>\n\t\t\t\t<\/div>\n\t\t\t\t<\/div>\n\t\t","protected":false},"excerpt":{"rendered":"<p>Az adatkezel\u0151re vonatkoz\u00f3 inform\u00e1ci\u00f3: A &#8220;Peach Pump&#8221; Ltd. a Bolg\u00e1r K\u00f6zt\u00e1rsas\u00e1g kereskedelmi t\u00f6rv\u00e9nye szerint bejegyzett t\u00e1rsas\u00e1g, UIC 206826362, c\u00edme. V\u00e1rna, ul. &#8220;Graf Ignatiev&#8221; 32,, e-mail c\u00edm: office@staging3.staging6.peach-pump.com, A Peach Pump az adatv\u00e9delmi t\u00f6rv\u00e9ny \u00e9s az Eur\u00f3pai Parlament \u00e9s a Tan\u00e1cs (EU) 2016\/679 rendelete (2016. \u00e1prilis 27.) (&#8220;EU \u00e1ltal\u00e1nos adatv\u00e9delmi rendelet&#8221; vagy &#8220;GDPR&#8221;) alapj\u00e1n folytat tev\u00e9kenys\u00e9get. [&hellip;]<\/p>\n","protected":false},"author":1,"featured_media":0,"parent":0,"menu_order":0,"comment_status":"closed","ping_status":"closed","template":"","meta":{"footnotes":""},"class_list":["post-69941","page","type-page","status-publish","hentry"],"_links":{"self":[{"href":"https:\/\/staging6.peach-pump.com\/en\/wp-json\/wp\/v2\/pages\/69941","targetHints":{"allow":["GET"]}}],"collection":[{"href":"https:\/\/staging6.peach-pump.com\/en\/wp-json\/wp\/v2\/pages"}],"about":[{"href":"https:\/\/staging6.peach-pump.com\/en\/wp-json\/wp\/v2\/types\/page"}],"author":[{"embeddable":true,"href":"https:\/\/staging6.peach-pump.com\/en\/wp-json\/wp\/v2\/users\/1"}],"replies":[{"embeddable":true,"href":"https:\/\/staging6.peach-pump.com\/en\/wp-json\/wp\/v2\/comments?post=69941"}],"version-history":[{"count":0,"href":"https:\/\/staging6.peach-pump.com\/en\/wp-json\/wp\/v2\/pages\/69941\/revisions"}],"wp:attachment":[{"href":"https:\/\/staging6.peach-pump.com\/en\/wp-json\/wp\/v2\/media?parent=69941"}],"curies":[{"name":"wp","href":"https:\/\/api.w.org\/{rel}","templated":true}]}}