{"id":100182,"date":"2024-12-10T18:17:15","date_gmt":"2024-12-10T16:17:15","guid":{"rendered":"https:\/\/staging6.peach-pump.com\/products\/bezs-szinu-teli-sapka\/"},"modified":"2025-11-03T13:16:25","modified_gmt":"2025-11-03T11:16:25","slug":"bezs-szinu-teli-sapka","status":"publish","type":"product","link":"https:\/\/staging6.peach-pump.com\/hu\/products\/bezs-szinu-teli-sapka\/","title":{"rendered":"B\u00e9zs t\u00e9li beanie sapka h\u00edmzett log\u00f3val"},"content":{"rendered":"<p>B\u00e9zs sz\u00edn\u0171 t\u00e9li beanie sapka a &#8220;Peach Pump&#8221; kollekci\u00f3b\u00f3l, el\u00f6l h\u00edmzett 3D log\u00f3val. A sapka rugalmas kialak\u00edt\u00e1s\u00fa, rendk\u00edv\u00fcl puha \u00e9s kellemes tapint\u00e1s\u00fa anyagb\u00f3l k\u00e9sz\u00fclt. Az als\u00f3 r\u00e9sz felhajt\u00e1sa tov\u00e1bbi v\u00e9delmet ny\u00fajt a hideg ellen. A sapka k\u00fcl\u00f6nb\u00f6z\u0151, az \u00e9vszakhoz ill\u0151 sz\u00ednekben kaphat\u00f3. Ez a modell t\u00f6k\u00e9letes kieg\u00e9sz\u00edt\u0151je a t\u00e9li ruh\u00e1zat\u00e1nak.    <\/p>\n<ul>\n<li>Rugalmas, puha tapint\u00e1s\u00fa anyag<\/li>\n<li>H\u00edmzett 3D log\u00f3 az el\u00fcls\u0151 r\u00e9szen<\/li>\n<li>Divatos kialak\u00edt\u00e1s<\/li>\n<li>K\u00f6zepes vastags\u00e1g\u00fa k\u00f6t\u00e9s<\/li>\n<\/ul>\n","protected":false},"excerpt":{"rendered":"<p>B\u00e9zs sz\u00edn\u0171 t\u00e9li beanie sapka a &#8220;Peach Pump&#8221; kollekci\u00f3b\u00f3l, el\u00f6l h\u00edmzett 3D log\u00f3val. A sapka rugalmas kialak\u00edt\u00e1s\u00fa, rendk\u00edv\u00fcl puha \u00e9s kellemes tapint\u00e1s\u00fa anyagb\u00f3l k\u00e9sz\u00fclt. Az als\u00f3 r\u00e9sz felhajt\u00e1sa tov\u00e1bbi v\u00e9delmet ny\u00fajt a hideg ellen. A sapka k\u00fcl\u00f6nb\u00f6z\u0151, az \u00e9vszakhoz ill\u0151 sz\u00ednekben kaphat\u00f3. Ez a modell t\u00f6k\u00e9letes kieg\u00e9sz\u00edt\u0151je a t\u00e9li ruh\u00e1zat\u00e1nak. Rugalmas, puha tapint\u00e1s\u00fa anyag H\u00edmzett [&hellip;]<\/p>\n","protected":false},"featured_media":98897,"comment_status":"open","ping_status":"closed","template":"","meta":[],"product_brand":[],"product_cat":[926],"product_tag":[],"class_list":{"0":"post-100182","1":"product","2":"type-product","3":"status-publish","4":"has-post-thumbnail","6":"product_cat-noi-sport-kiegeszitok","7":"pa_cviat-bezs","8":"pa_razmer-one-size-hu","9":"inventories-world","10":"inventories-uk","12":"first","13":"instock","14":"taxable","15":"shipping-taxable","16":"purchasable","17":"product-type-variable"},"_links":{"self":[{"href":"https:\/\/staging6.peach-pump.com\/en\/wp-json\/wp\/v2\/product\/100182","targetHints":{"allow":["GET"]}}],"collection":[{"href":"https:\/\/staging6.peach-pump.com\/en\/wp-json\/wp\/v2\/product"}],"about":[{"href":"https:\/\/staging6.peach-pump.com\/en\/wp-json\/wp\/v2\/types\/product"}],"replies":[{"embeddable":true,"href":"https:\/\/staging6.peach-pump.com\/en\/wp-json\/wp\/v2\/comments?post=100182"}],"version-history":[{"count":0,"href":"https:\/\/staging6.peach-pump.com\/en\/wp-json\/wp\/v2\/product\/100182\/revisions"}],"wp:featuredmedia":[{"embeddable":true,"href":"https:\/\/staging6.peach-pump.com\/en\/wp-json\/wp\/v2\/media\/98897"}],"wp:attachment":[{"href":"https:\/\/staging6.peach-pump.com\/en\/wp-json\/wp\/v2\/media?parent=100182"}],"wp:term":[{"taxonomy":"product_brand","embeddable":true,"href":"https:\/\/staging6.peach-pump.com\/en\/wp-json\/wp\/v2\/product_brand?post=100182"},{"taxonomy":"product_cat","embeddable":true,"href":"https:\/\/staging6.peach-pump.com\/en\/wp-json\/wp\/v2\/product_cat?post=100182"},{"taxonomy":"product_tag","embeddable":true,"href":"https:\/\/staging6.peach-pump.com\/en\/wp-json\/wp\/v2\/product_tag?post=100182"}],"curies":[{"name":"wp","href":"https:\/\/api.w.org\/{rel}","templated":true}]}}