{"id":100287,"date":"2024-12-17T21:51:26","date_gmt":"2024-12-17T19:51:26","guid":{"rendered":"https:\/\/staging6.peach-pump.com\/products\/noi-leggings-zsebekkel-bezs-szinu\/"},"modified":"2025-11-09T18:07:45","modified_gmt":"2025-11-09T16:07:45","slug":"noi-leggings-zsebekkel-bezs-szinu","status":"publish","type":"product","link":"https:\/\/staging6.peach-pump.com\/hu\/products\/noi-leggings-zsebekkel-bezs-szinu\/","title":{"rendered":"B\u00e9zs sz\u00edn\u0171 leggings zsebekkel \u00e9s alakform\u00e1l\u00f3 hat\u00e1ssal"},"content":{"rendered":"<p>B\u00e9zs sz\u00edn\u0171 n\u0151i leggings zsebekkel \u00e9s form\u00e1l\u00f3 hat\u00e1ssal. Ez a modell rugalmas, puha tapint\u00e1s\u00fa anyagb\u00f3l k\u00e9sz\u00fclt, amely t\u00f6k\u00e9letesen szor\u00edtja \u00e9s form\u00e1lja a testet, \u00e9s k\u00e9t oldalzsebbel rendelkezik, amelyek alkalmasak telefon vagy fitneszk\u00e1rtya t\u00e1rol\u00e1s\u00e1ra, \u00edgy k\u00e9nyelmet biztos\u00edtanak az edz\u00e9s sor\u00e1n. A leggings varr\u00e1s n\u00e9lk\u00fcli, rendk\u00edv\u00fcl tart\u00f3s anyagb\u00f3l k\u00e9sz\u00fclt, amely nem tartja meg a nedvess\u00e9get a testben, form\u00e1l\u00f3, szor\u00edt\u00f3 \u00e9s emel\u0151 hat\u00e1ssal rendelkezik. A sz\u00e9les der\u00e9ksz\u00edj finoman szor\u00edtja a derekat \u00e9s form\u00e1lja a sziluettet. Garant\u00e1ltan ez a legk\u00e9nyelmesebb leggings modell. T\u00f6bb sz\u00ednben kaphat\u00f3, t\u00f6k\u00e9letesen kombin\u00e1lhat\u00f3 az azonos sz\u00edn\u0171 sportmelltart\u00f3val vagy m\u00e1s fels\u0151inkkel \u00e9s dzsekijeinkkel.     <\/p>\n<ul>\n<li>Magas\u00edtott der\u00e9k<\/li>\n<li>K\u00e9t oldalzseb<\/li>\n<li>Varr\u00e1smentes anyag<\/li>\n<li>Emel, form\u00e1l \u00e9s feszes\u00edt<\/li>\n<li>Elrejti a probl\u00e9m\u00e1s r\u00e9szeket<\/li>\n<li>Peachy hat\u00e1s<\/li>\n<li>H\u0151pr\u00e9ssel r\u00f6gz\u00edtett Peach Pump log\u00f3 a leggings h\u00e1toldal\u00e1n<\/li>\n<li>H\u0151pr\u00e9ssel r\u00f6gz\u00edtett Peach Pump log\u00f3 a zseb el\u00fcls\u0151 r\u00e9sz\u00e9n<\/li>\n<li>Varr\u00e1smentes nedvess\u00e9glevezet\u0151 anyag<\/li>\n<\/ul>\n<p>Anyag\u00f6sszet\u00e9tel: 80% poli\u00e9szter, 20% elaszt\u00e1n<\/p>\n<p>A leggings k\u00edm\u00e9l\u0151 mos\u00e1ssal, legfeljebb 30 fokon moshat\u00f3. K\u00e9rj\u00fck, a tiszt\u00edt\u00e1s sor\u00e1n ne haszn\u00e1ljon feh\u00e9r\u00edt\u0151t vagy vegyi tiszt\u00edt\u00f3szereket.<\/p>\n<p>A k\u00e9pen l\u00e1that\u00f3 modell 178 cm magas, 55 kg s\u00faly\u00fa, \u00e9s M-es m\u00e9retet visel. <\/p>\n<p>A pontos m\u00e9ret kiv\u00e1laszt\u00e1s\u00e1hoz, k\u00e9rj\u00fck haszn\u00e1lja a m\u00e9rett\u00e1bl\u00e1zatokat.<\/p>\n","protected":false},"excerpt":{"rendered":"<p>B\u00e9zs sz\u00edn\u0171 n\u0151i leggings zsebekkel \u00e9s form\u00e1l\u00f3 hat\u00e1ssal. Ez a modell rugalmas, puha tapint\u00e1s\u00fa anyagb\u00f3l k\u00e9sz\u00fclt, amely t\u00f6k\u00e9letesen szor\u00edtja \u00e9s form\u00e1lja a testet, \u00e9s k\u00e9t oldalzsebbel rendelkezik, amelyek alkalmasak telefon vagy fitneszk\u00e1rtya t\u00e1rol\u00e1s\u00e1ra, \u00edgy k\u00e9nyelmet biztos\u00edtanak az edz\u00e9s sor\u00e1n. A leggings varr\u00e1s n\u00e9lk\u00fcli, rendk\u00edv\u00fcl tart\u00f3s anyagb\u00f3l k\u00e9sz\u00fclt, amely nem tartja meg a nedvess\u00e9get a testben, [&hellip;]<\/p>\n","protected":false},"featured_media":99590,"comment_status":"open","ping_status":"closed","template":"","meta":[],"product_brand":[],"product_cat":[191,304,142],"product_tag":[],"class_list":{"0":"post-100287","1":"product","2":"type-product","3":"status-publish","4":"has-post-thumbnail","6":"product_cat-leggings-zsebekkel","7":"product_cat-noi-leggings-hosszu","8":"product_cat-noi-sport-leggings-fitnesz","9":"pa_cviat-bezs","10":"pa_razmer-l-hu-2","11":"pa_razmer-m-hu","12":"pa_razmer-s-hu-2","13":"inventories-world","14":"inventories-uk","16":"first","17":"instock","18":"taxable","19":"shipping-taxable","20":"purchasable","21":"product-type-variable"},"_links":{"self":[{"href":"https:\/\/staging6.peach-pump.com\/hu\/wp-json\/wp\/v2\/product\/100287","targetHints":{"allow":["GET"]}}],"collection":[{"href":"https:\/\/staging6.peach-pump.com\/hu\/wp-json\/wp\/v2\/product"}],"about":[{"href":"https:\/\/staging6.peach-pump.com\/hu\/wp-json\/wp\/v2\/types\/product"}],"replies":[{"embeddable":true,"href":"https:\/\/staging6.peach-pump.com\/hu\/wp-json\/wp\/v2\/comments?post=100287"}],"version-history":[{"count":0,"href":"https:\/\/staging6.peach-pump.com\/hu\/wp-json\/wp\/v2\/product\/100287\/revisions"}],"wp:featuredmedia":[{"embeddable":true,"href":"https:\/\/staging6.peach-pump.com\/hu\/wp-json\/wp\/v2\/media\/99590"}],"wp:attachment":[{"href":"https:\/\/staging6.peach-pump.com\/hu\/wp-json\/wp\/v2\/media?parent=100287"}],"wp:term":[{"taxonomy":"product_brand","embeddable":true,"href":"https:\/\/staging6.peach-pump.com\/hu\/wp-json\/wp\/v2\/product_brand?post=100287"},{"taxonomy":"product_cat","embeddable":true,"href":"https:\/\/staging6.peach-pump.com\/hu\/wp-json\/wp\/v2\/product_cat?post=100287"},{"taxonomy":"product_tag","embeddable":true,"href":"https:\/\/staging6.peach-pump.com\/hu\/wp-json\/wp\/v2\/product_tag?post=100287"}],"curies":[{"name":"wp","href":"https:\/\/api.w.org\/{rel}","templated":true}]}}